{"id":9797,"date":"2025-02-03T13:38:13","date_gmt":"2025-02-03T12:38:13","guid":{"rendered":"https:\/\/pianeta.extrawebapp.it\/formazione\/?page_id=9797"},"modified":"2025-05-09T09:39:44","modified_gmt":"2025-05-09T07:39:44","slug":"greening-people-formazione-permanente-per-le-filiere-green-dellemilia-romagna-2","status":"publish","type":"page","link":"https:\/\/pianeta.extrawebapp.it\/formazione\/greening-people-formazione-permanente-per-le-filiere-green-dellemilia-romagna-2\/","title":{"rendered":"Greening Business \u2013 formazione continua e accompagnamento per le filiere green dell\u2019Emilia Romagna"},"content":{"rendered":"<section class=\"wpb-content-wrapper\"><p>[vc_row][vc_column][\/vc_column][\/vc_row][vc_row type=&#8221;vc_default&#8221; gap=&#8221;35&#8243; equal_height=&#8221;yes&#8221; content_placement=&#8221;middle&#8221;][vc_column]<div id=\"ultimate-heading-109569f9cee0e6f6a\" class=\"uvc-heading ult-adjust-bottom-margin ultimate-heading-109569f9cee0e6f6a uvc-8086  uvc-heading-default-font-sizes\" data-hspacer=\"no_spacer\"  data-halign=\"left\" style=\"text-align:left\"><div class=\"uvc-heading-spacer no_spacer\" style=\"top\"><\/div><div class=\"uvc-main-heading ult-responsive\"  data-ultimate-target='.uvc-heading.ultimate-heading-109569f9cee0e6f6a h2'  data-responsive-json-new='{\"font-size\":\"\",\"line-height\":\"\"}' ><h2 style=\"--font-weight:theme;\">Greening Business \u2013 formazione continua e accompagnamento per le filiere green dell\u2019Emilia Romagna<\/h2><\/div><\/div>[vc_separator color=&#8221;custom&#8221; border_width=&#8221;2&#8243; accent_color=&#8221;#333333&#8243;][vc_column_text]<\/p>\n<div class=\"vc_row wpb_row section vc_row-fluid vc_inner \">\n<div class=\" full_section_inner clearfix\">\n<div class=\"wpb_column vc_column_container vc_col-sm-12\">\n<div class=\"vc_column-inner\">\n<div class=\"wpb_wrapper\">\n<div class=\"wpb_text_column wpb_content_element \">\n<div class=\"wpb_wrapper\">\n<p>RIF.PA 2024-22617\/RER approvata con Delibera di Giunta Regionale n. 1914 del 14\/10\/2024 e realizzata grazie ai Fondi Europei della Regione Emilia-Romagna<\/p>\n<\/div>\n<\/div>\n<\/div>\n<\/div>\n<\/div>\n<\/div>\n<\/div>\n<p>[\/vc_column_text][\/vc_column][\/vc_row][vc_row type=&#8221;vc_default&#8221;][vc_column offset=&#8221;vc_col-lg-12 vc_col-md-12 vc_col-xs-12&#8243; css=&#8221;.vc_custom_1588148380388{margin-bottom: 50px !important;}&#8221;][vc_single_image image=&#8221;8317&#8243; img_size=&#8221;full&#8221; alignment=&#8221;center&#8221;][vc_column_text]L\u2019Operazione \u201cGreening Business\u201d rappresenta un\u2019occasione unica per le imprese emiliano-romagnole che vogliono crescere e innovare affrontando con successo le sfide della transizione ecologica e digitale. Attraverso progetti dedicati, relativi all\u2019implementazione, mantenimento e certificazione di sistemi di gestione a vari livelli, le aziende potranno acquisire competenze per migliorare la gestione interna, ottimizzare i processi e rafforzare la propria competitivit\u00e0 sul mercato.<\/p>\n<p>La formazione proposta permette di implementare sistemi di gestione sostenibili, valorizzare la reputazione aziendale e migliorare le relazioni con stakeholder e partner.<\/p>\n<p>&nbsp;<\/p>\n<p>Per le imprese che aderiranno ai percorsi formativi, l\u2019Operazione prevede anche supporto pratico attraverso <strong>progetti di accompagnamento personalizzati<\/strong>.<\/p>\n<p>&nbsp;<\/p>\n<p>PARTECIPARE SIGNIFICA ACQUISIRE STRUMENTI CONCRETI PER INNOVARE, MIGLIORARE L\u2019EFFICIENZA OPERATIVA E CREARE VALORE, POSIZIONANDO L\u2019IMPRESA TRA I LEADER DELLA SOSTENIBILIT\u00c0 E DELLO SVILUPPO RESPONSABILE.<\/p>\n<p>LA PARTECIPAZIONE E\u2019 APERTA A TUTTE LE AZIENDE CON SEDE LEGALE E\/O OPERATIVA IN REGIONE EMILIA ROMAGNA ad eccezione di quelle con i codici ATECO PRIMARI:<\/p>\n<p>78: &#8220;Attivit\u00e0 di ricerca, selezione, fornitura di personale\u201d<\/p>\n<p>84: \u201cAmministrazione pubblica e difesa; assicurazione sociale obbligatoria\u201d<\/p>\n<p>85: \u201cIstruzione\u201d<\/p>\n<p>Per il settore A (Agricoltura, Silvicoltura e pesca) l\u2019ammissibilit\u00e0 \u00e8 condizionata al possesso di un codice ATECO secondario in ambito differente, coerente con i criteri di eligibilit\u00e0 della presente Operazione.<\/p>\n<p>&nbsp;<\/p>\n<p>Sono richieste in ingresso conoscenze e competenze riportate nelle singole schede dei corsi.<\/p>\n<h2 style=\"text-align: center;\"><strong><span style=\"color: #339966;\">TUTTI I CORSI SONO GRATUITI<\/span><\/strong><\/h2>\n<p><strong>Pianeta Sicurezza Srl<\/strong> si impegna a erogare le attivit\u00e0 approvate nelle province di Forl\u00ec-Cesena, Reggio nell&#8217;Emilia, Modena, Bologna, Rimini e Parma.<\/p>\n<p>&nbsp;<\/p>\n<div class=\"elementor-element elementor-element-716fa3d elementor-widget elementor-widget-heading\" data-id=\"716fa3d\" data-element_type=\"widget\" data-widget_type=\"heading.default\">\n<div class=\"elementor-widget-container\">\n<h3 class=\"elementor-heading-title elementor-size-default\" style=\"text-align: center;\">I corsi, <em>in partenza a marzo 2025<\/em>, sono disponibili in modalit\u00e0 aula e\/o videoconferenza sincrona<\/h3>\n<\/div>\n<\/div>\n<div><\/div>\n<div class=\"elementor-element elementor-element-8bacacc elementor-widget elementor-widget-text-editor\" data-id=\"8bacacc\" data-element_type=\"widget\" data-widget_type=\"text-editor.default\">\n<h4 class=\"elementor-widget-container\" style=\"text-align: center;\">Vuoi conoscere la nostra offerta di corsi? Esplora gli ambiti tematici del nostro catalogo corsi!<\/h4>\n<\/div>\n<p>[\/vc_column_text][\/vc_column][\/vc_row][vc_row type=&#8221;vc_default&#8221;][vc_column offset=&#8221;vc_col-lg-12 vc_col-md-12 vc_col-xs-12&#8243; css=&#8221;.vc_custom_1588148380388{margin-bottom: 50px !important;}&#8221;][vc_column_text]<\/p>\n<ol>\n<li><a href=\"https:\/\/pianeta.extrawebapp.it\/formazione\/greening-people-formazione-permanente-per-le-filiere-green-dellemilia-romagna-2\/lil-sistema-integrato-qualita-ambiente-sicurezza\/\"><strong>IL SISTEMA INTEGRATO QUALIT\u00c0 AMBIENTE SICUREZZA <\/strong><\/a><\/li>\n<li><a href=\"https:\/\/pianeta.extrawebapp.it\/formazione\/greening-people-formazione-permanente-per-le-filiere-green-dellemilia-romagna-2\/esg-e-rendicontazione-non-finanziaria\/\"><strong>ESG E RENDICONTAZIONE NON FINANZIARIA<\/strong><\/a><\/li>\n<li><a href=\"https:\/\/pianeta.extrawebapp.it\/formazione\/greening-people-formazione-permanente-per-le-filiere-green-dellemilia-romagna-2\/diversity-inclusion-e-parita-di-genere\/\"><strong>DIVERSITY&amp;INCLUSION E PARIT\u00c0 DI GENERE<\/strong><\/a><\/li>\n<li><a href=\"https:\/\/pianeta.extrawebapp.it\/formazione\/greening-people-formazione-permanente-per-le-filiere-green-dellemilia-romagna-2\/progettare-sistemi-di-gestione-della-sicurezza-secondo-la-iso-45001\/\"><strong>PROGETTARE SISTEMI DI GESTIONE DELLA SICUREZZA SECONDO LA ISO 45001 <\/strong><\/a><\/li>\n<li><a href=\"https:\/\/pianeta.extrawebapp.it\/formazione\/greening-people-formazione-permanente-per-le-filiere-green-dellemilia-romagna-2\/finanza-e-progetti-di-investimento-per-la-transizione-ecologica-e-digitale\/\"><strong>FINANZA E PROGETTI DI INVESTIMENTO PER LA TRANSIZIONE ECOLOGICA E DIGITALE <\/strong><\/a><\/li>\n<li><a href=\"https:\/\/pianeta.extrawebapp.it\/formazione\/greening-people-formazione-permanente-per-le-filiere-green-dellemilia-romagna-2\/green-marketing-e-leve-competitive-per-limpresa-al-tempo-della-transizione-ecologica\/\"><strong>GREEN MARKETING E LEVE COMPETITIVE PER L&#8217;IMPRESA AL TEMPO DELLA TRANSIZIONE ECOLOGICA<\/strong><\/a> &#8211; <strong><span style=\"color: #ff0000;\">ISCRIZIONI AL COMPLETO<\/span><\/strong><\/li>\n<li><a href=\"https:\/\/pianeta.extrawebapp.it\/formazione\/greening-people-formazione-permanente-per-le-filiere-green-dellemilia-romagna-2\/carbon-footprint\/\"><strong>CARBON FOOTPRINT<\/strong><\/a><\/li>\n<li><a href=\"https:\/\/pianeta.extrawebapp.it\/formazione\/greening-people-formazione-permanente-per-le-filiere-green-dellemilia-romagna-2\/accompagnamento-alla-realizzazione-di-progetti-per-limplementazione-di-sga-e-la-transizione-ecologica\/\"><strong>ACCOMPAGNAMENTO ALLA REALIZZAZIONE DI PROGETTI PER L&#8217;IMPLEMENTAZIONE DI SGA E LA TRANSIZIONE ECOLOGICA<\/strong><\/a><\/li>\n<\/ol>\n<p>Per ulteriori informazioni rivolgersi a:<\/p>\n<p>Dott.ssa Rosa Anna Casalino &#8211; Dott.ssa Pamela Cafagna<br \/>\nTel. 0547-1825179<br \/>\nE-mail:<span style=\"color: #0000ff;\"> <a style=\"color: #0000ff;\" href=\"mailto:rosaanna.casalino@pianetasicurezza.it\">rosaanna.casalino@pianetasicurezza.it<\/a> &#8211; pamela.cafagna@pianetasicurezza.it\u00a0<\/span>[\/vc_column_text][\/vc_column][\/vc_row][vc_row][vc_column][vc_single_image image=&#8221;9740&#8243; img_size=&#8221;full&#8221;][\/vc_column][\/vc_row]<\/p>\n<\/section>","protected":false},"excerpt":{"rendered":"<p>[vc_row][vc_column][\/vc_column][\/vc_row][vc_row type=&#8221;vc_default&#8221; gap=&#8221;35&#8243; equal_height=&#8221;yes&#8221; content_placement=&#8221;middle&#8221;][vc_column][vc_separator color=&#8221;custom&#8221; border_width=&#8221;2&#8243; accent_color=&#8221;#333333&#8243;][vc_column_text] RIF.PA 2024-22617\/RER approvata con Delibera di Giunta Regionale n. 1914 del 14\/10\/2024&hellip;<\/p>\n","protected":false},"author":6,"featured_media":0,"parent":0,"menu_order":49,"comment_status":"closed","ping_status":"closed","template":"","meta":{"_acf_changed":false,"inline_featured_image":false,"_lmt_disableupdate":"no","_lmt_disable":"","footnotes":""},"class_list":["post-9797","page","type-page","status-publish","hentry","description-off"],"acf":[],"yoast_head":"<!-- This site is optimized with the Yoast SEO plugin v21.2 - https:\/\/yoast.com\/wordpress\/plugins\/seo\/ -->\n<title>Greening Business \u2013 formazione continua e accompagnamento per le filiere green dell\u2019Emilia Romagna<\/title>\n<meta name=\"robots\" content=\"index, follow, max-snippet:-1, max-image-preview:large, max-video-preview:-1\" \/>\n<link rel=\"canonical\" href=\"https:\/\/www.pianetasicurezza.it\/formazione\/greening-people-formazione-permanente-per-le-filiere-green-dellemilia-romagna-2\/\" \/>\n<meta property=\"og:locale\" content=\"it_IT\" \/>\n<meta property=\"og:type\" content=\"article\" \/>\n<meta property=\"og:title\" content=\"Greening Business \u2013 formazione continua e accompagnamento per le filiere green dell\u2019Emilia Romagna\" \/>\n<meta property=\"og:description\" content=\"[vc_row][vc_column][\/vc_column][\/vc_row][vc_row type=&#8221;vc_default&#8221; gap=&#8221;35&#8243; equal_height=&#8221;yes&#8221; content_placement=&#8221;middle&#8221;][vc_column][vc_separator color=&#8221;custom&#8221; border_width=&#8221;2&#8243; accent_color=&#8221;#333333&#8243;][vc_column_text] RIF.PA 2024-22617\/RER approvata con Delibera di Giunta Regionale n. 1914 del 14\/10\/2024&hellip;\" \/>\n<meta property=\"og:url\" content=\"https:\/\/www.pianetasicurezza.it\/formazione\/greening-people-formazione-permanente-per-le-filiere-green-dellemilia-romagna-2\/\" \/>\n<meta property=\"og:site_name\" content=\"Formazione | Pianeta Sicurezza Srl\" \/>\n<meta property=\"article:modified_time\" content=\"2025-05-09T07:39:44+00:00\" \/>\n<meta name=\"twitter:card\" content=\"summary_large_image\" \/>\n<meta name=\"twitter:label1\" content=\"Tempo di lettura stimato\" \/>\n\t<meta name=\"twitter:data1\" content=\"3 minuti\" \/>\n<script type=\"application\/ld+json\" class=\"yoast-schema-graph\">{\"@context\":\"https:\/\/schema.org\",\"@graph\":[{\"@type\":\"WebPage\",\"@id\":\"https:\/\/www.pianetasicurezza.it\/formazione\/greening-people-formazione-permanente-per-le-filiere-green-dellemilia-romagna-2\/\",\"url\":\"https:\/\/www.pianetasicurezza.it\/formazione\/greening-people-formazione-permanente-per-le-filiere-green-dellemilia-romagna-2\/\",\"name\":\"Greening Business \u2013 formazione continua e accompagnamento per le filiere green dell\u2019Emilia Romagna\",\"isPartOf\":{\"@id\":\"https:\/\/www.pianetasicurezza.it\/formazione\/#website\"},\"datePublished\":\"2025-02-03T12:38:13+00:00\",\"dateModified\":\"2025-05-09T07:39:44+00:00\",\"breadcrumb\":{\"@id\":\"https:\/\/www.pianetasicurezza.it\/formazione\/greening-people-formazione-permanente-per-le-filiere-green-dellemilia-romagna-2\/#breadcrumb\"},\"inLanguage\":\"it-IT\",\"potentialAction\":[{\"@type\":\"ReadAction\",\"target\":[\"https:\/\/www.pianetasicurezza.it\/formazione\/greening-people-formazione-permanente-per-le-filiere-green-dellemilia-romagna-2\/\"]}]},{\"@type\":\"BreadcrumbList\",\"@id\":\"https:\/\/www.pianetasicurezza.it\/formazione\/greening-people-formazione-permanente-per-le-filiere-green-dellemilia-romagna-2\/#breadcrumb\",\"itemListElement\":[{\"@type\":\"ListItem\",\"position\":1,\"name\":\"Home\",\"item\":\"https:\/\/www.pianetasicurezza.it\/formazione\/\"},{\"@type\":\"ListItem\",\"position\":2,\"name\":\"Greening Business \u2013 formazione continua e accompagnamento per le filiere green dell\u2019Emilia Romagna\"}]},{\"@type\":\"WebSite\",\"@id\":\"https:\/\/www.pianetasicurezza.it\/formazione\/#website\",\"url\":\"https:\/\/www.pianetasicurezza.it\/formazione\/\",\"name\":\"Formazione | Pianeta Sicurezza Srl\",\"description\":\"\",\"potentialAction\":[{\"@type\":\"SearchAction\",\"target\":{\"@type\":\"EntryPoint\",\"urlTemplate\":\"https:\/\/www.pianetasicurezza.it\/formazione\/?s={search_term_string}\"},\"query-input\":\"required name=search_term_string\"}],\"inLanguage\":\"it-IT\"}]}<\/script>\n<!-- \/ Yoast SEO plugin. -->","yoast_head_json":{"title":"Greening Business \u2013 formazione continua e accompagnamento per le filiere green dell\u2019Emilia Romagna","robots":{"index":"index","follow":"follow","max-snippet":"max-snippet:-1","max-image-preview":"max-image-preview:large","max-video-preview":"max-video-preview:-1"},"canonical":"https:\/\/www.pianetasicurezza.it\/formazione\/greening-people-formazione-permanente-per-le-filiere-green-dellemilia-romagna-2\/","og_locale":"it_IT","og_type":"article","og_title":"Greening Business \u2013 formazione continua e accompagnamento per le filiere green dell\u2019Emilia Romagna","og_description":"[vc_row][vc_column][\/vc_column][\/vc_row][vc_row type=&#8221;vc_default&#8221; gap=&#8221;35&#8243; equal_height=&#8221;yes&#8221; content_placement=&#8221;middle&#8221;][vc_column][vc_separator color=&#8221;custom&#8221; border_width=&#8221;2&#8243; accent_color=&#8221;#333333&#8243;][vc_column_text] RIF.PA 2024-22617\/RER approvata con Delibera di Giunta Regionale n. 1914 del 14\/10\/2024&hellip;","og_url":"https:\/\/www.pianetasicurezza.it\/formazione\/greening-people-formazione-permanente-per-le-filiere-green-dellemilia-romagna-2\/","og_site_name":"Formazione | Pianeta Sicurezza Srl","article_modified_time":"2025-05-09T07:39:44+00:00","twitter_card":"summary_large_image","twitter_misc":{"Tempo di lettura stimato":"3 minuti"},"schema":{"@context":"https:\/\/schema.org","@graph":[{"@type":"WebPage","@id":"https:\/\/www.pianetasicurezza.it\/formazione\/greening-people-formazione-permanente-per-le-filiere-green-dellemilia-romagna-2\/","url":"https:\/\/www.pianetasicurezza.it\/formazione\/greening-people-formazione-permanente-per-le-filiere-green-dellemilia-romagna-2\/","name":"Greening Business \u2013 formazione continua e accompagnamento per le filiere green dell\u2019Emilia Romagna","isPartOf":{"@id":"https:\/\/www.pianetasicurezza.it\/formazione\/#website"},"datePublished":"2025-02-03T12:38:13+00:00","dateModified":"2025-05-09T07:39:44+00:00","breadcrumb":{"@id":"https:\/\/www.pianetasicurezza.it\/formazione\/greening-people-formazione-permanente-per-le-filiere-green-dellemilia-romagna-2\/#breadcrumb"},"inLanguage":"it-IT","potentialAction":[{"@type":"ReadAction","target":["https:\/\/www.pianetasicurezza.it\/formazione\/greening-people-formazione-permanente-per-le-filiere-green-dellemilia-romagna-2\/"]}]},{"@type":"BreadcrumbList","@id":"https:\/\/www.pianetasicurezza.it\/formazione\/greening-people-formazione-permanente-per-le-filiere-green-dellemilia-romagna-2\/#breadcrumb","itemListElement":[{"@type":"ListItem","position":1,"name":"Home","item":"https:\/\/www.pianetasicurezza.it\/formazione\/"},{"@type":"ListItem","position":2,"name":"Greening Business \u2013 formazione continua e accompagnamento per le filiere green dell\u2019Emilia Romagna"}]},{"@type":"WebSite","@id":"https:\/\/www.pianetasicurezza.it\/formazione\/#website","url":"https:\/\/www.pianetasicurezza.it\/formazione\/","name":"Formazione | Pianeta Sicurezza Srl","description":"","potentialAction":[{"@type":"SearchAction","target":{"@type":"EntryPoint","urlTemplate":"https:\/\/www.pianetasicurezza.it\/formazione\/?s={search_term_string}"},"query-input":"required name=search_term_string"}],"inLanguage":"it-IT"}]}},"_links":{"self":[{"href":"https:\/\/pianeta.extrawebapp.it\/formazione\/wp-json\/wp\/v2\/pages\/9797"}],"collection":[{"href":"https:\/\/pianeta.extrawebapp.it\/formazione\/wp-json\/wp\/v2\/pages"}],"about":[{"href":"https:\/\/pianeta.extrawebapp.it\/formazione\/wp-json\/wp\/v2\/types\/page"}],"author":[{"embeddable":true,"href":"https:\/\/pianeta.extrawebapp.it\/formazione\/wp-json\/wp\/v2\/users\/6"}],"replies":[{"embeddable":true,"href":"https:\/\/pianeta.extrawebapp.it\/formazione\/wp-json\/wp\/v2\/comments?post=9797"}],"version-history":[{"count":12,"href":"https:\/\/pianeta.extrawebapp.it\/formazione\/wp-json\/wp\/v2\/pages\/9797\/revisions"}],"predecessor-version":[{"id":10191,"href":"https:\/\/pianeta.extrawebapp.it\/formazione\/wp-json\/wp\/v2\/pages\/9797\/revisions\/10191"}],"wp:attachment":[{"href":"https:\/\/pianeta.extrawebapp.it\/formazione\/wp-json\/wp\/v2\/media?parent=9797"}],"curies":[{"name":"wp","href":"https:\/\/api.w.org\/{rel}","templated":true}]}}