{"id":9183,"date":"2024-09-05T12:47:02","date_gmt":"2024-09-05T10:47:02","guid":{"rendered":"https:\/\/pianeta.extrawebapp.it\/formazione\/?page_id=9183"},"modified":"2025-02-26T12:05:57","modified_gmt":"2025-02-26T11:05:57","slug":"lavoro-autonomo-e-autoimprenditorialita-nel-contesto-della-doppia-transizione-digitale-e-verde","status":"publish","type":"page","link":"https:\/\/pianeta.extrawebapp.it\/formazione\/competenze-imprenditoriali-per-loccupabilita-ladattabilita-e-la-creazione-dimpresa-superare-il-gender-gap\/lavoro-autonomo-e-autoimprenditorialita-nel-contesto-della-doppia-transizione-digitale-e-verde\/","title":{"rendered":"Lavoro autonomo e autoimprenditorialit\u00e0 nel contesto della Doppia Transizione Digitale e Verde"},"content":{"rendered":"<section class=\"wpb-content-wrapper\"><p>[vc_row][vc_column][vc_single_image image=&#8221;9145&#8243; img_size=&#8221;full&#8221; alignment=&#8221;center&#8221;][vc_row_inner][vc_column_inner][\/vc_column_inner][\/vc_row_inner][\/vc_column][\/vc_row][vc_row type=&#8221;vc_default&#8221; gap=&#8221;35&#8243; equal_height=&#8221;yes&#8221; content_placement=&#8221;middle&#8221;][vc_column]<div id=\"ultimate-heading-446269f9e6c174e53\" class=\"uvc-heading ult-adjust-bottom-margin ultimate-heading-446269f9e6c174e53 uvc-5044  uvc-heading-default-font-sizes\" data-hspacer=\"no_spacer\"  data-halign=\"left\" style=\"text-align:left\"><div class=\"uvc-heading-spacer no_spacer\" style=\"top\"><\/div><div class=\"uvc-main-heading ult-responsive\"  data-ultimate-target='.uvc-heading.ultimate-heading-446269f9e6c174e53 h2'  data-responsive-json-new='{\"font-size\":\"\",\"line-height\":\"\"}' ><h2 style=\"--font-weight:theme;\">Lavoro autonomo e autoimprenditorialit\u00e0 nel contesto della Doppia Transizione Digitale e Verde<\/h2><\/div><\/div>[vc_separator color=&#8221;custom&#8221; border_width=&#8221;2&#8243; accent_color=&#8221;#333333&#8243;][\/vc_column][\/vc_row][vc_row type=&#8221;vc_default&#8221;][vc_column offset=&#8221;vc_col-lg-12 vc_col-md-12 vc_col-xs-12&#8243; css=&#8221;.vc_custom_1588148380388{margin-bottom: 50px !important;}&#8221;][vc_single_image image=&#8221;9063&#8243; img_size=&#8221;full&#8221; alignment=&#8221;center&#8221;][vc_single_image image=&#8221;8916&#8243; img_size=&#8221;large&#8221; alignment=&#8221;center&#8221;][vc_column_text]<\/p>\n<div class=\"elementor-element elementor-element-47fe470 elementor-widget elementor-widget-heading\" data-id=\"47fe470\" data-element_type=\"widget\" data-widget_type=\"heading.default\">\n<div class=\"elementor-widget-container\">\n<div class=\"elementor-element elementor-element-32cbee5 elementor-widget elementor-widget-text-editor\" data-id=\"32cbee5\" data-element_type=\"widget\" data-widget_type=\"text-editor.default\">\n<div class=\"elementor-widget-container\">\n<div class=\"elementor-element elementor-element-32cbee5 elementor-widget elementor-widget-text-editor\" data-id=\"32cbee5\" data-element_type=\"widget\" data-widget_type=\"text-editor.default\">\n<div class=\"elementor-widget-container\">\n<p>Operazione Rif PA 2024-21179\/RER approvata con Delibera di Giunta Regionale n. DGR 1132\/2024 del 17\/06\/2024 e realizzata grazie ai Fondi Europei della Regione Emilia-Romagna<\/p>\n<\/div>\n<\/div>\n<div class=\"elementor-element elementor-element-42e794a elementor-widget elementor-widget-heading\" data-id=\"42e794a\" data-element_type=\"widget\" data-widget_type=\"heading.default\">\n<div class=\"elementor-widget-container\">\n<h2 class=\"elementor-heading-title elementor-size-default\">Descrizione del profilo<\/h2>\n<\/div>\n<\/div>\n<div class=\"elementor-element elementor-element-05c2e32 elementor-widget elementor-widget-text-editor\" data-id=\"05c2e32\" data-element_type=\"widget\" data-widget_type=\"text-editor.default\">\n<div class=\"elementor-widget-container\">\n<p>Il corso \u00e8 pensato per donne che \u2013 con obiettivi di occupabilit\u00e0 o adattabilit\u00e0 \u2013 siano intenzionate ad intraprendere un percorso di lavoro autonomo o di creazione d impresa e che abbiano esigenza di acquisire \u2013 attraverso una panoramica generale, multidisciplinare e a carattere formativo-orientativo \u2013 competenze imprenditoriali di base, riconducibili alla macro-area \u201cIdentificare idee e opportunit\u00e0\u201d del quadro europeo EntreComp e utili per: \u2013 una prima autovalutazione e messa a fuoco dell\u2019idea di business abbozzata \u2013 la messa a fuoco dei passi da compiere \u2013 una prima stesura di un canovaccio di Business Plan<\/p>\n<\/div>\n<\/div>\n<div class=\"elementor-element elementor-element-46e1767 elementor-widget elementor-widget-heading\" data-id=\"46e1767\" data-element_type=\"widget\" data-widget_type=\"heading.default\">\n<div class=\"elementor-widget-container\">\n<h2 class=\"elementor-heading-title elementor-size-default\">Contenuti del percorso<\/h2>\n<\/div>\n<\/div>\n<div class=\"elementor-element elementor-element-f38516b elementor-widget elementor-widget-text-editor\" data-id=\"f38516b\" data-element_type=\"widget\" data-widget_type=\"text-editor.default\">\n<div class=\"elementor-widget-container\">\n<p>A fini di personalizzazione dell\u2019offerta formativa, i contenuti di dettaglio verranno definiti in fase di avvio delle singole edizioni, sulla base dei fabbisogni dei singoli partecipanti del gruppo classe.<\/p>\n<p>Macro-contenuti di riferimento:<\/p>\n<p>ELEMENTI CARATTERISTICI DEL LAVORO AUTONOMO E DELL\u2019AUTOIMPRENDITORIALIT\u00c0<\/p>\n<ul>\n<li>Profilo dell\u2019imprenditore<\/li>\n<li>Conciliazione vita-lavoro<\/li>\n<li>Differenze tra lavoro autonomo e impresa<\/li>\n<li>Fondamenti su forme giuridiche e fiscalit\u00e0<\/li>\n<li>Procedure per l\u2019apertura di lavoro autonomo e creazione d\u2019impresa<\/li>\n<li>Figure professionali e soggetti istituzionali di supporto<\/li>\n<li>Valutazione di fattibilit\u00e0 e messa a punto dell\u2019idea<\/li>\n<li>Importanza, ambiti di applicazione, struttura e contenuti del Business Plan<\/li>\n<li>Reperimento delle risorse per lo start-up<\/li>\n<\/ul>\n<p>ELEMENTI DI SCENARIO<\/p>\n<ul>\n<li>Transizione Digitale<\/li>\n<li>Transizione Green<\/li>\n<li>Vincoli e opportunit\u00e0, strumenti, linee evolutive<\/li>\n<li>Ecosistema regionale dell\u2019innovazione<\/li>\n<li>Caratteristiche delle filiere<\/li>\n<li>Contesto internazionale<\/li>\n<\/ul>\n<\/div>\n<\/div>\n<div class=\"elementor-element elementor-element-998da78 elementor-widget elementor-widget-heading\" data-id=\"998da78\" data-element_type=\"widget\" data-widget_type=\"heading.default\">\n<div class=\"elementor-widget-container\">\n<h2 class=\"elementor-heading-title elementor-size-default\">Attestato<\/h2>\n<\/div>\n<\/div>\n<div class=\"elementor-element elementor-element-67fef90 elementor-widget elementor-widget-text-editor\" data-id=\"67fef90\" data-element_type=\"widget\" data-widget_type=\"text-editor.default\">\n<div class=\"elementor-widget-container\">\n<p><span class=\"S1PPyQ\">Al termine del percorso formativo verr\u00e0 rilasciato un attestato di frequenza.<\/span><\/p>\n<\/div>\n<\/div>\n<div class=\"elementor-element elementor-element-135c164 elementor-widget elementor-widget-heading\" data-id=\"135c164\" data-element_type=\"widget\" data-widget_type=\"heading.default\">\n<div class=\"elementor-widget-container\">\n<h2 class=\"elementor-heading-title elementor-size-default\">Requisiti e Destinatari<\/h2>\n<\/div>\n<\/div>\n<div class=\"elementor-element elementor-element-2312e7e elementor-widget elementor-widget-text-editor\" data-id=\"2312e7e\" data-element_type=\"widget\" data-widget_type=\"text-editor.default\">\n<div class=\"elementor-widget-container\">\n<p><span class=\"S1PPyQ\">Possono partecipare al percorso formativo donne che risultino residenti o domiciliate in regione Emilia-Romagna in data antecedente l\u2019iscrizione alle attivit\u00e0.<br \/>\nA fini dell\u2019ammissione al corso, la condizione occupazionale non \u00e8 rilevante.<\/span><\/p>\n<p>Trattandosi di un percorso a carattere introduttivo e trasversale, non \u00e8 richiesto il possesso di requisiti sostanziali d\u2019accesso.<\/p>\n<\/div>\n<\/div>\n<div class=\"elementor-element elementor-element-1496d7e elementor-widget elementor-widget-heading\" data-id=\"1496d7e\" data-element_type=\"widget\" data-widget_type=\"heading.default\">\n<div class=\"elementor-widget-container\">\n<h2 class=\"elementor-heading-title elementor-size-default\">Modalit\u00e0 di Selezione<\/h2>\n<\/div>\n<\/div>\n<div class=\"elementor-element elementor-element-1093364 elementor-widget elementor-widget-text-editor\" data-id=\"1093364\" data-element_type=\"widget\" data-widget_type=\"text-editor.default\">\n<div class=\"elementor-widget-container\">\n<p class=\"_04xlpA direction-ltr align-justify para-style-title\"><span class=\"S1PPyQ\">Nel caso in cui il numero delle richieste superi i posti disponibili, verr\u00e0 data priorit\u00e0 alle donne disoccupate, al fine di facilitarne l\u2019ingresso nel mercato del lavoro. In caso di pari condizione, verr\u00e0 data priorit\u00e0 alle donne in possesso di titolo di studio di livello inferiore. In caso di ulteriore parit\u00e0 si valuter\u00e0 l\u2019ordine di arrivo delle domande. Il corso verr\u00e0 attivato al raggiungimento del numero minimo di 8 partecipanti in possesso dei requisiti ed \u00e8 aperto ad un numero massimo, orientativamente, di 15 donne.<\/span><\/p>\n<\/div>\n<\/div>\n<\/div>\n<\/div>\n<\/div>\n<\/div>\n<p>[\/vc_column_text][\/vc_column][\/vc_row][vc_row type=&#8221;vc_default&#8221;][vc_column offset=&#8221;vc_col-lg-12 vc_col-md-12 vc_col-xs-12&#8243; css=&#8221;.vc_custom_1588148380388{margin-bottom: 50px !important;}&#8221;][vc_column_text]<\/p>\n<h2 style=\"text-align: center;\"><a href=\"https:\/\/pianeta.extrawebapp.it\/formazione\/wp-content\/uploads\/sites\/6\/2024\/10\/Competenze-imprenditoriali-gender-gap-Rif.Pa2024-21179-Prog1.pdf\"><span style=\"color: #0000ff;\"><strong>SCARICA LA LOCANDINA DEL CORSO<\/strong><\/span><\/a><\/h2>\n<p>[\/vc_column_text][\/vc_column][\/vc_row][vc_row type=&#8221;vc_default&#8221;][vc_column offset=&#8221;vc_col-lg-12 vc_col-md-12 vc_col-xs-12&#8243; css=&#8221;.vc_custom_1588148380388{margin-bottom: 50px !important;}&#8221;][vc_column_text]<\/p>\n<hr \/>\n<p>Per ulteriori informazioni rivolgersi a:<\/p>\n<p>Dott.ssa Rosa Anna Casalino &#8211; Pamela Cafagna<br \/>\nTel. 0547-1825179<br \/>\nE-mail: <span style=\"color: #0000ff;\"><a style=\"color: #0000ff;\" href=\"mailto:rosaanna.casalino@pianetasicurezza.it\">rosaanna.casalino@pianetasicurezza.it &#8211; pamela.cafagna@pianetasicurezza.it<\/a><\/span>[\/vc_column_text][vc_single_image image=&#8221;9059&#8243; img_size=&#8221;large&#8221; alignment=&#8221;center&#8221;][\/vc_column][\/vc_row][vc_row][vc_column][vc_row_inner][vc_column_inner width=&#8221;1\/6&#8243;][\/vc_column_inner][vc_column_inner width=&#8221;2\/3&#8243;]<div id=\"ultimate-heading-330769f9e6c174e9a\" class=\"uvc-heading ult-adjust-bottom-margin ultimate-heading-330769f9e6c174e9a uvc-2390  uvc-heading-default-font-sizes\" data-hspacer=\"no_spacer\"  data-halign=\"center\" style=\"text-align:center\"><div class=\"uvc-heading-spacer no_spacer\" style=\"top\"><\/div><div class=\"uvc-main-heading ult-responsive\"  data-ultimate-target='.uvc-heading.ultimate-heading-330769f9e6c174e9a h2'  data-responsive-json-new='{\"font-size\":\"\",\"line-height\":\"\"}' ><h2 style=\"--font-weight:theme;\">RICHIEDI INFORMAZIONI<\/h2><\/div><\/div>[\/vc_column_inner][vc_column_inner width=&#8221;1\/6&#8243;][\/vc_column_inner][\/vc_row_inner][vc_empty_space]\n<div class=\"wpcf7 no-js\" id=\"wpcf7-f7597-o1\" lang=\"it-IT\" dir=\"ltr\">\n<div class=\"screen-reader-response\"><p role=\"status\" aria-live=\"polite\" aria-atomic=\"true\"><\/p> <ul><\/ul><\/div>\n<form action=\"\/formazione\/wp-json\/wp\/v2\/pages\/9183#wpcf7-f7597-o1\" method=\"post\" class=\"wpcf7-form init\" aria-label=\"Modulo di contatto\" novalidate=\"novalidate\" data-status=\"init\">\n<div style=\"display: none;\">\n<input type=\"hidden\" name=\"_wpcf7\" value=\"7597\" \/>\n<input type=\"hidden\" name=\"_wpcf7_version\" value=\"5.9.8\" \/>\n<input type=\"hidden\" name=\"_wpcf7_locale\" value=\"it_IT\" \/>\n<input type=\"hidden\" name=\"_wpcf7_unit_tag\" value=\"wpcf7-f7597-o1\" \/>\n<input type=\"hidden\" name=\"_wpcf7_container_post\" value=\"0\" \/>\n<input type=\"hidden\" name=\"_wpcf7_posted_data_hash\" value=\"\" \/>\n<input type=\"hidden\" name=\"_wpcf7cf_hidden_group_fields\" value=\"[]\" \/>\n<input type=\"hidden\" name=\"_wpcf7cf_hidden_groups\" value=\"[]\" \/>\n<input type=\"hidden\" name=\"_wpcf7cf_visible_groups\" value=\"[]\" \/>\n<input type=\"hidden\" name=\"_wpcf7cf_repeaters\" value=\"[]\" \/>\n<input type=\"hidden\" name=\"_wpcf7cf_steps\" value=\"{}\" \/>\n<input type=\"hidden\" name=\"_wpcf7cf_options\" value=\"{&quot;form_id&quot;:7597,&quot;conditions&quot;:[],&quot;settings&quot;:{&quot;animation&quot;:&quot;yes&quot;,&quot;animation_intime&quot;:200,&quot;animation_outtime&quot;:200,&quot;conditions_ui&quot;:&quot;normal&quot;,&quot;notice_dismissed&quot;:false,&quot;notice_dismissed_update-cf7-5.3.2&quot;:true,&quot;notice_dismissed_update-cf7-5.8&quot;:true,&quot;notice_dismissed_rollback-cf7-5.8&quot;:true}}\" \/>\n<input type=\"hidden\" name=\"_wpcf7_recaptcha_response\" value=\"\" \/>\n<\/div>\n<div class=\"vc_row\">\n\t<div class=\"vc_col-xs-6\">\n\t\t<p><span class=\"wpcf7-form-control-wrap\" data-name=\"nome-cognome\"><input size=\"40\" maxlength=\"400\" class=\"wpcf7-form-control wpcf7-text wpcf7-validates-as-required\" aria-required=\"true\" aria-invalid=\"false\" value=\"Nome e Cognome*\" type=\"text\" name=\"nome-cognome\" \/><\/span>\n\t\t<\/p>\n\t<\/div>\n\t<div class=\"vc_col-xs-6\">\n\t\t<p><span class=\"wpcf7-form-control-wrap\" data-name=\"corso-nome\"><input size=\"40\" maxlength=\"400\" class=\"wpcf7-form-control wpcf7-text wpcf7-validates-as-required\" aria-required=\"true\" aria-invalid=\"false\" value=\"Nome Corso*\" type=\"text\" name=\"corso-nome\" \/><\/span>\n\t\t<\/p>\n\t<\/div>\n\t<div class=\"vc_col-xs-6\">\n\t\t<p><span class=\"wpcf7-form-control-wrap\" data-name=\"email\"><input size=\"40\" maxlength=\"400\" class=\"wpcf7-form-control wpcf7-email wpcf7-validates-as-required wpcf7-text wpcf7-validates-as-email\" aria-required=\"true\" aria-invalid=\"false\" value=\"Email*\" type=\"email\" name=\"email\" \/><\/span>\n\t\t<\/p>\n\t<\/div>\n\t<div class=\"vc_col-xs-6\">\n\t\t<p><span class=\"wpcf7-form-control-wrap\" data-name=\"Telefono\"><input size=\"40\" maxlength=\"400\" class=\"wpcf7-form-control wpcf7-text wpcf7-validates-as-required\" aria-required=\"true\" aria-invalid=\"false\" value=\"Telefono*\" type=\"text\" name=\"Telefono\" \/><\/span>\n\t\t<\/p>\n\t<\/div>\n\t<div class=\"vc_col-xs-12\">\n\t\t<p><span class=\"wpcf7-form-control-wrap\" data-name=\"your-message\"><textarea cols=\"40\" rows=\"5\" maxlength=\"2000\" class=\"wpcf7-form-control wpcf7-textarea\" aria-invalid=\"false\" name=\"your-message\">Messaggio<\/textarea><\/span>\n\t\t<\/p>\n\t<\/div>\n\t<div class=\"vc_col-xs-12\" style=\"margin-bottom: 10px;\">\n\t\t<p><span class=\"wpcf7-form-control-wrap\" data-name=\"acceptance-gdpr\"><span class=\"wpcf7-form-control wpcf7-acceptance\"><span class=\"wpcf7-list-item\"><label><input type=\"checkbox\" name=\"acceptance-gdpr\" value=\"1\" aria-invalid=\"false\" \/><span class=\"wpcf7-list-item-label\">Inviando i miei dati, confermo di aver letto e accettato l'informativa privacy ai sensi dell\u2019art. 13 del Regolamento (UE) 2016\/679 (di seguito GDPR 2016\/679). <a href=\"\/informativa-privacy\" title=\"Privacy\">Consulta l'informativa privacy<\/a><\/span><\/label><\/span><\/span><\/span>\n\t\t<\/p>\n\t<\/div>\n\t<div class=\"vc_col-xs-12\" style=\"text-align:center;\">\n\t\t<p><input class=\"wpcf7-form-control wpcf7-submit has-spinner\" type=\"submit\" value=\"Invia richiesta\" \/>\n\t\t<\/p>\n\t<\/div>\n<\/div><div class=\"wpcf7-response-output\" aria-hidden=\"true\"><\/div>\n<\/form>\n<\/div>\n[\/vc_column][\/vc_row][vc_row][vc_column][vc_single_image image=&#8221;7457&#8243; img_size=&#8221;full&#8221;][\/vc_column][\/vc_row]<\/p>\n<\/section>","protected":false},"excerpt":{"rendered":"<p>[vc_row][vc_column][vc_single_image image=&#8221;9145&#8243; img_size=&#8221;full&#8221; alignment=&#8221;center&#8221;][vc_row_inner][vc_column_inner][\/vc_column_inner][\/vc_row_inner][\/vc_column][\/vc_row][vc_row type=&#8221;vc_default&#8221; gap=&#8221;35&#8243; equal_height=&#8221;yes&#8221; content_placement=&#8221;middle&#8221;][vc_column][vc_separator color=&#8221;custom&#8221; border_width=&#8221;2&#8243; accent_color=&#8221;#333333&#8243;][\/vc_column][\/vc_row][vc_row type=&#8221;vc_default&#8221;][vc_column offset=&#8221;vc_col-lg-12 vc_col-md-12 vc_col-xs-12&#8243; css=&#8221;.vc_custom_1588148380388{margin-bottom: 50px !important;}&#8221;][vc_single_image image=&#8221;9063&#8243; img_size=&#8221;full&#8221;&hellip;<\/p>\n","protected":false},"author":6,"featured_media":0,"parent":9150,"menu_order":49,"comment_status":"closed","ping_status":"closed","template":"","meta":{"_acf_changed":false,"inline_featured_image":false,"_lmt_disableupdate":"no","_lmt_disable":"","footnotes":""},"class_list":["post-9183","page","type-page","status-publish","hentry","description-off"],"acf":[],"yoast_head":"<!-- This site is optimized with the Yoast SEO plugin v21.2 - https:\/\/yoast.com\/wordpress\/plugins\/seo\/ -->\n<title>Lavoro autonomo e autoimprenditorialit\u00e0 nel contesto della Doppia Transizione Digitale e Verde<\/title>\n<meta name=\"description\" content=\"Formazione gratutia - Donne - Competenze Digitali - Informatica\" \/>\n<meta name=\"robots\" content=\"index, follow, max-snippet:-1, max-image-preview:large, max-video-preview:-1\" \/>\n<link rel=\"canonical\" href=\"https:\/\/www.pianetasicurezza.it\/formazione\/competenze-imprenditoriali-per-loccupabilita-ladattabilita-e-la-creazione-dimpresa-superare-il-gender-gap\/lavoro-autonomo-e-autoimprenditorialita-nel-contesto-della-doppia-transizione-digitale-e-verde\/\" \/>\n<meta property=\"og:locale\" content=\"it_IT\" \/>\n<meta property=\"og:type\" content=\"article\" \/>\n<meta property=\"og:title\" content=\"Lavoro autonomo e autoimprenditorialit\u00e0 nel contesto della Doppia Transizione Digitale e Verde\" \/>\n<meta property=\"og:description\" content=\"Formazione gratutia - Donne - Competenze Digitali - Informatica\" \/>\n<meta property=\"og:url\" content=\"https:\/\/www.pianetasicurezza.it\/formazione\/competenze-imprenditoriali-per-loccupabilita-ladattabilita-e-la-creazione-dimpresa-superare-il-gender-gap\/lavoro-autonomo-e-autoimprenditorialita-nel-contesto-della-doppia-transizione-digitale-e-verde\/\" \/>\n<meta property=\"og:site_name\" content=\"Formazione | Pianeta Sicurezza Srl\" \/>\n<meta property=\"article:modified_time\" content=\"2025-02-26T11:05:57+00:00\" \/>\n<meta name=\"twitter:card\" content=\"summary_large_image\" \/>\n<meta name=\"twitter:label1\" content=\"Tempo di lettura stimato\" \/>\n\t<meta name=\"twitter:data1\" content=\"3 minuti\" \/>\n<script type=\"application\/ld+json\" class=\"yoast-schema-graph\">{\"@context\":\"https:\/\/schema.org\",\"@graph\":[{\"@type\":\"WebPage\",\"@id\":\"https:\/\/www.pianetasicurezza.it\/formazione\/competenze-imprenditoriali-per-loccupabilita-ladattabilita-e-la-creazione-dimpresa-superare-il-gender-gap\/lavoro-autonomo-e-autoimprenditorialita-nel-contesto-della-doppia-transizione-digitale-e-verde\/\",\"url\":\"https:\/\/www.pianetasicurezza.it\/formazione\/competenze-imprenditoriali-per-loccupabilita-ladattabilita-e-la-creazione-dimpresa-superare-il-gender-gap\/lavoro-autonomo-e-autoimprenditorialita-nel-contesto-della-doppia-transizione-digitale-e-verde\/\",\"name\":\"Lavoro autonomo e autoimprenditorialit\u00e0 nel contesto della Doppia Transizione Digitale e Verde\",\"isPartOf\":{\"@id\":\"https:\/\/www.pianetasicurezza.it\/formazione\/#website\"},\"datePublished\":\"2024-09-05T10:47:02+00:00\",\"dateModified\":\"2025-02-26T11:05:57+00:00\",\"description\":\"Formazione gratutia - Donne - Competenze Digitali - Informatica\",\"breadcrumb\":{\"@id\":\"https:\/\/www.pianetasicurezza.it\/formazione\/competenze-imprenditoriali-per-loccupabilita-ladattabilita-e-la-creazione-dimpresa-superare-il-gender-gap\/lavoro-autonomo-e-autoimprenditorialita-nel-contesto-della-doppia-transizione-digitale-e-verde\/#breadcrumb\"},\"inLanguage\":\"it-IT\",\"potentialAction\":[{\"@type\":\"ReadAction\",\"target\":[\"https:\/\/www.pianetasicurezza.it\/formazione\/competenze-imprenditoriali-per-loccupabilita-ladattabilita-e-la-creazione-dimpresa-superare-il-gender-gap\/lavoro-autonomo-e-autoimprenditorialita-nel-contesto-della-doppia-transizione-digitale-e-verde\/\"]}]},{\"@type\":\"BreadcrumbList\",\"@id\":\"https:\/\/www.pianetasicurezza.it\/formazione\/competenze-imprenditoriali-per-loccupabilita-ladattabilita-e-la-creazione-dimpresa-superare-il-gender-gap\/lavoro-autonomo-e-autoimprenditorialita-nel-contesto-della-doppia-transizione-digitale-e-verde\/#breadcrumb\",\"itemListElement\":[{\"@type\":\"ListItem\",\"position\":1,\"name\":\"Home\",\"item\":\"https:\/\/www.pianetasicurezza.it\/formazione\/\"},{\"@type\":\"ListItem\",\"position\":2,\"name\":\"COMPETENZE IMPRENDITORIALI PER L\u2019OCCUPABILITA\u2019, L\u2019ADATTABILITA\u2019 E LA CREAZIONE D\u2019IMPRESA &#8211; SUPERARE IL GENDER GAP\",\"item\":\"https:\/\/www.pianetasicurezza.it\/formazione\/competenze-imprenditoriali-per-loccupabilita-ladattabilita-e-la-creazione-dimpresa-superare-il-gender-gap\/\"},{\"@type\":\"ListItem\",\"position\":3,\"name\":\"Lavoro autonomo e autoimprenditorialit\u00e0 nel contesto della Doppia Transizione Digitale e Verde\"}]},{\"@type\":\"WebSite\",\"@id\":\"https:\/\/www.pianetasicurezza.it\/formazione\/#website\",\"url\":\"https:\/\/www.pianetasicurezza.it\/formazione\/\",\"name\":\"Formazione | Pianeta Sicurezza Srl\",\"description\":\"\",\"potentialAction\":[{\"@type\":\"SearchAction\",\"target\":{\"@type\":\"EntryPoint\",\"urlTemplate\":\"https:\/\/www.pianetasicurezza.it\/formazione\/?s={search_term_string}\"},\"query-input\":\"required name=search_term_string\"}],\"inLanguage\":\"it-IT\"}]}<\/script>\n<!-- \/ Yoast SEO plugin. -->","yoast_head_json":{"title":"Lavoro autonomo e autoimprenditorialit\u00e0 nel contesto della Doppia Transizione Digitale e Verde","description":"Formazione gratutia - Donne - Competenze Digitali - Informatica","robots":{"index":"index","follow":"follow","max-snippet":"max-snippet:-1","max-image-preview":"max-image-preview:large","max-video-preview":"max-video-preview:-1"},"canonical":"https:\/\/www.pianetasicurezza.it\/formazione\/competenze-imprenditoriali-per-loccupabilita-ladattabilita-e-la-creazione-dimpresa-superare-il-gender-gap\/lavoro-autonomo-e-autoimprenditorialita-nel-contesto-della-doppia-transizione-digitale-e-verde\/","og_locale":"it_IT","og_type":"article","og_title":"Lavoro autonomo e autoimprenditorialit\u00e0 nel contesto della Doppia Transizione Digitale e Verde","og_description":"Formazione gratutia - Donne - Competenze Digitali - Informatica","og_url":"https:\/\/www.pianetasicurezza.it\/formazione\/competenze-imprenditoriali-per-loccupabilita-ladattabilita-e-la-creazione-dimpresa-superare-il-gender-gap\/lavoro-autonomo-e-autoimprenditorialita-nel-contesto-della-doppia-transizione-digitale-e-verde\/","og_site_name":"Formazione | Pianeta Sicurezza Srl","article_modified_time":"2025-02-26T11:05:57+00:00","twitter_card":"summary_large_image","twitter_misc":{"Tempo di lettura stimato":"3 minuti"},"schema":{"@context":"https:\/\/schema.org","@graph":[{"@type":"WebPage","@id":"https:\/\/www.pianetasicurezza.it\/formazione\/competenze-imprenditoriali-per-loccupabilita-ladattabilita-e-la-creazione-dimpresa-superare-il-gender-gap\/lavoro-autonomo-e-autoimprenditorialita-nel-contesto-della-doppia-transizione-digitale-e-verde\/","url":"https:\/\/www.pianetasicurezza.it\/formazione\/competenze-imprenditoriali-per-loccupabilita-ladattabilita-e-la-creazione-dimpresa-superare-il-gender-gap\/lavoro-autonomo-e-autoimprenditorialita-nel-contesto-della-doppia-transizione-digitale-e-verde\/","name":"Lavoro autonomo e autoimprenditorialit\u00e0 nel contesto della Doppia Transizione Digitale e Verde","isPartOf":{"@id":"https:\/\/www.pianetasicurezza.it\/formazione\/#website"},"datePublished":"2024-09-05T10:47:02+00:00","dateModified":"2025-02-26T11:05:57+00:00","description":"Formazione gratutia - Donne - Competenze Digitali - Informatica","breadcrumb":{"@id":"https:\/\/www.pianetasicurezza.it\/formazione\/competenze-imprenditoriali-per-loccupabilita-ladattabilita-e-la-creazione-dimpresa-superare-il-gender-gap\/lavoro-autonomo-e-autoimprenditorialita-nel-contesto-della-doppia-transizione-digitale-e-verde\/#breadcrumb"},"inLanguage":"it-IT","potentialAction":[{"@type":"ReadAction","target":["https:\/\/www.pianetasicurezza.it\/formazione\/competenze-imprenditoriali-per-loccupabilita-ladattabilita-e-la-creazione-dimpresa-superare-il-gender-gap\/lavoro-autonomo-e-autoimprenditorialita-nel-contesto-della-doppia-transizione-digitale-e-verde\/"]}]},{"@type":"BreadcrumbList","@id":"https:\/\/www.pianetasicurezza.it\/formazione\/competenze-imprenditoriali-per-loccupabilita-ladattabilita-e-la-creazione-dimpresa-superare-il-gender-gap\/lavoro-autonomo-e-autoimprenditorialita-nel-contesto-della-doppia-transizione-digitale-e-verde\/#breadcrumb","itemListElement":[{"@type":"ListItem","position":1,"name":"Home","item":"https:\/\/www.pianetasicurezza.it\/formazione\/"},{"@type":"ListItem","position":2,"name":"COMPETENZE IMPRENDITORIALI PER L\u2019OCCUPABILITA\u2019, L\u2019ADATTABILITA\u2019 E LA CREAZIONE D\u2019IMPRESA &#8211; SUPERARE IL GENDER GAP","item":"https:\/\/www.pianetasicurezza.it\/formazione\/competenze-imprenditoriali-per-loccupabilita-ladattabilita-e-la-creazione-dimpresa-superare-il-gender-gap\/"},{"@type":"ListItem","position":3,"name":"Lavoro autonomo e autoimprenditorialit\u00e0 nel contesto della Doppia Transizione Digitale e Verde"}]},{"@type":"WebSite","@id":"https:\/\/www.pianetasicurezza.it\/formazione\/#website","url":"https:\/\/www.pianetasicurezza.it\/formazione\/","name":"Formazione | Pianeta Sicurezza Srl","description":"","potentialAction":[{"@type":"SearchAction","target":{"@type":"EntryPoint","urlTemplate":"https:\/\/www.pianetasicurezza.it\/formazione\/?s={search_term_string}"},"query-input":"required name=search_term_string"}],"inLanguage":"it-IT"}]}},"_links":{"self":[{"href":"https:\/\/pianeta.extrawebapp.it\/formazione\/wp-json\/wp\/v2\/pages\/9183"}],"collection":[{"href":"https:\/\/pianeta.extrawebapp.it\/formazione\/wp-json\/wp\/v2\/pages"}],"about":[{"href":"https:\/\/pianeta.extrawebapp.it\/formazione\/wp-json\/wp\/v2\/types\/page"}],"author":[{"embeddable":true,"href":"https:\/\/pianeta.extrawebapp.it\/formazione\/wp-json\/wp\/v2\/users\/6"}],"replies":[{"embeddable":true,"href":"https:\/\/pianeta.extrawebapp.it\/formazione\/wp-json\/wp\/v2\/comments?post=9183"}],"version-history":[{"count":6,"href":"https:\/\/pianeta.extrawebapp.it\/formazione\/wp-json\/wp\/v2\/pages\/9183\/revisions"}],"predecessor-version":[{"id":10083,"href":"https:\/\/pianeta.extrawebapp.it\/formazione\/wp-json\/wp\/v2\/pages\/9183\/revisions\/10083"}],"up":[{"embeddable":true,"href":"https:\/\/pianeta.extrawebapp.it\/formazione\/wp-json\/wp\/v2\/pages\/9150"}],"wp:attachment":[{"href":"https:\/\/pianeta.extrawebapp.it\/formazione\/wp-json\/wp\/v2\/media?parent=9183"}],"curies":[{"name":"wp","href":"https:\/\/api.w.org\/{rel}","templated":true}]}}