{"id":8397,"date":"2024-09-03T11:00:57","date_gmt":"2024-09-03T09:00:57","guid":{"rendered":"https:\/\/pianeta.extrawebapp.it\/formazione\/?page_id=8397"},"modified":"2025-02-26T12:14:11","modified_gmt":"2025-02-26T11:14:11","slug":"dalla-business-idea-alla-start-up-i-fondamenti-della-pianificazione-economico-finanziaria-2","status":"publish","type":"page","link":"https:\/\/pianeta.extrawebapp.it\/formazione\/competenze-imprenditoriali-per-loccupabilita-ladattabilita-e-la-creazione-dimpresa-superare-il-gender-gap\/dalla-business-idea-alla-start-up-i-fondamenti-della-pianificazione-economico-finanziaria-2\/","title":{"rendered":"Dalla Business Idea alla Start-up \u2013 i fondamenti della pianificazione economico-finanziaria"},"content":{"rendered":"<section class=\"wpb-content-wrapper\"><p>[vc_row][vc_column][vc_single_image image=&#8221;9145&#8243; img_size=&#8221;full&#8221; alignment=&#8221;center&#8221;][vc_empty_space][\/vc_column][\/vc_row][vc_row type=&#8221;vc_default&#8221; gap=&#8221;35&#8243; equal_height=&#8221;yes&#8221; content_placement=&#8221;middle&#8221;][vc_column]<div id=\"ultimate-heading-720569f9e7583ca4d\" class=\"uvc-heading ult-adjust-bottom-margin ultimate-heading-720569f9e7583ca4d uvc-5597  uvc-heading-default-font-sizes\" data-hspacer=\"no_spacer\"  data-halign=\"left\" style=\"text-align:left\"><div class=\"uvc-heading-spacer no_spacer\" style=\"top\"><\/div><div class=\"uvc-main-heading ult-responsive\"  data-ultimate-target='.uvc-heading.ultimate-heading-720569f9e7583ca4d h2'  data-responsive-json-new='{\"font-size\":\"\",\"line-height\":\"\"}' ><h2 style=\"--font-weight:theme;\">Dalla Business Idea alla Start-up \u2013 i fondamenti della pianificazione economico-finanziaria<\/h2><\/div><\/div>[vc_separator color=&#8221;custom&#8221; border_width=&#8221;2&#8243; accent_color=&#8221;#333333&#8243;][\/vc_column][\/vc_row][vc_row type=&#8221;vc_default&#8221;][vc_column offset=&#8221;vc_col-lg-12 vc_col-md-12 vc_col-xs-12&#8243; css=&#8221;.vc_custom_1588148380388{margin-bottom: 50px !important;}&#8221;][vc_single_image image=&#8221;9099&#8243; img_size=&#8221;full&#8221; alignment=&#8221;center&#8221;][vc_single_image image=&#8221;8916&#8243; img_size=&#8221;large&#8221; alignment=&#8221;center&#8221;][vc_column_text]<\/p>\n<div class=\"elementor-element elementor-element-47fe470 elementor-widget elementor-widget-heading\" data-id=\"47fe470\" data-element_type=\"widget\" data-widget_type=\"heading.default\">\n<div class=\"elementor-widget-container\">\n<div class=\"elementor-element elementor-element-32cbee5 elementor-widget elementor-widget-text-editor\" data-id=\"32cbee5\" data-element_type=\"widget\" data-widget_type=\"text-editor.default\">\n<div class=\"elementor-widget-container\">\n<p>Operazione Rif PA 2024-21179\/RER approvata con Delibera di Giunta Regionale n. DGR 1132\/2024 del 17\/06\/2024 e realizzata grazie ai Fondi Europei della Regione Emilia-Romagna<\/p>\n<\/div>\n<\/div>\n<div class=\"elementor-element elementor-element-42e794a elementor-widget elementor-widget-heading\" data-id=\"42e794a\" data-element_type=\"widget\" data-widget_type=\"heading.default\">\n<div class=\"elementor-widget-container\">\n<h3>Scadenza Iscrizioni: 14 Ottobre 2024<\/h3>\n<h2>Calendario Corso<\/h2>\n<p>07\/11\/2024 &#8211; 14.00-18.00<\/p>\n<p>14\/11\/2024 &#8211; 14.00-18.00<\/p>\n<p>21\/11\/2024 &#8211; 14.00-18.00<\/p>\n<p>25\/11\/2024 &#8211; 14.00-18.00<\/p>\n<p>02\/12\/2024 &#8211; 14.00-18.00<\/p>\n<p>09\/12\/2024 &#8211; 14.00-18.00<\/p>\n<p>09\/01\/2025 &#8211; 14.00-18.00<\/p>\n<p>16\/01\/2025 &#8211; 14.00-18.00<\/p>\n<p>23\/01\/2025 &#8211; 14.00-18.00<\/p>\n<p>30\/01\/2025 &#8211; 14.00-18.00<\/p>\n<h2 class=\"elementor-heading-title elementor-size-default\">Descrizione del profilo<\/h2>\n<div class=\"elementor-element elementor-element-05c2e32 elementor-widget elementor-widget-text-editor\" data-id=\"05c2e32\" data-element_type=\"widget\" data-widget_type=\"text-editor.default\">\n<div class=\"elementor-widget-container\">\n<p>Il corso \u00e8 pensato per donne che \u2013 con obiettivi di occupabilit\u00e0 o adattabilit\u00e0 \u2013 abbiano intrapreso un percorso di creazione d impresa e abbiano necessit\u00e0 di essere guidate per completare lo sviluppo dell\u2019Idea di Business ed effettuare il passaggio dalla Business Idea alla Start-up. Previa calibratura dei contenuti in fase di progettazione di dettaglio delle singole edizioni, la frequenza al corso \u00e8 proficua anche per donne che lavorano in imprese\/contesti organizzativi gi\u00e0 avviati e necessitano di perfezionare le proprie competenze nell\u2019ambito della pianificazione economico-finanziaria e del business modeling per innovare\/ampliare\/differenziare il proprio business.<\/p>\n<\/div>\n<\/div>\n<div class=\"elementor-element elementor-element-46e1767 elementor-widget elementor-widget-heading\" data-id=\"46e1767\" data-element_type=\"widget\" data-widget_type=\"heading.default\">\n<div class=\"elementor-widget-container\">\n<h2 class=\"elementor-heading-title elementor-size-default\">Contenuti del percorso<\/h2>\n<\/div>\n<\/div>\n<div class=\"elementor-element elementor-element-f38516b elementor-widget elementor-widget-text-editor\" data-id=\"f38516b\" data-element_type=\"widget\" data-widget_type=\"text-editor.default\">\n<div class=\"elementor-widget-container\">\n<p>Il progetto vuole supportare il passaggio dalla Business Idea alla Start-up.<\/p>\n<p>I contenuti di dettaglio saranno definiti ad avvio delle edizioni. Aree di riferimento:<\/p>\n<ul>\n<li>Identificazione della forma di svolgimento dell\u2019attivit\u00e0 imprenditoriale\n<ul>\n<li>Ditta individuale o Societ\u00e0. Societ\u00e0 di persone\/di capitali<\/li>\n<\/ul>\n<\/li>\n<li>Il Business Plan \u2013 Parte numerica\n<ul>\n<li>Budget delle vendite e definizione dei prezzi di vendita<\/li>\n<li>Dalle vendite agli acquisti: calcolo dei fabbisogni<\/li>\n<li>Il budget del personale dipendente: identificazione delle risorse necessarie<\/li>\n<li>Le diverse forme di contratto di lavoro dipendente per una migliore correlazione con il fabbisogno aziendale<\/li>\n<\/ul>\n<\/li>\n<li>Pianificazione investimenti e fonti finanziarie per la loro copertura\n<ul>\n<li>Mutui, finanziamenti, leasing e noleggio come alternative per supportare gli investimenti<\/li>\n<li>Finanza agevolata e ricerca bandi<\/li>\n<li>Le garanzie a supporto della finanza di impresa: Mediocredito Centrale e Consorzi fidi<\/li>\n<\/ul>\n<\/li>\n<li>Realizzazione presentazione per investitori e mondo finanziario<\/li>\n<li>Sistema fiscale e previdenziale italiano<\/li>\n<\/ul>\n<\/div>\n<\/div>\n<div class=\"elementor-element elementor-element-998da78 elementor-widget elementor-widget-heading\" data-id=\"998da78\" data-element_type=\"widget\" data-widget_type=\"heading.default\">\n<div class=\"elementor-widget-container\">\n<h2 class=\"elementor-heading-title elementor-size-default\">Attestato<\/h2>\n<\/div>\n<\/div>\n<div class=\"elementor-element elementor-element-67fef90 elementor-widget elementor-widget-text-editor\" data-id=\"67fef90\" data-element_type=\"widget\" data-widget_type=\"text-editor.default\">\n<div class=\"elementor-widget-container\">\n<p><span class=\"S1PPyQ\">Al termine del percorso formativo verr\u00e0 rilasciato un attestato di frequenza.<\/span><\/p>\n<\/div>\n<\/div>\n<div class=\"elementor-element elementor-element-135c164 elementor-widget elementor-widget-heading\" data-id=\"135c164\" data-element_type=\"widget\" data-widget_type=\"heading.default\">\n<div class=\"elementor-widget-container\">\n<h2 class=\"elementor-heading-title elementor-size-default\">Requisiti e Destinatari<\/h2>\n<\/div>\n<\/div>\n<div class=\"elementor-element elementor-element-2312e7e elementor-widget elementor-widget-text-editor\" data-id=\"2312e7e\" data-element_type=\"widget\" data-widget_type=\"text-editor.default\">\n<div class=\"elementor-widget-container\">\n<p><span class=\"S1PPyQ\">Possono partecipare al percorso formativo donne che risultino residenti o domiciliate in regione Emilia-Romagna in data antecedente l\u2019iscrizione alle attivit\u00e0.<br \/>\nA fini dell\u2019ammissione al corso, la condizione occupazionale non \u00e8 rilevante.<\/span><\/p>\n<p>Trattandosi di un percorso di livello avanzato, che permette l\u2019acquisizione di capacit\u00e0 e abilit\u00e0 tecniche e operative necessarie per avviare percorsi di creazione d\u2019impresa, si ritene necessario che le partecipanti possiedano buone competenze di utilizzo del pc e fondamenti di amministrazione e gestione d\u2019impresa, eventualmente acquisiti tramite la frequenza al Progetto 1 e 3 della presente Operazione.<\/p>\n<\/div>\n<\/div>\n<div class=\"elementor-element elementor-element-1496d7e elementor-widget elementor-widget-heading\" data-id=\"1496d7e\" data-element_type=\"widget\" data-widget_type=\"heading.default\">\n<div class=\"elementor-widget-container\">\n<h2 class=\"elementor-heading-title elementor-size-default\">Modalit\u00e0 di Selezione<\/h2>\n<\/div>\n<\/div>\n<div class=\"elementor-element elementor-element-1093364 elementor-widget elementor-widget-text-editor\" data-id=\"1093364\" data-element_type=\"widget\" data-widget_type=\"text-editor.default\">\n<div class=\"elementor-widget-container\">\n<p class=\"_04xlpA direction-ltr align-justify para-style-title\">Dopo aver riverificato la sussistenza dei requisiti formali esaminando la documentazione, l\u2019Ente attuatore di ciascuna edizione proceder\u00e0 alla verifica dei requisiti sostanziali, attraverso la somministrazione di test a risposta multipla finalizzati a verificare il possesso delle competenze richieste in ingresso, vale a dire di buone competenze nell\u2019utilizzo del pc e fondamenti nell\u2019ambito dell\u2019amministrazione\/gestione d\u2019azienda. In caso il numero di richieste superi i posti disponibili, verr\u00e0 data priorit\u00e0 alle donne in possesso di un\u2019idea imprenditoriale da sviluppare caratterizzata da un buon grado di definizione, ad es. che abbiano gi\u00e0 redatto\/stiano redigendo il Business Plan. Successivi criteri di priorit\u00e0: disoccupazione, titolo di studio basso, data di iscrizione. Il corso sar\u00e0 attivato al raggiungimento del numero minimo di 8 partecipanti ammissibili ed \u00e8 aperto alla partecipazione di un numero massimo orientativo di 12 donne.<\/p>\n<\/div>\n<\/div>\n<\/div>\n<\/div>\n<\/div>\n<\/div>\n<p>[\/vc_column_text][\/vc_column][\/vc_row][vc_row][vc_column][vc_column_text]<\/p>\n<h2 style=\"text-align: center;\"><a href=\"https:\/\/pianeta.extrawebapp.it\/formazione\/wp-content\/uploads\/sites\/6\/2024\/10\/Competenze-imprenditoriali-gender-gap-Rif.Pa2024-21179-Prog4.pdf\"><span style=\"color: #0000ff;\"><strong>SCARICA LA LOCANDINA DEL CORSO<\/strong><\/span><\/a><\/h2>\n<p>[\/vc_column_text][\/vc_column][\/vc_row][vc_row type=&#8221;vc_default&#8221;][vc_column offset=&#8221;vc_col-lg-12 vc_col-md-12 vc_col-xs-12&#8243; css=&#8221;.vc_custom_1588148380388{margin-bottom: 50px !important;}&#8221;][vc_column_text]<\/p>\n<hr \/>\n<p>Per ulteriori informazioni rivolgersi a:<\/p>\n<p>Dott.ssa Rosa Anna Casalino \u2013 Dott.ssa Pamela Cafagna<br \/>\nTel. 0547-1825179<br \/>\nE-mail:\u00a0<a href=\"mailto:rosaanna.casalino@pianetasicurezza.it\">rosaanna.casalino@pianetasicurezza.it<\/a>\u00a0\u2013\u00a0<a href=\"mailto:pamela.cafagna@pianetasicurezza.it\">pamela.cafagna@pianetasicurezza.it<\/a>[\/vc_column_text][vc_single_image image=&#8221;9059&#8243; img_size=&#8221;large&#8221; alignment=&#8221;center&#8221;][\/vc_column][\/vc_row]<\/p>\n<\/section>","protected":false},"excerpt":{"rendered":"<p>[vc_row][vc_column][vc_single_image image=&#8221;9145&#8243; img_size=&#8221;full&#8221; alignment=&#8221;center&#8221;][vc_empty_space][\/vc_column][\/vc_row][vc_row type=&#8221;vc_default&#8221; gap=&#8221;35&#8243; equal_height=&#8221;yes&#8221; content_placement=&#8221;middle&#8221;][vc_column][vc_separator color=&#8221;custom&#8221; border_width=&#8221;2&#8243; accent_color=&#8221;#333333&#8243;][\/vc_column][\/vc_row][vc_row type=&#8221;vc_default&#8221;][vc_column offset=&#8221;vc_col-lg-12 vc_col-md-12 vc_col-xs-12&#8243; css=&#8221;.vc_custom_1588148380388{margin-bottom: 50px !important;}&#8221;][vc_single_image image=&#8221;9099&#8243; img_size=&#8221;full&#8221;&hellip;<\/p>\n","protected":false},"author":6,"featured_media":0,"parent":9150,"menu_order":49,"comment_status":"closed","ping_status":"closed","template":"","meta":{"_acf_changed":false,"inline_featured_image":false,"_lmt_disableupdate":"no","_lmt_disable":"","footnotes":""},"class_list":["post-8397","page","type-page","status-publish","hentry","description-off"],"acf":[],"yoast_head":"<!-- This site is optimized with the Yoast SEO plugin v21.2 - https:\/\/yoast.com\/wordpress\/plugins\/seo\/ -->\n<title>Dalla Business Idea alla Start-up \u2013 i fondamenti della pianificazione economico-finanziaria<\/title>\n<meta name=\"description\" content=\"Il corso \u00e8 rivolto a rivolto a imprenditori, professionisti vari, responsabili SGQ, HSE, tecnici ambientali, responsabili dei processi aziendali interessati ad acquisire competenze utili ad introdurre\/applicare sistemi di gestione della sostenibilit\u00e0 ambientale\/meccanismi di gestione integrata sostenibile di politiche aziendali per la qualit\u00e0.\" \/>\n<meta name=\"robots\" content=\"index, follow, max-snippet:-1, max-image-preview:large, max-video-preview:-1\" \/>\n<link rel=\"canonical\" href=\"https:\/\/www.pianetasicurezza.it\/formazione\/competenze-imprenditoriali-per-loccupabilita-ladattabilita-e-la-creazione-dimpresa-superare-il-gender-gap\/dalla-business-idea-alla-start-up-i-fondamenti-della-pianificazione-economico-finanziaria-2\/\" \/>\n<meta property=\"og:locale\" content=\"it_IT\" \/>\n<meta property=\"og:type\" content=\"article\" \/>\n<meta property=\"og:title\" content=\"Dalla Business Idea alla Start-up \u2013 i fondamenti della pianificazione economico-finanziaria\" \/>\n<meta property=\"og:description\" content=\"Il corso \u00e8 rivolto a rivolto a imprenditori, professionisti vari, responsabili SGQ, HSE, tecnici ambientali, responsabili dei processi aziendali interessati ad acquisire competenze utili ad introdurre\/applicare sistemi di gestione della sostenibilit\u00e0 ambientale\/meccanismi di gestione integrata sostenibile di politiche aziendali per la qualit\u00e0.\" \/>\n<meta property=\"og:url\" content=\"https:\/\/www.pianetasicurezza.it\/formazione\/competenze-imprenditoriali-per-loccupabilita-ladattabilita-e-la-creazione-dimpresa-superare-il-gender-gap\/dalla-business-idea-alla-start-up-i-fondamenti-della-pianificazione-economico-finanziaria-2\/\" \/>\n<meta property=\"og:site_name\" content=\"Formazione | Pianeta Sicurezza Srl\" \/>\n<meta property=\"article:modified_time\" content=\"2025-02-26T11:14:11+00:00\" \/>\n<meta name=\"twitter:card\" content=\"summary_large_image\" \/>\n<meta name=\"twitter:label1\" content=\"Tempo di lettura stimato\" \/>\n\t<meta name=\"twitter:data1\" content=\"4 minuti\" \/>\n<script type=\"application\/ld+json\" class=\"yoast-schema-graph\">{\"@context\":\"https:\/\/schema.org\",\"@graph\":[{\"@type\":\"WebPage\",\"@id\":\"https:\/\/www.pianetasicurezza.it\/formazione\/competenze-imprenditoriali-per-loccupabilita-ladattabilita-e-la-creazione-dimpresa-superare-il-gender-gap\/dalla-business-idea-alla-start-up-i-fondamenti-della-pianificazione-economico-finanziaria-2\/\",\"url\":\"https:\/\/www.pianetasicurezza.it\/formazione\/competenze-imprenditoriali-per-loccupabilita-ladattabilita-e-la-creazione-dimpresa-superare-il-gender-gap\/dalla-business-idea-alla-start-up-i-fondamenti-della-pianificazione-economico-finanziaria-2\/\",\"name\":\"Dalla Business Idea alla Start-up \u2013 i fondamenti della pianificazione economico-finanziaria\",\"isPartOf\":{\"@id\":\"https:\/\/www.pianetasicurezza.it\/formazione\/#website\"},\"datePublished\":\"2024-09-03T09:00:57+00:00\",\"dateModified\":\"2025-02-26T11:14:11+00:00\",\"description\":\"Il corso \u00e8 rivolto a rivolto a imprenditori, professionisti vari, responsabili SGQ, HSE, tecnici ambientali, responsabili dei processi aziendali interessati ad acquisire competenze utili ad introdurre\/applicare sistemi di gestione della sostenibilit\u00e0 ambientale\/meccanismi di gestione integrata sostenibile di politiche aziendali per la qualit\u00e0.\",\"breadcrumb\":{\"@id\":\"https:\/\/www.pianetasicurezza.it\/formazione\/competenze-imprenditoriali-per-loccupabilita-ladattabilita-e-la-creazione-dimpresa-superare-il-gender-gap\/dalla-business-idea-alla-start-up-i-fondamenti-della-pianificazione-economico-finanziaria-2\/#breadcrumb\"},\"inLanguage\":\"it-IT\",\"potentialAction\":[{\"@type\":\"ReadAction\",\"target\":[\"https:\/\/www.pianetasicurezza.it\/formazione\/competenze-imprenditoriali-per-loccupabilita-ladattabilita-e-la-creazione-dimpresa-superare-il-gender-gap\/dalla-business-idea-alla-start-up-i-fondamenti-della-pianificazione-economico-finanziaria-2\/\"]}]},{\"@type\":\"BreadcrumbList\",\"@id\":\"https:\/\/www.pianetasicurezza.it\/formazione\/competenze-imprenditoriali-per-loccupabilita-ladattabilita-e-la-creazione-dimpresa-superare-il-gender-gap\/dalla-business-idea-alla-start-up-i-fondamenti-della-pianificazione-economico-finanziaria-2\/#breadcrumb\",\"itemListElement\":[{\"@type\":\"ListItem\",\"position\":1,\"name\":\"Home\",\"item\":\"https:\/\/www.pianetasicurezza.it\/formazione\/\"},{\"@type\":\"ListItem\",\"position\":2,\"name\":\"COMPETENZE IMPRENDITORIALI PER L\u2019OCCUPABILITA\u2019, L\u2019ADATTABILITA\u2019 E LA CREAZIONE D\u2019IMPRESA &#8211; SUPERARE IL GENDER GAP\",\"item\":\"https:\/\/www.pianetasicurezza.it\/formazione\/competenze-imprenditoriali-per-loccupabilita-ladattabilita-e-la-creazione-dimpresa-superare-il-gender-gap\/\"},{\"@type\":\"ListItem\",\"position\":3,\"name\":\"Dalla Business Idea alla Start-up \u2013 i fondamenti della pianificazione economico-finanziaria\"}]},{\"@type\":\"WebSite\",\"@id\":\"https:\/\/www.pianetasicurezza.it\/formazione\/#website\",\"url\":\"https:\/\/www.pianetasicurezza.it\/formazione\/\",\"name\":\"Formazione | Pianeta Sicurezza Srl\",\"description\":\"\",\"potentialAction\":[{\"@type\":\"SearchAction\",\"target\":{\"@type\":\"EntryPoint\",\"urlTemplate\":\"https:\/\/www.pianetasicurezza.it\/formazione\/?s={search_term_string}\"},\"query-input\":\"required name=search_term_string\"}],\"inLanguage\":\"it-IT\"}]}<\/script>\n<!-- \/ Yoast SEO plugin. -->","yoast_head_json":{"title":"Dalla Business Idea alla Start-up \u2013 i fondamenti della pianificazione economico-finanziaria","description":"Il corso \u00e8 rivolto a rivolto a imprenditori, professionisti vari, responsabili SGQ, HSE, tecnici ambientali, responsabili dei processi aziendali interessati ad acquisire competenze utili ad introdurre\/applicare sistemi di gestione della sostenibilit\u00e0 ambientale\/meccanismi di gestione integrata sostenibile di politiche aziendali per la qualit\u00e0.","robots":{"index":"index","follow":"follow","max-snippet":"max-snippet:-1","max-image-preview":"max-image-preview:large","max-video-preview":"max-video-preview:-1"},"canonical":"https:\/\/www.pianetasicurezza.it\/formazione\/competenze-imprenditoriali-per-loccupabilita-ladattabilita-e-la-creazione-dimpresa-superare-il-gender-gap\/dalla-business-idea-alla-start-up-i-fondamenti-della-pianificazione-economico-finanziaria-2\/","og_locale":"it_IT","og_type":"article","og_title":"Dalla Business Idea alla Start-up \u2013 i fondamenti della pianificazione economico-finanziaria","og_description":"Il corso \u00e8 rivolto a rivolto a imprenditori, professionisti vari, responsabili SGQ, HSE, tecnici ambientali, responsabili dei processi aziendali interessati ad acquisire competenze utili ad introdurre\/applicare sistemi di gestione della sostenibilit\u00e0 ambientale\/meccanismi di gestione integrata sostenibile di politiche aziendali per la qualit\u00e0.","og_url":"https:\/\/www.pianetasicurezza.it\/formazione\/competenze-imprenditoriali-per-loccupabilita-ladattabilita-e-la-creazione-dimpresa-superare-il-gender-gap\/dalla-business-idea-alla-start-up-i-fondamenti-della-pianificazione-economico-finanziaria-2\/","og_site_name":"Formazione | Pianeta Sicurezza Srl","article_modified_time":"2025-02-26T11:14:11+00:00","twitter_card":"summary_large_image","twitter_misc":{"Tempo di lettura stimato":"4 minuti"},"schema":{"@context":"https:\/\/schema.org","@graph":[{"@type":"WebPage","@id":"https:\/\/www.pianetasicurezza.it\/formazione\/competenze-imprenditoriali-per-loccupabilita-ladattabilita-e-la-creazione-dimpresa-superare-il-gender-gap\/dalla-business-idea-alla-start-up-i-fondamenti-della-pianificazione-economico-finanziaria-2\/","url":"https:\/\/www.pianetasicurezza.it\/formazione\/competenze-imprenditoriali-per-loccupabilita-ladattabilita-e-la-creazione-dimpresa-superare-il-gender-gap\/dalla-business-idea-alla-start-up-i-fondamenti-della-pianificazione-economico-finanziaria-2\/","name":"Dalla Business Idea alla Start-up \u2013 i fondamenti della pianificazione economico-finanziaria","isPartOf":{"@id":"https:\/\/www.pianetasicurezza.it\/formazione\/#website"},"datePublished":"2024-09-03T09:00:57+00:00","dateModified":"2025-02-26T11:14:11+00:00","description":"Il corso \u00e8 rivolto a rivolto a imprenditori, professionisti vari, responsabili SGQ, HSE, tecnici ambientali, responsabili dei processi aziendali interessati ad acquisire competenze utili ad introdurre\/applicare sistemi di gestione della sostenibilit\u00e0 ambientale\/meccanismi di gestione integrata sostenibile di politiche aziendali per la qualit\u00e0.","breadcrumb":{"@id":"https:\/\/www.pianetasicurezza.it\/formazione\/competenze-imprenditoriali-per-loccupabilita-ladattabilita-e-la-creazione-dimpresa-superare-il-gender-gap\/dalla-business-idea-alla-start-up-i-fondamenti-della-pianificazione-economico-finanziaria-2\/#breadcrumb"},"inLanguage":"it-IT","potentialAction":[{"@type":"ReadAction","target":["https:\/\/www.pianetasicurezza.it\/formazione\/competenze-imprenditoriali-per-loccupabilita-ladattabilita-e-la-creazione-dimpresa-superare-il-gender-gap\/dalla-business-idea-alla-start-up-i-fondamenti-della-pianificazione-economico-finanziaria-2\/"]}]},{"@type":"BreadcrumbList","@id":"https:\/\/www.pianetasicurezza.it\/formazione\/competenze-imprenditoriali-per-loccupabilita-ladattabilita-e-la-creazione-dimpresa-superare-il-gender-gap\/dalla-business-idea-alla-start-up-i-fondamenti-della-pianificazione-economico-finanziaria-2\/#breadcrumb","itemListElement":[{"@type":"ListItem","position":1,"name":"Home","item":"https:\/\/www.pianetasicurezza.it\/formazione\/"},{"@type":"ListItem","position":2,"name":"COMPETENZE IMPRENDITORIALI PER L\u2019OCCUPABILITA\u2019, L\u2019ADATTABILITA\u2019 E LA CREAZIONE D\u2019IMPRESA &#8211; SUPERARE IL GENDER GAP","item":"https:\/\/www.pianetasicurezza.it\/formazione\/competenze-imprenditoriali-per-loccupabilita-ladattabilita-e-la-creazione-dimpresa-superare-il-gender-gap\/"},{"@type":"ListItem","position":3,"name":"Dalla Business Idea alla Start-up \u2013 i fondamenti della pianificazione economico-finanziaria"}]},{"@type":"WebSite","@id":"https:\/\/www.pianetasicurezza.it\/formazione\/#website","url":"https:\/\/www.pianetasicurezza.it\/formazione\/","name":"Formazione | Pianeta Sicurezza Srl","description":"","potentialAction":[{"@type":"SearchAction","target":{"@type":"EntryPoint","urlTemplate":"https:\/\/www.pianetasicurezza.it\/formazione\/?s={search_term_string}"},"query-input":"required name=search_term_string"}],"inLanguage":"it-IT"}]}},"_links":{"self":[{"href":"https:\/\/pianeta.extrawebapp.it\/formazione\/wp-json\/wp\/v2\/pages\/8397"}],"collection":[{"href":"https:\/\/pianeta.extrawebapp.it\/formazione\/wp-json\/wp\/v2\/pages"}],"about":[{"href":"https:\/\/pianeta.extrawebapp.it\/formazione\/wp-json\/wp\/v2\/types\/page"}],"author":[{"embeddable":true,"href":"https:\/\/pianeta.extrawebapp.it\/formazione\/wp-json\/wp\/v2\/users\/6"}],"replies":[{"embeddable":true,"href":"https:\/\/pianeta.extrawebapp.it\/formazione\/wp-json\/wp\/v2\/comments?post=8397"}],"version-history":[{"count":22,"href":"https:\/\/pianeta.extrawebapp.it\/formazione\/wp-json\/wp\/v2\/pages\/8397\/revisions"}],"predecessor-version":[{"id":10086,"href":"https:\/\/pianeta.extrawebapp.it\/formazione\/wp-json\/wp\/v2\/pages\/8397\/revisions\/10086"}],"up":[{"embeddable":true,"href":"https:\/\/pianeta.extrawebapp.it\/formazione\/wp-json\/wp\/v2\/pages\/9150"}],"wp:attachment":[{"href":"https:\/\/pianeta.extrawebapp.it\/formazione\/wp-json\/wp\/v2\/media?parent=8397"}],"curies":[{"name":"wp","href":"https:\/\/api.w.org\/{rel}","templated":true}]}}