{"id":8390,"date":"2024-09-03T11:00:11","date_gmt":"2024-09-03T09:00:11","guid":{"rendered":"https:\/\/pianeta.extrawebapp.it\/formazione\/?page_id=8390"},"modified":"2025-02-26T12:37:21","modified_gmt":"2025-02-26T11:37:21","slug":"prendere-decisioni-e-generare-valore-nei-contesti-di-incertezza-il-modello-agile-e-le-soluzioni-di-business-intelligence","status":"publish","type":"page","link":"https:\/\/pianeta.extrawebapp.it\/formazione\/competenze-imprenditoriali-per-loccupabilita-ladattabilita-e-la-creazione-dimpresa-2\/prendere-decisioni-e-generare-valore-nei-contesti-di-incertezza-il-modello-agile-e-le-soluzioni-di-business-intelligence\/","title":{"rendered":"Prendere decisioni e generare valore nei contesti di incertezza \u2013 il modello Agile e le soluzioni di Business Intelligence"},"content":{"rendered":"<section class=\"wpb-content-wrapper\"><p>[vc_row][vc_column][vc_single_image image=&#8221;9003&#8243; img_size=&#8221;full&#8221; alignment=&#8221;center&#8221;][vc_empty_space][\/vc_column][\/vc_row][vc_row type=&#8221;vc_default&#8221; gap=&#8221;35&#8243; equal_height=&#8221;yes&#8221; content_placement=&#8221;middle&#8221;][vc_column]<div id=\"ultimate-heading-106869f9e787a3bca\" class=\"uvc-heading ult-adjust-bottom-margin ultimate-heading-106869f9e787a3bca uvc-6293  uvc-heading-default-font-sizes\" data-hspacer=\"no_spacer\"  data-halign=\"left\" style=\"text-align:left\"><div class=\"uvc-heading-spacer no_spacer\" style=\"top\"><\/div><div class=\"uvc-main-heading ult-responsive\"  data-ultimate-target='.uvc-heading.ultimate-heading-106869f9e787a3bca h2'  data-responsive-json-new='{\"font-size\":\"\",\"line-height\":\"\"}' ><h2 style=\"--font-weight:theme;\">Prendere decisioni e generare valore nei contesti di incertezza \u2013 il modello Agile e le soluzioni di Business Intelligence<\/h2><\/div><\/div>[vc_separator color=&#8221;custom&#8221; border_width=&#8221;2&#8243; accent_color=&#8221;#333333&#8243;][\/vc_column][\/vc_row][vc_row type=&#8221;vc_default&#8221;][vc_column offset=&#8221;vc_col-lg-12 vc_col-md-12 vc_col-xs-12&#8243; css=&#8221;.vc_custom_1588148380388{margin-bottom: 50px !important;}&#8221;][vc_single_image image=&#8221;9063&#8243; img_size=&#8221;full&#8221; alignment=&#8221;center&#8221;][vc_single_image image=&#8221;8916&#8243; img_size=&#8221;large&#8221; alignment=&#8221;center&#8221;][vc_column_text]<\/p>\n<div class=\"elementor-element elementor-element-47fe470 elementor-widget elementor-widget-heading\" data-id=\"47fe470\" data-element_type=\"widget\" data-widget_type=\"heading.default\">\n<div class=\"elementor-widget-container\">\n<div class=\"elementor-element elementor-element-32cbee5 elementor-widget elementor-widget-text-editor\" data-id=\"32cbee5\" data-element_type=\"widget\" data-widget_type=\"text-editor.default\">\n<div class=\"elementor-widget-container\">\n<p>Operazione Rif. PA 2024-21199\/RER approvata con Delibera di Giunta Regionale DGR n. 1133\/2024 del 17\/06\/2024 e realizzata grazie ai Fondi Europei della Regione Emilia-Romagna<\/p>\n<\/div>\n<\/div>\n<div class=\"elementor-element elementor-element-42e794a elementor-widget elementor-widget-heading\" data-id=\"42e794a\" data-element_type=\"widget\" data-widget_type=\"heading.default\">\n<div class=\"elementor-widget-container\">\n<h2 class=\"elementor-heading-title elementor-size-default\">Descrizione del profilo<\/h2>\n<div class=\"elementor-element elementor-element-05c2e32 elementor-widget elementor-widget-text-editor\" data-id=\"05c2e32\" data-element_type=\"widget\" data-widget_type=\"text-editor.default\">\n<div class=\"elementor-widget-container\">\n<p><span class=\"S1PPyQ\">Il corso si rivolge a persone che, sulla base di aspettative, inclinazione o attitudine personale, e con fini occupabilit\u00e0 o adattabilit\u00e0 nel mercato del lavoro, intendano acquisire e\/o accrescere competenze imprenditoriali riconducibili alla macro-area EntreComp \u201cAGIRE CON PROATTIVITA \u201d \u2013 GESTIRE L\u2019INCERTEZZA, L\u2019AMBIGUITA E IL RISCHIO, tramite l\u2019acquisizione di strumenti, strategie e metodologie riconducibili al Modello Agile e alle soluzioni di Business Intelligence. Possono partecipare al percorso formativo persone che risultino residenti o domiciliate in regione Emilia-Romagna in data antecedente l\u2019iscrizione alle attivit\u00e0. A fini dell\u2019ammissione al corso, la condizione occupazionale non \u00e8 rilevante.<\/span><\/p>\n<\/div>\n<\/div>\n<div class=\"elementor-element elementor-element-46e1767 elementor-widget elementor-widget-heading\" data-id=\"46e1767\" data-element_type=\"widget\" data-widget_type=\"heading.default\">\n<div class=\"elementor-widget-container\">\n<h2 class=\"elementor-heading-title elementor-size-default\">Contenuti del percorso<\/h2>\n<\/div>\n<\/div>\n<div class=\"elementor-element elementor-element-f38516b elementor-widget elementor-widget-text-editor\" data-id=\"f38516b\" data-element_type=\"widget\" data-widget_type=\"text-editor.default\">\n<div class=\"elementor-widget-container\">\n<p>A fini di personalizzazione dell\u2019offerta formativa, i contenuti di dettaglio verranno definiti in fase di avvio delle singole edizioni, sulla base dei fabbisogni dei singoli partecipanti e del gruppo classe.<\/p>\n<p>Macro-contenuti:<\/p>\n<p>MODELLO AGILE<\/p>\n<ul>\n<li>Cambiamento del contesto e capacit\u00e0 di adattamento<\/li>\n<li>Concetto di Valore e Innovazione<\/li>\n<li>Criteri e metodi per la mappatura dei fattori organizzativi<\/li>\n<li>Agile, Metodologie Agile, Agility organizzativa, Business Agility: facciamo chiarezza<\/li>\n<li>Il Mindset Agile<\/li>\n<li>Principi, metodologie e ambiti di applicazione del Mindset Agile<\/li>\n<li>Come passare da un modello tradizionale a una organizzazione Agile<\/li>\n<li>Le tre onde del movimento Agile<\/li>\n<li>Gli errori pi\u00f9 comuni nei progetti di trasformazione Agile<\/li>\n<li>Il Design Thinking come approccio all\u2019Innovazione<\/li>\n<\/ul>\n<p>BUSINESS INTELLIGENCE<\/p>\n<ul>\n<li>Introduzione alla Business Intelligence<\/li>\n<li>Introduzione ai Database Relazionali<\/li>\n<li>Opzioni avanzate con Power Query o operazioni sui database<\/li>\n<li>Interpretare i dati per la riduzione dell\u2019incertezza<\/li>\n<\/ul>\n<\/div>\n<\/div>\n<div class=\"elementor-element elementor-element-998da78 elementor-widget elementor-widget-heading\" data-id=\"998da78\" data-element_type=\"widget\" data-widget_type=\"heading.default\">\n<div class=\"elementor-widget-container\">\n<h2 class=\"elementor-heading-title elementor-size-default\">Attestato<\/h2>\n<\/div>\n<\/div>\n<div class=\"elementor-element elementor-element-67fef90 elementor-widget elementor-widget-text-editor\" data-id=\"67fef90\" data-element_type=\"widget\" data-widget_type=\"text-editor.default\">\n<div class=\"elementor-widget-container\">\n<p><span class=\"S1PPyQ\">Al termine del percorso formativo verr\u00e0 rilasciato un attestato di frequenza.<\/span><\/p>\n<\/div>\n<\/div>\n<div class=\"elementor-element elementor-element-135c164 elementor-widget elementor-widget-heading\" data-id=\"135c164\" data-element_type=\"widget\" data-widget_type=\"heading.default\">\n<div class=\"elementor-widget-container\">\n<h2 class=\"elementor-heading-title elementor-size-default\">Requisiti e Destinatari<\/h2>\n<\/div>\n<\/div>\n<div class=\"elementor-element elementor-element-2312e7e elementor-widget elementor-widget-text-editor\" data-id=\"2312e7e\" data-element_type=\"widget\" data-widget_type=\"text-editor.default\">\n<div class=\"elementor-widget-container\">\n<p><span class=\"S1PPyQ\">Possono partecipare al percorso formativo persone che risultino residenti o domiciliate in regione Emilia-Romagna in data antecedente l\u2019iscrizione alle attivit\u00e0.<br \/>\nA fini dell\u2019ammissione al corso, la condizione occupazionale non \u00e8 rilevante.<\/span><\/p>\n<p>Alla luce degli argomenti trattati, si ritiene utile il possesso di buone competenze nell\u2019utilizzo del pc e fondamenti di organizzazione aziendale\/gestione d\u2019impresa.<\/p>\n<\/div>\n<\/div>\n<div class=\"elementor-element elementor-element-1496d7e elementor-widget elementor-widget-heading\" data-id=\"1496d7e\" data-element_type=\"widget\" data-widget_type=\"heading.default\">\n<div class=\"elementor-widget-container\">\n<h2 class=\"elementor-heading-title elementor-size-default\">Modalit\u00e0 di Selezione<\/h2>\n<\/div>\n<\/div>\n<div class=\"elementor-element elementor-element-1093364 elementor-widget elementor-widget-text-editor\" data-id=\"1093364\" data-element_type=\"widget\" data-widget_type=\"text-editor.default\">\n<div class=\"elementor-widget-container\">\n<p class=\"_04xlpA direction-ltr align-justify para-style-title\"><span class=\"S1PPyQ\">Dopo aver riverificato la sussistenza dei requisiti formali esaminando la documentazione, l\u2019Ente attuatore di ciascuna edizione proceder\u00e0 alla verifica dei requisiti sostanziali, attraverso la somministrazione di test a risposta multipla finalizzati a verificare il possesso delle competenze richieste in ingresso, vale a dire di buone competenze nell\u2019utilizzo del pc e fondamenti di amministrazione\/gestione d\u2019azienda. Nel caso in cui il numero delle richieste superi i posti disponibili, verr\u00e0 data priorit\u00e0 alle persone disoccupate, al fine di facilitarne l\u2019ingresso nel mercato del lavoro. In caso di pari condizione, verr\u00e0 data priorit\u00e0 alle donne in possesso di titolo di studio di livello inferiore. In caso di ulteriore parit\u00e0 si valuter\u00e0 l\u2019ordine di arrivo delle domande. Il corso verr\u00e0 attivato al raggiungimento del numero minimo di 8 partecipanti ed \u00e8 aperto alla partecipazione di un numero massimo di 12 persone.<\/span><\/p>\n<\/div>\n<\/div>\n<\/div>\n<\/div>\n<\/div>\n<\/div>\n<p>[\/vc_column_text][\/vc_column][\/vc_row][vc_row][vc_column][vc_column_text]<\/p>\n<h2 style=\"text-align: center;\"><a href=\"https:\/\/pianeta.extrawebapp.it\/formazione\/wp-content\/uploads\/sites\/6\/2024\/10\/Competenze-imprenditoriali-Rif.Pa-2024-21199-Prog.10-1.pdf\"><strong><span style=\"color: #0000ff;\">SCARICA LA LOCANDINA DEL CORSO<\/span><\/strong><\/a><\/h2>\n<p>[\/vc_column_text][\/vc_column][\/vc_row][vc_row type=&#8221;vc_default&#8221;][vc_column offset=&#8221;vc_col-lg-12 vc_col-md-12 vc_col-xs-12&#8243; css=&#8221;.vc_custom_1588148380388{margin-bottom: 50px !important;}&#8221;][vc_column_text]<\/p>\n<hr \/>\n<p>Per ulteriori informazioni rivolgersi a:<\/p>\n<p>Dott.ssa Rosa Anna Casalino \u2013 Dott.ssa Pamela Cafagna<br \/>\nTel. 0547-1825179<br \/>\nE-mail:\u00a0<a href=\"mailto:rosaanna.casalino@pianetasicurezza.it\">rosaanna.casalino@pianetasicurezza.it<\/a>\u00a0\u2013\u00a0<a href=\"mailto:pamela.cafagna@pianetasicurezza.it\">pamela.cafagna@pianetasicurezza.it<\/a>[\/vc_column_text][vc_single_image image=&#8221;9059&#8243; img_size=&#8221;large&#8221; alignment=&#8221;center&#8221;][\/vc_column][\/vc_row]<\/p>\n<\/section>","protected":false},"excerpt":{"rendered":"<p>[vc_row][vc_column][vc_single_image image=&#8221;9003&#8243; img_size=&#8221;full&#8221; alignment=&#8221;center&#8221;][vc_empty_space][\/vc_column][\/vc_row][vc_row type=&#8221;vc_default&#8221; gap=&#8221;35&#8243; equal_height=&#8221;yes&#8221; content_placement=&#8221;middle&#8221;][vc_column][vc_separator color=&#8221;custom&#8221; border_width=&#8221;2&#8243; accent_color=&#8221;#333333&#8243;][\/vc_column][\/vc_row][vc_row type=&#8221;vc_default&#8221;][vc_column offset=&#8221;vc_col-lg-12 vc_col-md-12 vc_col-xs-12&#8243; css=&#8221;.vc_custom_1588148380388{margin-bottom: 50px !important;}&#8221;][vc_single_image image=&#8221;9063&#8243; img_size=&#8221;full&#8221;&hellip;<\/p>\n","protected":false},"author":6,"featured_media":0,"parent":9107,"menu_order":49,"comment_status":"closed","ping_status":"closed","template":"","meta":{"_acf_changed":false,"inline_featured_image":false,"_lmt_disableupdate":"no","_lmt_disable":"","footnotes":""},"class_list":["post-8390","page","type-page","status-publish","hentry","description-off"],"acf":[],"yoast_head":"<!-- This site is optimized with the Yoast SEO plugin v21.2 - https:\/\/yoast.com\/wordpress\/plugins\/seo\/ -->\n<title>Prendere decisioni e generare valore nei contesti di incertezza \u2013 il modello Agile e le soluzioni di Business Intelligence<\/title>\n<meta name=\"description\" content=\"Il corso \u00e8 rivolto a rivolto a imprenditori, professionisti, tecnici e responsabili amministrativo\/contabili, Responsabili HR\/specialist, CFO, Responsabili dei processi aziendali, interessati ad acquisire competenze utili a migliorare in ottica digitalizzazione processi le aree di presidio organizzativo-gestionale di attivit\u00e0\/funzioni\/aziendale\" \/>\n<meta name=\"robots\" content=\"index, follow, max-snippet:-1, max-image-preview:large, max-video-preview:-1\" \/>\n<link rel=\"canonical\" href=\"https:\/\/www.pianetasicurezza.it\/formazione\/competenze-imprenditoriali-per-loccupabilita-ladattabilita-e-la-creazione-dimpresa-2\/prendere-decisioni-e-generare-valore-nei-contesti-di-incertezza-il-modello-agile-e-le-soluzioni-di-business-intelligence\/\" \/>\n<meta property=\"og:locale\" content=\"it_IT\" \/>\n<meta property=\"og:type\" content=\"article\" \/>\n<meta property=\"og:title\" content=\"Prendere decisioni e generare valore nei contesti di incertezza \u2013 il modello Agile e le soluzioni di Business Intelligence\" \/>\n<meta property=\"og:description\" content=\"Il corso \u00e8 rivolto a rivolto a imprenditori, professionisti, tecnici e responsabili amministrativo\/contabili, Responsabili HR\/specialist, CFO, Responsabili dei processi aziendali, interessati ad acquisire competenze utili a migliorare in ottica digitalizzazione processi le aree di presidio organizzativo-gestionale di attivit\u00e0\/funzioni\/aziendale\" \/>\n<meta property=\"og:url\" content=\"https:\/\/www.pianetasicurezza.it\/formazione\/competenze-imprenditoriali-per-loccupabilita-ladattabilita-e-la-creazione-dimpresa-2\/prendere-decisioni-e-generare-valore-nei-contesti-di-incertezza-il-modello-agile-e-le-soluzioni-di-business-intelligence\/\" \/>\n<meta property=\"og:site_name\" content=\"Formazione | Pianeta Sicurezza Srl\" \/>\n<meta property=\"article:modified_time\" content=\"2025-02-26T11:37:21+00:00\" \/>\n<meta name=\"twitter:card\" content=\"summary_large_image\" \/>\n<meta name=\"twitter:label1\" content=\"Tempo di lettura stimato\" \/>\n\t<meta name=\"twitter:data1\" content=\"3 minuti\" \/>\n<script type=\"application\/ld+json\" class=\"yoast-schema-graph\">{\"@context\":\"https:\/\/schema.org\",\"@graph\":[{\"@type\":\"WebPage\",\"@id\":\"https:\/\/www.pianetasicurezza.it\/formazione\/competenze-imprenditoriali-per-loccupabilita-ladattabilita-e-la-creazione-dimpresa-2\/prendere-decisioni-e-generare-valore-nei-contesti-di-incertezza-il-modello-agile-e-le-soluzioni-di-business-intelligence\/\",\"url\":\"https:\/\/www.pianetasicurezza.it\/formazione\/competenze-imprenditoriali-per-loccupabilita-ladattabilita-e-la-creazione-dimpresa-2\/prendere-decisioni-e-generare-valore-nei-contesti-di-incertezza-il-modello-agile-e-le-soluzioni-di-business-intelligence\/\",\"name\":\"Prendere decisioni e generare valore nei contesti di incertezza \u2013 il modello Agile e le soluzioni di Business Intelligence\",\"isPartOf\":{\"@id\":\"https:\/\/www.pianetasicurezza.it\/formazione\/#website\"},\"datePublished\":\"2024-09-03T09:00:11+00:00\",\"dateModified\":\"2025-02-26T11:37:21+00:00\",\"description\":\"Il corso \u00e8 rivolto a rivolto a imprenditori, professionisti, tecnici e responsabili amministrativo\/contabili, Responsabili HR\/specialist, CFO, Responsabili dei processi aziendali, interessati ad acquisire competenze utili a migliorare in ottica digitalizzazione processi le aree di presidio organizzativo-gestionale di attivit\u00e0\/funzioni\/aziendale\",\"breadcrumb\":{\"@id\":\"https:\/\/www.pianetasicurezza.it\/formazione\/competenze-imprenditoriali-per-loccupabilita-ladattabilita-e-la-creazione-dimpresa-2\/prendere-decisioni-e-generare-valore-nei-contesti-di-incertezza-il-modello-agile-e-le-soluzioni-di-business-intelligence\/#breadcrumb\"},\"inLanguage\":\"it-IT\",\"potentialAction\":[{\"@type\":\"ReadAction\",\"target\":[\"https:\/\/www.pianetasicurezza.it\/formazione\/competenze-imprenditoriali-per-loccupabilita-ladattabilita-e-la-creazione-dimpresa-2\/prendere-decisioni-e-generare-valore-nei-contesti-di-incertezza-il-modello-agile-e-le-soluzioni-di-business-intelligence\/\"]}]},{\"@type\":\"BreadcrumbList\",\"@id\":\"https:\/\/www.pianetasicurezza.it\/formazione\/competenze-imprenditoriali-per-loccupabilita-ladattabilita-e-la-creazione-dimpresa-2\/prendere-decisioni-e-generare-valore-nei-contesti-di-incertezza-il-modello-agile-e-le-soluzioni-di-business-intelligence\/#breadcrumb\",\"itemListElement\":[{\"@type\":\"ListItem\",\"position\":1,\"name\":\"Home\",\"item\":\"https:\/\/www.pianetasicurezza.it\/formazione\/\"},{\"@type\":\"ListItem\",\"position\":2,\"name\":\"Competenze imprenditoriali per l\u2019occupabilit\u00e0, l&#8217;adattabilit\u00e0 e la creazione d\u2019impresa\",\"item\":\"https:\/\/www.pianetasicurezza.it\/formazione\/competenze-imprenditoriali-per-loccupabilita-ladattabilita-e-la-creazione-dimpresa-2\/\"},{\"@type\":\"ListItem\",\"position\":3,\"name\":\"Prendere decisioni e generare valore nei contesti di incertezza \u2013 il modello Agile e le soluzioni di Business Intelligence\"}]},{\"@type\":\"WebSite\",\"@id\":\"https:\/\/www.pianetasicurezza.it\/formazione\/#website\",\"url\":\"https:\/\/www.pianetasicurezza.it\/formazione\/\",\"name\":\"Formazione | Pianeta Sicurezza Srl\",\"description\":\"\",\"potentialAction\":[{\"@type\":\"SearchAction\",\"target\":{\"@type\":\"EntryPoint\",\"urlTemplate\":\"https:\/\/www.pianetasicurezza.it\/formazione\/?s={search_term_string}\"},\"query-input\":\"required name=search_term_string\"}],\"inLanguage\":\"it-IT\"}]}<\/script>\n<!-- \/ Yoast SEO plugin. -->","yoast_head_json":{"title":"Prendere decisioni e generare valore nei contesti di incertezza \u2013 il modello Agile e le soluzioni di Business Intelligence","description":"Il corso \u00e8 rivolto a rivolto a imprenditori, professionisti, tecnici e responsabili amministrativo\/contabili, Responsabili HR\/specialist, CFO, Responsabili dei processi aziendali, interessati ad acquisire competenze utili a migliorare in ottica digitalizzazione processi le aree di presidio organizzativo-gestionale di attivit\u00e0\/funzioni\/aziendale","robots":{"index":"index","follow":"follow","max-snippet":"max-snippet:-1","max-image-preview":"max-image-preview:large","max-video-preview":"max-video-preview:-1"},"canonical":"https:\/\/www.pianetasicurezza.it\/formazione\/competenze-imprenditoriali-per-loccupabilita-ladattabilita-e-la-creazione-dimpresa-2\/prendere-decisioni-e-generare-valore-nei-contesti-di-incertezza-il-modello-agile-e-le-soluzioni-di-business-intelligence\/","og_locale":"it_IT","og_type":"article","og_title":"Prendere decisioni e generare valore nei contesti di incertezza \u2013 il modello Agile e le soluzioni di Business Intelligence","og_description":"Il corso \u00e8 rivolto a rivolto a imprenditori, professionisti, tecnici e responsabili amministrativo\/contabili, Responsabili HR\/specialist, CFO, Responsabili dei processi aziendali, interessati ad acquisire competenze utili a migliorare in ottica digitalizzazione processi le aree di presidio organizzativo-gestionale di attivit\u00e0\/funzioni\/aziendale","og_url":"https:\/\/www.pianetasicurezza.it\/formazione\/competenze-imprenditoriali-per-loccupabilita-ladattabilita-e-la-creazione-dimpresa-2\/prendere-decisioni-e-generare-valore-nei-contesti-di-incertezza-il-modello-agile-e-le-soluzioni-di-business-intelligence\/","og_site_name":"Formazione | Pianeta Sicurezza Srl","article_modified_time":"2025-02-26T11:37:21+00:00","twitter_card":"summary_large_image","twitter_misc":{"Tempo di lettura stimato":"3 minuti"},"schema":{"@context":"https:\/\/schema.org","@graph":[{"@type":"WebPage","@id":"https:\/\/www.pianetasicurezza.it\/formazione\/competenze-imprenditoriali-per-loccupabilita-ladattabilita-e-la-creazione-dimpresa-2\/prendere-decisioni-e-generare-valore-nei-contesti-di-incertezza-il-modello-agile-e-le-soluzioni-di-business-intelligence\/","url":"https:\/\/www.pianetasicurezza.it\/formazione\/competenze-imprenditoriali-per-loccupabilita-ladattabilita-e-la-creazione-dimpresa-2\/prendere-decisioni-e-generare-valore-nei-contesti-di-incertezza-il-modello-agile-e-le-soluzioni-di-business-intelligence\/","name":"Prendere decisioni e generare valore nei contesti di incertezza \u2013 il modello Agile e le soluzioni di Business Intelligence","isPartOf":{"@id":"https:\/\/www.pianetasicurezza.it\/formazione\/#website"},"datePublished":"2024-09-03T09:00:11+00:00","dateModified":"2025-02-26T11:37:21+00:00","description":"Il corso \u00e8 rivolto a rivolto a imprenditori, professionisti, tecnici e responsabili amministrativo\/contabili, Responsabili HR\/specialist, CFO, Responsabili dei processi aziendali, interessati ad acquisire competenze utili a migliorare in ottica digitalizzazione processi le aree di presidio organizzativo-gestionale di attivit\u00e0\/funzioni\/aziendale","breadcrumb":{"@id":"https:\/\/www.pianetasicurezza.it\/formazione\/competenze-imprenditoriali-per-loccupabilita-ladattabilita-e-la-creazione-dimpresa-2\/prendere-decisioni-e-generare-valore-nei-contesti-di-incertezza-il-modello-agile-e-le-soluzioni-di-business-intelligence\/#breadcrumb"},"inLanguage":"it-IT","potentialAction":[{"@type":"ReadAction","target":["https:\/\/www.pianetasicurezza.it\/formazione\/competenze-imprenditoriali-per-loccupabilita-ladattabilita-e-la-creazione-dimpresa-2\/prendere-decisioni-e-generare-valore-nei-contesti-di-incertezza-il-modello-agile-e-le-soluzioni-di-business-intelligence\/"]}]},{"@type":"BreadcrumbList","@id":"https:\/\/www.pianetasicurezza.it\/formazione\/competenze-imprenditoriali-per-loccupabilita-ladattabilita-e-la-creazione-dimpresa-2\/prendere-decisioni-e-generare-valore-nei-contesti-di-incertezza-il-modello-agile-e-le-soluzioni-di-business-intelligence\/#breadcrumb","itemListElement":[{"@type":"ListItem","position":1,"name":"Home","item":"https:\/\/www.pianetasicurezza.it\/formazione\/"},{"@type":"ListItem","position":2,"name":"Competenze imprenditoriali per l\u2019occupabilit\u00e0, l&#8217;adattabilit\u00e0 e la creazione d\u2019impresa","item":"https:\/\/www.pianetasicurezza.it\/formazione\/competenze-imprenditoriali-per-loccupabilita-ladattabilita-e-la-creazione-dimpresa-2\/"},{"@type":"ListItem","position":3,"name":"Prendere decisioni e generare valore nei contesti di incertezza \u2013 il modello Agile e le soluzioni di Business Intelligence"}]},{"@type":"WebSite","@id":"https:\/\/www.pianetasicurezza.it\/formazione\/#website","url":"https:\/\/www.pianetasicurezza.it\/formazione\/","name":"Formazione | Pianeta Sicurezza Srl","description":"","potentialAction":[{"@type":"SearchAction","target":{"@type":"EntryPoint","urlTemplate":"https:\/\/www.pianetasicurezza.it\/formazione\/?s={search_term_string}"},"query-input":"required name=search_term_string"}],"inLanguage":"it-IT"}]}},"_links":{"self":[{"href":"https:\/\/pianeta.extrawebapp.it\/formazione\/wp-json\/wp\/v2\/pages\/8390"}],"collection":[{"href":"https:\/\/pianeta.extrawebapp.it\/formazione\/wp-json\/wp\/v2\/pages"}],"about":[{"href":"https:\/\/pianeta.extrawebapp.it\/formazione\/wp-json\/wp\/v2\/types\/page"}],"author":[{"embeddable":true,"href":"https:\/\/pianeta.extrawebapp.it\/formazione\/wp-json\/wp\/v2\/users\/6"}],"replies":[{"embeddable":true,"href":"https:\/\/pianeta.extrawebapp.it\/formazione\/wp-json\/wp\/v2\/comments?post=8390"}],"version-history":[{"count":18,"href":"https:\/\/pianeta.extrawebapp.it\/formazione\/wp-json\/wp\/v2\/pages\/8390\/revisions"}],"predecessor-version":[{"id":10105,"href":"https:\/\/pianeta.extrawebapp.it\/formazione\/wp-json\/wp\/v2\/pages\/8390\/revisions\/10105"}],"up":[{"embeddable":true,"href":"https:\/\/pianeta.extrawebapp.it\/formazione\/wp-json\/wp\/v2\/pages\/9107"}],"wp:attachment":[{"href":"https:\/\/pianeta.extrawebapp.it\/formazione\/wp-json\/wp\/v2\/media?parent=8390"}],"curies":[{"name":"wp","href":"https:\/\/api.w.org\/{rel}","templated":true}]}}