{"id":8382,"date":"2023-09-25T15:23:53","date_gmt":"2023-09-25T13:23:53","guid":{"rendered":"https:\/\/pianeta.extrawebapp.it\/formazione\/?page_id=8382"},"modified":"2024-10-07T11:29:08","modified_gmt":"2024-10-07T09:29:08","slug":"lavoro-autonomo-e-autoimprenditorialita-nel-contesto-della-doppia-transizione-digitale-e-verde-2","status":"publish","type":"page","link":"https:\/\/pianeta.extrawebapp.it\/formazione\/competenze-imprenditoriali-per-loccupabilita-ladattabilita-e-la-creazione-dimpresa-superare-il-gender-gap\/lavoro-autonomo-e-autoimprenditorialita-nel-contesto-della-doppia-transizione-digitale-e-verde-2\/","title":{"rendered":"Lavoro autonomo e autoimprenditorialit\u00e0 nel contesto della Doppia Transizione Digitale e Verde"},"content":{"rendered":"<section class=\"wpb-content-wrapper\"><p>[vc_row][vc_column][vc_single_image image=&#8221;8383&#8243; img_size=&#8221;full&#8221; alignment=&#8221;center&#8221;][vc_single_image image=&#8221;8357&#8243; img_size=&#8221;full&#8221; alignment=&#8221;center&#8221;][vc_empty_space][\/vc_column][\/vc_row][vc_row type=&#8221;vc_default&#8221; gap=&#8221;35&#8243; equal_height=&#8221;yes&#8221; content_placement=&#8221;middle&#8221;][vc_column]<div id=\"ultimate-heading-45469debcff738ec\" class=\"uvc-heading ult-adjust-bottom-margin ultimate-heading-45469debcff738ec uvc-2058  uvc-heading-default-font-sizes\" data-hspacer=\"no_spacer\"  data-halign=\"left\" style=\"text-align:left\"><div class=\"uvc-heading-spacer no_spacer\" style=\"top\"><\/div><div class=\"uvc-main-heading ult-responsive\"  data-ultimate-target='.uvc-heading.ultimate-heading-45469debcff738ec h2'  data-responsive-json-new='{\"font-size\":\"\",\"line-height\":\"\"}' ><h2 style=\"--font-weight:theme;\">Lavoro autonomo e autoimprenditorialit\u00e0 nel contesto della Doppia Transizione Digitale e Verde<\/h2><\/div><\/div>[vc_separator color=&#8221;custom&#8221; border_width=&#8221;2&#8243; accent_color=&#8221;#333333&#8243;][\/vc_column][\/vc_row][vc_row type=&#8221;vc_default&#8221;][vc_column offset=&#8221;vc_col-lg-12 vc_col-md-12 vc_col-xs-12&#8243; css=&#8221;.vc_custom_1588148380388{margin-bottom: 50px !important;}&#8221;][vc_single_image image=&#8221;8317&#8243; img_size=&#8221;full&#8221; alignment=&#8221;center&#8221;][vc_column_text]<\/p>\n<div class=\"elementor-element elementor-element-47fe470 elementor-widget elementor-widget-heading\" data-id=\"47fe470\" data-element_type=\"widget\" data-widget_type=\"heading.default\">\n<div class=\"elementor-widget-container\">\n<div class=\"elementor-element elementor-element-32cbee5 elementor-widget elementor-widget-text-editor\" data-id=\"32cbee5\" data-element_type=\"widget\" data-widget_type=\"text-editor.default\">\n<div class=\"elementor-widget-container\">\n<p>Operazione Rif. PA 2024-21199\/RER approvata con Delibera di Giunta Regionale\u00a0n. DGR 1133\/2024 del 17\/06\/2024 e cofinanziata con risorse del Fondo sociale europeo Plus<\/p>\n<\/div>\n<\/div>\n<div class=\"elementor-element elementor-element-42e794a elementor-widget elementor-widget-heading\" data-id=\"42e794a\" data-element_type=\"widget\" data-widget_type=\"heading.default\">\n<div class=\"elementor-widget-container\">\n<h2 class=\"elementor-heading-title elementor-size-default\">Descrizione del profilo<\/h2>\n<\/div>\n<\/div>\n<div class=\"elementor-element elementor-element-05c2e32 elementor-widget elementor-widget-text-editor\" data-id=\"05c2e32\" data-element_type=\"widget\" data-widget_type=\"text-editor.default\">\n<div class=\"elementor-widget-container\">\n<p><span class=\"S1PPyQ\">Il corso \u00e8 pensato per persone che \u2013 con obiettivi di occupabilit\u00e0 o adattabilit\u00e0 \u2013 siano intenzionate ad intraprendere un percorso di lavoro autonomo o di creazione d impresa e che abbiano esigenza di acquisire \u2013 attraverso una panoramica generale, multidisciplinare e a carattere formativo-orientativo \u2013 competenze imprenditoriali di base, riconducibili alla macro-area \u201cIdentificare idee e opportunit\u00e0\u201d del quadro europeo EntreComp e utili per: \u2013 una prima autovalutazione e messa a fuoco dell\u2019idea di business abbozzata \u2013 la messa a fuoco dei passi da compiere \u2013 una prima stesura di un canovaccio di Business Plan<\/span><\/p>\n<\/div>\n<\/div>\n<div class=\"elementor-element elementor-element-46e1767 elementor-widget elementor-widget-heading\" data-id=\"46e1767\" data-element_type=\"widget\" data-widget_type=\"heading.default\">\n<div class=\"elementor-widget-container\">\n<h2 class=\"elementor-heading-title elementor-size-default\">Contenuti del percorso<\/h2>\n<\/div>\n<\/div>\n<div class=\"elementor-element elementor-element-f38516b elementor-widget elementor-widget-text-editor\" data-id=\"f38516b\" data-element_type=\"widget\" data-widget_type=\"text-editor.default\">\n<div class=\"elementor-widget-container\">\n<p>A fini di personalizzazione dell\u2019offerta formativa, i contenuti di dettaglio verranno definiti in fase di avvio delle singole edizioni, sulla base dei fabbisogni dei singoli partecipanti del gruppo classe.<\/p>\n<p>Macro-contenuti di riferimento:<\/p>\n<p>ELEMENTI CARATTERISTICI DEL LAVORO AUTONOMO E DELL\u2019AUTOIMPRENDITORIALIT\u00c0<\/p>\n<ul>\n<li>Profilo dell\u2019imprenditore<\/li>\n<li>Conciliazione vita-lavoro<\/li>\n<li>Differenze tra lavoro autonomo e impresa<\/li>\n<li>Fondamenti su forme giuridiche e fiscalit\u00e0<\/li>\n<li>Procedure per l\u2019apertura di lavoro autonomo e creazione d\u2019impresa<\/li>\n<li>Figure professionali e soggetti istituzionali di supporto<\/li>\n<li>Valutazione di fattibilit\u00e0 e messa a punto dell\u2019idea<\/li>\n<li>Importanza, ambiti di applicazione, struttura e contenuti del Business Plan<\/li>\n<li>Reperimento risorse per lo start-up<\/li>\n<\/ul>\n<p>ELEMENTI DI SCENARIO<\/p>\n<ul>\n<li>Transizione Digitale<\/li>\n<li>Transizione Green<\/li>\n<li>Vincoli e opportunit\u00e0, strumenti, linee evolutive<\/li>\n<li>Ecosistema regionale dell\u2019innovazione<\/li>\n<li>Caratteristiche delle filiere<\/li>\n<li>Contesto internazionale<\/li>\n<\/ul>\n<\/div>\n<\/div>\n<div class=\"elementor-element elementor-element-998da78 elementor-widget elementor-widget-heading\" data-id=\"998da78\" data-element_type=\"widget\" data-widget_type=\"heading.default\">\n<div class=\"elementor-widget-container\">\n<h2 class=\"elementor-heading-title elementor-size-default\">Attestato<\/h2>\n<\/div>\n<\/div>\n<div class=\"elementor-element elementor-element-67fef90 elementor-widget elementor-widget-text-editor\" data-id=\"67fef90\" data-element_type=\"widget\" data-widget_type=\"text-editor.default\">\n<div class=\"elementor-widget-container\">\n<p><span class=\"S1PPyQ\">Al termine del percorso formativo verr\u00e0 rilasciato un attestato di frequenza.<\/span><\/p>\n<\/div>\n<\/div>\n<div class=\"elementor-element elementor-element-135c164 elementor-widget elementor-widget-heading\" data-id=\"135c164\" data-element_type=\"widget\" data-widget_type=\"heading.default\">\n<div class=\"elementor-widget-container\">\n<h2 class=\"elementor-heading-title elementor-size-default\">Requisiti e Destinatari<\/h2>\n<\/div>\n<\/div>\n<div class=\"elementor-element elementor-element-2312e7e elementor-widget elementor-widget-text-editor\" data-id=\"2312e7e\" data-element_type=\"widget\" data-widget_type=\"text-editor.default\">\n<div class=\"elementor-widget-container\">\n<p><span class=\"S1PPyQ\">Possono partecipare al percorso formativo persone che risultino residenti o domiciliate in regione Emilia-Romagna in data antecedente l\u2019iscrizione alle attivit\u00e0.<br \/>\nA fini dell\u2019ammissione al corso, la condizione occupazionale non \u00e8 rilevante.<\/span><\/p>\n<p>Trattandosi di un percorso a carattere introduttivo e trasversale, non \u00e8 richiesto il possesso di requisiti sostanziali d\u2019accesso.<\/p>\n<\/div>\n<\/div>\n<div class=\"elementor-element elementor-element-1496d7e elementor-widget elementor-widget-heading\" data-id=\"1496d7e\" data-element_type=\"widget\" data-widget_type=\"heading.default\">\n<div class=\"elementor-widget-container\">\n<h2 class=\"elementor-heading-title elementor-size-default\">Modalit\u00e0 di Selezione<\/h2>\n<\/div>\n<\/div>\n<div class=\"elementor-element elementor-element-1093364 elementor-widget elementor-widget-text-editor\" data-id=\"1093364\" data-element_type=\"widget\" data-widget_type=\"text-editor.default\">\n<div class=\"elementor-widget-container\">\n<p class=\"_04xlpA direction-ltr align-justify para-style-title\"><span class=\"S1PPyQ\">Nel caso in cui il numero delle richieste superi i posti disponibili, verr\u00e0 data priorit\u00e0 alle persone disoccupate, al fine di facilitarne l\u2019ingresso nel mercato del lavoro. In caso di pari condizione, verr\u00e0 data priorit\u00e0 alle persone in possesso di titolo di studio di livello inferiore. In caso di ulteriore parit\u00e0 si valuter\u00e0 l\u2019ordine di arrivo delle domande. Il corso verr\u00e0 attivato al raggiungimento del numero minimo di 8 partecipanti in possesso dei requisiti ed \u00e8 aperto ad un numero massimo, orientativamente, di 15 partecipanti.<\/span><\/p>\n<\/div>\n<\/div>\n<\/div>\n<\/div>\n<p>[\/vc_column_text][\/vc_column][\/vc_row][vc_row type=&#8221;vc_default&#8221;][vc_column offset=&#8221;vc_col-lg-12 vc_col-md-12 vc_col-xs-12&#8243; css=&#8221;.vc_custom_1588148380388{margin-bottom: 50px !important;}&#8221;][vc_column_text]<\/p>\n<hr \/>\n<p>Per ulteriori informazioni rivolgersi a:<\/p>\n<p>Dott.ssa Rosa Anna Casalino \u2013 Dott.ssa Pamela Cafagna<br \/>\nTel. 0547-1825179<br \/>\nE-mail:\u00a0<a href=\"mailto:rosaanna.casalino@pianetasicurezza.it\">rosaanna.casalino@pianetasicurezza.it<\/a>\u00a0\u2013\u00a0<a href=\"mailto:pamela.cafagna@pianetasicurezza.it\">pamela.cafagna@pianetasicurezza.it<\/a>[\/vc_column_text][vc_single_image image=&#8221;9059&#8243; img_size=&#8221;full&#8221; alignment=&#8221;center&#8221;][\/vc_column][\/vc_row][vc_row][vc_column][\/vc_column][\/vc_row]<\/p>\n<\/section>","protected":false},"excerpt":{"rendered":"<p>[vc_row][vc_column][vc_single_image image=&#8221;8383&#8243; img_size=&#8221;full&#8221; alignment=&#8221;center&#8221;][vc_single_image image=&#8221;8357&#8243; img_size=&#8221;full&#8221; alignment=&#8221;center&#8221;][vc_empty_space][\/vc_column][\/vc_row][vc_row type=&#8221;vc_default&#8221; gap=&#8221;35&#8243; equal_height=&#8221;yes&#8221; content_placement=&#8221;middle&#8221;][vc_column][vc_separator color=&#8221;custom&#8221; border_width=&#8221;2&#8243; accent_color=&#8221;#333333&#8243;][\/vc_column][\/vc_row][vc_row type=&#8221;vc_default&#8221;][vc_column offset=&#8221;vc_col-lg-12 vc_col-md-12 vc_col-xs-12&#8243; css=&#8221;.vc_custom_1588148380388{margin-bottom: 50px&hellip;<\/p>\n","protected":false},"author":6,"featured_media":0,"parent":9150,"menu_order":49,"comment_status":"closed","ping_status":"closed","template":"","meta":{"_acf_changed":false,"inline_featured_image":false,"_lmt_disableupdate":"no","_lmt_disable":"","footnotes":""},"class_list":["post-8382","page","type-page","status-publish","hentry","description-off"],"acf":[],"yoast_head":"<!-- This site is optimized with the Yoast SEO plugin v21.2 - https:\/\/yoast.com\/wordpress\/plugins\/seo\/ -->\n<title>Lavoro autonomo e autoimprenditorialit\u00e0 nel contesto della Doppia Transizione Digitale e Verde<\/title>\n<meta name=\"description\" content=\"Il corso \u00e8 rivolto a rivolto a imprenditori, professionisti, tecnici e responsabili amministrativo\/contabili, Responsabili HR\/specialist, CFO, Responsabili dei processi aziendali, interessati ad acquisire competenze utili a migliorare in ottica digitalizzazione processi le aree di presidio organizzativo-gestionale di attivit\u00e0\/funzioni\/aziendale\" \/>\n<meta name=\"robots\" content=\"index, follow, max-snippet:-1, max-image-preview:large, max-video-preview:-1\" \/>\n<link rel=\"canonical\" href=\"https:\/\/www.pianetasicurezza.it\/formazione\/competenze-imprenditoriali-per-loccupabilita-ladattabilita-e-la-creazione-dimpresa-superare-il-gender-gap\/lavoro-autonomo-e-autoimprenditorialita-nel-contesto-della-doppia-transizione-digitale-e-verde-2\/\" \/>\n<meta property=\"og:locale\" content=\"it_IT\" \/>\n<meta property=\"og:type\" content=\"article\" \/>\n<meta property=\"og:title\" content=\"Lavoro autonomo e autoimprenditorialit\u00e0 nel contesto della Doppia Transizione Digitale e Verde\" \/>\n<meta property=\"og:description\" content=\"Il corso \u00e8 rivolto a rivolto a imprenditori, professionisti, tecnici e responsabili amministrativo\/contabili, Responsabili HR\/specialist, CFO, Responsabili dei processi aziendali, interessati ad acquisire competenze utili a migliorare in ottica digitalizzazione processi le aree di presidio organizzativo-gestionale di attivit\u00e0\/funzioni\/aziendale\" \/>\n<meta property=\"og:url\" content=\"https:\/\/www.pianetasicurezza.it\/formazione\/competenze-imprenditoriali-per-loccupabilita-ladattabilita-e-la-creazione-dimpresa-superare-il-gender-gap\/lavoro-autonomo-e-autoimprenditorialita-nel-contesto-della-doppia-transizione-digitale-e-verde-2\/\" \/>\n<meta property=\"og:site_name\" content=\"Formazione | Pianeta Sicurezza Srl\" \/>\n<meta property=\"article:modified_time\" content=\"2024-10-07T09:29:08+00:00\" \/>\n<meta name=\"twitter:card\" content=\"summary_large_image\" \/>\n<meta name=\"twitter:label1\" content=\"Tempo di lettura stimato\" \/>\n\t<meta name=\"twitter:data1\" content=\"3 minuti\" \/>\n<script type=\"application\/ld+json\" class=\"yoast-schema-graph\">{\"@context\":\"https:\/\/schema.org\",\"@graph\":[{\"@type\":\"WebPage\",\"@id\":\"https:\/\/www.pianetasicurezza.it\/formazione\/competenze-imprenditoriali-per-loccupabilita-ladattabilita-e-la-creazione-dimpresa-superare-il-gender-gap\/lavoro-autonomo-e-autoimprenditorialita-nel-contesto-della-doppia-transizione-digitale-e-verde-2\/\",\"url\":\"https:\/\/www.pianetasicurezza.it\/formazione\/competenze-imprenditoriali-per-loccupabilita-ladattabilita-e-la-creazione-dimpresa-superare-il-gender-gap\/lavoro-autonomo-e-autoimprenditorialita-nel-contesto-della-doppia-transizione-digitale-e-verde-2\/\",\"name\":\"Lavoro autonomo e autoimprenditorialit\u00e0 nel contesto della Doppia Transizione Digitale e Verde\",\"isPartOf\":{\"@id\":\"https:\/\/www.pianetasicurezza.it\/formazione\/#website\"},\"datePublished\":\"2023-09-25T13:23:53+00:00\",\"dateModified\":\"2024-10-07T09:29:08+00:00\",\"description\":\"Il corso \u00e8 rivolto a rivolto a imprenditori, professionisti, tecnici e responsabili amministrativo\/contabili, Responsabili HR\/specialist, CFO, Responsabili dei processi aziendali, interessati ad acquisire competenze utili a migliorare in ottica digitalizzazione processi le aree di presidio organizzativo-gestionale di attivit\u00e0\/funzioni\/aziendale\",\"breadcrumb\":{\"@id\":\"https:\/\/www.pianetasicurezza.it\/formazione\/competenze-imprenditoriali-per-loccupabilita-ladattabilita-e-la-creazione-dimpresa-superare-il-gender-gap\/lavoro-autonomo-e-autoimprenditorialita-nel-contesto-della-doppia-transizione-digitale-e-verde-2\/#breadcrumb\"},\"inLanguage\":\"it-IT\",\"potentialAction\":[{\"@type\":\"ReadAction\",\"target\":[\"https:\/\/www.pianetasicurezza.it\/formazione\/competenze-imprenditoriali-per-loccupabilita-ladattabilita-e-la-creazione-dimpresa-superare-il-gender-gap\/lavoro-autonomo-e-autoimprenditorialita-nel-contesto-della-doppia-transizione-digitale-e-verde-2\/\"]}]},{\"@type\":\"BreadcrumbList\",\"@id\":\"https:\/\/www.pianetasicurezza.it\/formazione\/competenze-imprenditoriali-per-loccupabilita-ladattabilita-e-la-creazione-dimpresa-superare-il-gender-gap\/lavoro-autonomo-e-autoimprenditorialita-nel-contesto-della-doppia-transizione-digitale-e-verde-2\/#breadcrumb\",\"itemListElement\":[{\"@type\":\"ListItem\",\"position\":1,\"name\":\"Home\",\"item\":\"https:\/\/www.pianetasicurezza.it\/formazione\/\"},{\"@type\":\"ListItem\",\"position\":2,\"name\":\"COMPETENZE IMPRENDITORIALI PER L\u2019OCCUPABILITA\u2019, L\u2019ADATTABILITA\u2019 E LA CREAZIONE D\u2019IMPRESA &#8211; SUPERARE IL GENDER GAP\",\"item\":\"https:\/\/www.pianetasicurezza.it\/formazione\/competenze-imprenditoriali-per-loccupabilita-ladattabilita-e-la-creazione-dimpresa-superare-il-gender-gap\/\"},{\"@type\":\"ListItem\",\"position\":3,\"name\":\"Lavoro autonomo e autoimprenditorialit\u00e0 nel contesto della Doppia Transizione Digitale e Verde\"}]},{\"@type\":\"WebSite\",\"@id\":\"https:\/\/www.pianetasicurezza.it\/formazione\/#website\",\"url\":\"https:\/\/www.pianetasicurezza.it\/formazione\/\",\"name\":\"Formazione | Pianeta Sicurezza Srl\",\"description\":\"\",\"potentialAction\":[{\"@type\":\"SearchAction\",\"target\":{\"@type\":\"EntryPoint\",\"urlTemplate\":\"https:\/\/www.pianetasicurezza.it\/formazione\/?s={search_term_string}\"},\"query-input\":\"required name=search_term_string\"}],\"inLanguage\":\"it-IT\"}]}<\/script>\n<!-- \/ Yoast SEO plugin. -->","yoast_head_json":{"title":"Lavoro autonomo e autoimprenditorialit\u00e0 nel contesto della Doppia Transizione Digitale e Verde","description":"Il corso \u00e8 rivolto a rivolto a imprenditori, professionisti, tecnici e responsabili amministrativo\/contabili, Responsabili HR\/specialist, CFO, Responsabili dei processi aziendali, interessati ad acquisire competenze utili a migliorare in ottica digitalizzazione processi le aree di presidio organizzativo-gestionale di attivit\u00e0\/funzioni\/aziendale","robots":{"index":"index","follow":"follow","max-snippet":"max-snippet:-1","max-image-preview":"max-image-preview:large","max-video-preview":"max-video-preview:-1"},"canonical":"https:\/\/www.pianetasicurezza.it\/formazione\/competenze-imprenditoriali-per-loccupabilita-ladattabilita-e-la-creazione-dimpresa-superare-il-gender-gap\/lavoro-autonomo-e-autoimprenditorialita-nel-contesto-della-doppia-transizione-digitale-e-verde-2\/","og_locale":"it_IT","og_type":"article","og_title":"Lavoro autonomo e autoimprenditorialit\u00e0 nel contesto della Doppia Transizione Digitale e Verde","og_description":"Il corso \u00e8 rivolto a rivolto a imprenditori, professionisti, tecnici e responsabili amministrativo\/contabili, Responsabili HR\/specialist, CFO, Responsabili dei processi aziendali, interessati ad acquisire competenze utili a migliorare in ottica digitalizzazione processi le aree di presidio organizzativo-gestionale di attivit\u00e0\/funzioni\/aziendale","og_url":"https:\/\/www.pianetasicurezza.it\/formazione\/competenze-imprenditoriali-per-loccupabilita-ladattabilita-e-la-creazione-dimpresa-superare-il-gender-gap\/lavoro-autonomo-e-autoimprenditorialita-nel-contesto-della-doppia-transizione-digitale-e-verde-2\/","og_site_name":"Formazione | Pianeta Sicurezza Srl","article_modified_time":"2024-10-07T09:29:08+00:00","twitter_card":"summary_large_image","twitter_misc":{"Tempo di lettura stimato":"3 minuti"},"schema":{"@context":"https:\/\/schema.org","@graph":[{"@type":"WebPage","@id":"https:\/\/www.pianetasicurezza.it\/formazione\/competenze-imprenditoriali-per-loccupabilita-ladattabilita-e-la-creazione-dimpresa-superare-il-gender-gap\/lavoro-autonomo-e-autoimprenditorialita-nel-contesto-della-doppia-transizione-digitale-e-verde-2\/","url":"https:\/\/www.pianetasicurezza.it\/formazione\/competenze-imprenditoriali-per-loccupabilita-ladattabilita-e-la-creazione-dimpresa-superare-il-gender-gap\/lavoro-autonomo-e-autoimprenditorialita-nel-contesto-della-doppia-transizione-digitale-e-verde-2\/","name":"Lavoro autonomo e autoimprenditorialit\u00e0 nel contesto della Doppia Transizione Digitale e Verde","isPartOf":{"@id":"https:\/\/www.pianetasicurezza.it\/formazione\/#website"},"datePublished":"2023-09-25T13:23:53+00:00","dateModified":"2024-10-07T09:29:08+00:00","description":"Il corso \u00e8 rivolto a rivolto a imprenditori, professionisti, tecnici e responsabili amministrativo\/contabili, Responsabili HR\/specialist, CFO, Responsabili dei processi aziendali, interessati ad acquisire competenze utili a migliorare in ottica digitalizzazione processi le aree di presidio organizzativo-gestionale di attivit\u00e0\/funzioni\/aziendale","breadcrumb":{"@id":"https:\/\/www.pianetasicurezza.it\/formazione\/competenze-imprenditoriali-per-loccupabilita-ladattabilita-e-la-creazione-dimpresa-superare-il-gender-gap\/lavoro-autonomo-e-autoimprenditorialita-nel-contesto-della-doppia-transizione-digitale-e-verde-2\/#breadcrumb"},"inLanguage":"it-IT","potentialAction":[{"@type":"ReadAction","target":["https:\/\/www.pianetasicurezza.it\/formazione\/competenze-imprenditoriali-per-loccupabilita-ladattabilita-e-la-creazione-dimpresa-superare-il-gender-gap\/lavoro-autonomo-e-autoimprenditorialita-nel-contesto-della-doppia-transizione-digitale-e-verde-2\/"]}]},{"@type":"BreadcrumbList","@id":"https:\/\/www.pianetasicurezza.it\/formazione\/competenze-imprenditoriali-per-loccupabilita-ladattabilita-e-la-creazione-dimpresa-superare-il-gender-gap\/lavoro-autonomo-e-autoimprenditorialita-nel-contesto-della-doppia-transizione-digitale-e-verde-2\/#breadcrumb","itemListElement":[{"@type":"ListItem","position":1,"name":"Home","item":"https:\/\/www.pianetasicurezza.it\/formazione\/"},{"@type":"ListItem","position":2,"name":"COMPETENZE IMPRENDITORIALI PER L\u2019OCCUPABILITA\u2019, L\u2019ADATTABILITA\u2019 E LA CREAZIONE D\u2019IMPRESA &#8211; SUPERARE IL GENDER GAP","item":"https:\/\/www.pianetasicurezza.it\/formazione\/competenze-imprenditoriali-per-loccupabilita-ladattabilita-e-la-creazione-dimpresa-superare-il-gender-gap\/"},{"@type":"ListItem","position":3,"name":"Lavoro autonomo e autoimprenditorialit\u00e0 nel contesto della Doppia Transizione Digitale e Verde"}]},{"@type":"WebSite","@id":"https:\/\/www.pianetasicurezza.it\/formazione\/#website","url":"https:\/\/www.pianetasicurezza.it\/formazione\/","name":"Formazione | Pianeta Sicurezza Srl","description":"","potentialAction":[{"@type":"SearchAction","target":{"@type":"EntryPoint","urlTemplate":"https:\/\/www.pianetasicurezza.it\/formazione\/?s={search_term_string}"},"query-input":"required name=search_term_string"}],"inLanguage":"it-IT"}]}},"_links":{"self":[{"href":"https:\/\/pianeta.extrawebapp.it\/formazione\/wp-json\/wp\/v2\/pages\/8382"}],"collection":[{"href":"https:\/\/pianeta.extrawebapp.it\/formazione\/wp-json\/wp\/v2\/pages"}],"about":[{"href":"https:\/\/pianeta.extrawebapp.it\/formazione\/wp-json\/wp\/v2\/types\/page"}],"author":[{"embeddable":true,"href":"https:\/\/pianeta.extrawebapp.it\/formazione\/wp-json\/wp\/v2\/users\/6"}],"replies":[{"embeddable":true,"href":"https:\/\/pianeta.extrawebapp.it\/formazione\/wp-json\/wp\/v2\/comments?post=8382"}],"version-history":[{"count":13,"href":"https:\/\/pianeta.extrawebapp.it\/formazione\/wp-json\/wp\/v2\/pages\/8382\/revisions"}],"predecessor-version":[{"id":9409,"href":"https:\/\/pianeta.extrawebapp.it\/formazione\/wp-json\/wp\/v2\/pages\/8382\/revisions\/9409"}],"up":[{"embeddable":true,"href":"https:\/\/pianeta.extrawebapp.it\/formazione\/wp-json\/wp\/v2\/pages\/9150"}],"wp:attachment":[{"href":"https:\/\/pianeta.extrawebapp.it\/formazione\/wp-json\/wp\/v2\/media?parent=8382"}],"curies":[{"name":"wp","href":"https:\/\/api.w.org\/{rel}","templated":true}]}}