{"id":8378,"date":"2024-09-03T11:00:48","date_gmt":"2024-09-03T09:00:48","guid":{"rendered":"https:\/\/pianeta.extrawebapp.it\/formazione\/?page_id=8378"},"modified":"2025-02-26T12:24:22","modified_gmt":"2025-02-26T11:24:22","slug":"intelligenza-emotiva-gestione-del-tempo-autoefficacia-life-skills-per-il-lavoro-e-il-fare-impresa","status":"publish","type":"page","link":"https:\/\/pianeta.extrawebapp.it\/formazione\/competenze-imprenditoriali-per-loccupabilita-ladattabilita-e-la-creazione-dimpresa-2\/intelligenza-emotiva-gestione-del-tempo-autoefficacia-life-skills-per-il-lavoro-e-il-fare-impresa\/","title":{"rendered":"Intelligenza emotiva, gestione del tempo, autoefficacia \u2013 life skills per il lavoro e il fare impresa"},"content":{"rendered":"<section class=\"wpb-content-wrapper\"><p>[vc_row][vc_column][vc_single_image image=&#8221;9003&#8243; img_size=&#8221;full&#8221; alignment=&#8221;center&#8221;][vc_empty_space][\/vc_column][\/vc_row][vc_row type=&#8221;vc_default&#8221; gap=&#8221;35&#8243; equal_height=&#8221;yes&#8221; content_placement=&#8221;middle&#8221;][vc_column]<div id=\"ultimate-heading-693969f9e7a749967\" class=\"uvc-heading ult-adjust-bottom-margin ultimate-heading-693969f9e7a749967 uvc-4456  uvc-heading-default-font-sizes\" data-hspacer=\"no_spacer\"  data-halign=\"left\" style=\"text-align:left\"><div class=\"uvc-heading-spacer no_spacer\" style=\"top\"><\/div><div class=\"uvc-main-heading ult-responsive\"  data-ultimate-target='.uvc-heading.ultimate-heading-693969f9e7a749967 h2'  data-responsive-json-new='{\"font-size\":\"\",\"line-height\":\"\"}' ><h2 style=\"--font-weight:theme;\">Intelligenza emotiva, gestione del tempo, autoefficacia \u2013 life skills per il lavoro e il fare impresa<\/h2><\/div><\/div>[vc_separator color=&#8221;custom&#8221; border_width=&#8221;2&#8243; accent_color=&#8221;#333333&#8243;][\/vc_column][\/vc_row][vc_row type=&#8221;vc_default&#8221;][vc_column offset=&#8221;vc_col-lg-12 vc_col-md-12 vc_col-xs-12&#8243; css=&#8221;.vc_custom_1588148380388{margin-bottom: 50px !important;}&#8221;][vc_single_image image=&#8221;9063&#8243; img_size=&#8221;full&#8221; alignment=&#8221;center&#8221;][vc_single_image image=&#8221;8916&#8243; img_size=&#8221;large&#8221; alignment=&#8221;center&#8221;][vc_column_text]<\/p>\n<div class=\"elementor-element elementor-element-47fe470 elementor-widget elementor-widget-heading\" data-id=\"47fe470\" data-element_type=\"widget\" data-widget_type=\"heading.default\">\n<div class=\"elementor-widget-container\">\n<div class=\"elementor-element elementor-element-32cbee5 elementor-widget elementor-widget-text-editor\" data-id=\"32cbee5\" data-element_type=\"widget\" data-widget_type=\"text-editor.default\">\n<div class=\"elementor-widget-container\">\n<p>Operazione Rif. PA 2024-21199\/RER approvata con Delibera di Giunta Regionale DGR n. 1133\/2024 del 17\/06\/2024 e realizzata grazie ai Fondi Europei della Regione Emilia-Romagna<\/p>\n<\/div>\n<\/div>\n<div class=\"elementor-element elementor-element-42e794a elementor-widget elementor-widget-heading\" data-id=\"42e794a\" data-element_type=\"widget\" data-widget_type=\"heading.default\">\n<div class=\"elementor-widget-container\">\n<h2 class=\"elementor-heading-title elementor-size-default\">Descrizione del profilo<\/h2>\n<\/div>\n<\/div>\n<div class=\"elementor-element elementor-element-05c2e32 elementor-widget elementor-widget-text-editor\" data-id=\"05c2e32\" data-element_type=\"widget\" data-widget_type=\"text-editor.default\">\n<div class=\"elementor-widget-container\">\n<p><span class=\"S1PPyQ\">Il corso si rivolge a persone che, sulla base di aspettative, inclinazione o attitudine personale, e con fini occupabilit\u00e0 o adattabilit\u00e0 nel mercato del lavoro, intendano acquisire e\/o accrescere competenze imprenditoriali riconducibili alla macro-area EntreComp \u201cGESTIRE RISORSE\u201d, con particolare ma non esclusivo riferimento alle seguenti competenze: \u2013 Consapevolezza di s\u00e8 e autoefficacia; \u2013 Motivazione e perseveranza. Possono partecipare al percorso formativo persone che risultino residenti o domiciliate in regione Emilia-Romagna in data antecedente l\u2019iscrizione alle attivit\u00e0. A fini dell\u2019ammissione al corso, la condizione occupazionale non \u00e8 rilevante. <\/span><\/p>\n<\/div>\n<\/div>\n<div class=\"elementor-element elementor-element-46e1767 elementor-widget elementor-widget-heading\" data-id=\"46e1767\" data-element_type=\"widget\" data-widget_type=\"heading.default\">\n<div class=\"elementor-widget-container\">\n<h2 class=\"elementor-heading-title elementor-size-default\">Contenuti del percorso<\/h2>\n<\/div>\n<\/div>\n<div class=\"elementor-element elementor-element-f38516b elementor-widget elementor-widget-text-editor\" data-id=\"f38516b\" data-element_type=\"widget\" data-widget_type=\"text-editor.default\">\n<div class=\"elementor-widget-container\">\n<p>A fini di personalizzazione dell\u2019offerta formativa, i contenuti di dettaglio verranno definiti in fase di avvio delle singole edizioni, sulla base dei fabbisogni dei singoli partecipanti e del gruppo classe.<\/p>\n<p>Macro-contenuti di riferimento:<\/p>\n<p>INTELLIGENZA EMOTIVA<\/p>\n<ul>\n<li>Riconoscere e gestire le proprie emozioni<\/li>\n<li>Aumentare la propria resilienza<\/li>\n<li>Gestire i conflitti in modo costruttivo<\/li>\n<li>Saper gestire lo stress e prevenire il burn-out<\/li>\n<\/ul>\n<p>GESTIONE DEL TEMPO<\/p>\n<ul>\n<li>Utilizzare strategie e strumenti di gestione efficace del tempo<\/li>\n<li>Il tempo di lavoro in ottica di conciliazione con le altre dimensioni del tempo di vita<\/li>\n<\/ul>\n<p>SELF EMPOWERMENT<\/p>\n<ul>\n<li>Riconoscere le proprie risorse e potenziare l\u2019autostima<\/li>\n<li>Riconoscere e aumentare il proprio senso di autoefficacia<\/li>\n<li>Superare la propria zona di comfort e reagire in modo flessibile al cambiamento<\/li>\n<\/ul>\n<\/div>\n<\/div>\n<div class=\"elementor-element elementor-element-998da78 elementor-widget elementor-widget-heading\" data-id=\"998da78\" data-element_type=\"widget\" data-widget_type=\"heading.default\">\n<div class=\"elementor-widget-container\">\n<h2 class=\"elementor-heading-title elementor-size-default\">Attestato<\/h2>\n<\/div>\n<\/div>\n<div class=\"elementor-element elementor-element-67fef90 elementor-widget elementor-widget-text-editor\" data-id=\"67fef90\" data-element_type=\"widget\" data-widget_type=\"text-editor.default\">\n<div class=\"elementor-widget-container\">\n<p><span class=\"S1PPyQ\">Al termine del percorso formativo verr\u00e0 rilasciato un attestato di frequenza.<\/span><\/p>\n<\/div>\n<\/div>\n<div class=\"elementor-element elementor-element-135c164 elementor-widget elementor-widget-heading\" data-id=\"135c164\" data-element_type=\"widget\" data-widget_type=\"heading.default\">\n<div class=\"elementor-widget-container\">\n<h2 class=\"elementor-heading-title elementor-size-default\">Requisiti e Destinatari<\/h2>\n<\/div>\n<\/div>\n<div class=\"elementor-element elementor-element-2312e7e elementor-widget elementor-widget-text-editor\" data-id=\"2312e7e\" data-element_type=\"widget\" data-widget_type=\"text-editor.default\">\n<div class=\"elementor-widget-container\">\n<p><span class=\"S1PPyQ\">Possono partecipare al percorso formativo persone che risultino residenti o domiciliate in regione Emilia-Romagna in data antecedente l\u2019iscrizione alle attivit\u00e0.<br \/>\nA fini dell\u2019ammissione al corso, la condizione occupazionale non \u00e8 rilevante.<\/span><\/p>\n<p>Trattandosi di un percorso a carattere introduttivo e trasversale, non \u00e8 richiesto il possesso di requisiti sostanziali d\u2019accesso.<\/p>\n<\/div>\n<\/div>\n<div class=\"elementor-element elementor-element-1496d7e elementor-widget elementor-widget-heading\" data-id=\"1496d7e\" data-element_type=\"widget\" data-widget_type=\"heading.default\">\n<div class=\"elementor-widget-container\">\n<h2 class=\"elementor-heading-title elementor-size-default\">Modalit\u00e0 di Selezione<\/h2>\n<\/div>\n<\/div>\n<div class=\"elementor-element elementor-element-1093364 elementor-widget elementor-widget-text-editor\" data-id=\"1093364\" data-element_type=\"widget\" data-widget_type=\"text-editor.default\">\n<div class=\"elementor-widget-container\">\n<p class=\"_04xlpA direction-ltr align-justify para-style-title\"><span class=\"S1PPyQ\">Nel caso in cui il numero delle richieste superi i posti disponibili, verr\u00e0 data priorit\u00e0 alle persone disoccupate, al fine di facilitarne l\u2019ingresso nel mercato del lavoro. In caso di pari condizione, verr\u00e0 data priorit\u00e0 alle persone in possesso di titolo di studio di livello inferiore. In caso di ulteriore parit\u00e0 si valuter\u00e0 l\u2019ordine di arrivo delle domande. Il corso verr\u00e0 attivato al raggiungimento del numero minimo di 8 partecipanti ammissibili ed \u00e8 aperto ad un massimo di 12 partecipanti<\/span><\/p>\n<\/div>\n<\/div>\n<\/div>\n<\/div>\n<p>[\/vc_column_text][\/vc_column][\/vc_row][vc_row][vc_column][vc_column_text]<\/p>\n<h2 style=\"text-align: center;\"><a href=\"https:\/\/pianeta.extrawebapp.it\/formazione\/wp-content\/uploads\/sites\/6\/2024\/10\/Competenze-imprenditoriali-Rif.Pa-2024-21199-Prog.5-1.pdf\"><strong><span style=\"color: #0000ff;\">SCARICA LA LOCANDINA DEL CORSO<\/span><\/strong><\/a><\/h2>\n<p>[\/vc_column_text][\/vc_column][\/vc_row][vc_row type=&#8221;vc_default&#8221;][vc_column offset=&#8221;vc_col-lg-12 vc_col-md-12 vc_col-xs-12&#8243; css=&#8221;.vc_custom_1588148380388{margin-bottom: 50px !important;}&#8221;][vc_column_text]Per ulteriori informazioni rivolgersi a:<\/p>\n<p>Dott.ssa Rosa Anna Casalino \u2013 Dott.ssa Pamela Cafagna<br \/>\nTel. 0547-1825179<br \/>\nE-mail:\u00a0<a href=\"mailto:rosaanna.casalino@pianetasicurezza.it\">rosaanna.casalino@pianetasicurezza.it<\/a>\u00a0\u2013\u00a0<a href=\"mailto:pamela.cafagna@pianetasicurezza.it\">pamela.cafagna@pianetasicurezza.it<\/a><\/p>\n<p>&nbsp;<\/p>\n<p>[\/vc_column_text][vc_single_image image=&#8221;9059&#8243; img_size=&#8221;large&#8221; alignment=&#8221;center&#8221;][\/vc_column][\/vc_row]<\/p>\n<\/section>","protected":false},"excerpt":{"rendered":"<p>[vc_row][vc_column][vc_single_image image=&#8221;9003&#8243; img_size=&#8221;full&#8221; alignment=&#8221;center&#8221;][vc_empty_space][\/vc_column][\/vc_row][vc_row type=&#8221;vc_default&#8221; gap=&#8221;35&#8243; equal_height=&#8221;yes&#8221; content_placement=&#8221;middle&#8221;][vc_column][vc_separator color=&#8221;custom&#8221; border_width=&#8221;2&#8243; accent_color=&#8221;#333333&#8243;][\/vc_column][\/vc_row][vc_row type=&#8221;vc_default&#8221;][vc_column offset=&#8221;vc_col-lg-12 vc_col-md-12 vc_col-xs-12&#8243; css=&#8221;.vc_custom_1588148380388{margin-bottom: 50px !important;}&#8221;][vc_single_image image=&#8221;9063&#8243; img_size=&#8221;full&#8221;&hellip;<\/p>\n","protected":false},"author":6,"featured_media":0,"parent":9107,"menu_order":49,"comment_status":"closed","ping_status":"closed","template":"","meta":{"_acf_changed":false,"inline_featured_image":false,"_lmt_disableupdate":"no","_lmt_disable":"","footnotes":""},"class_list":["post-8378","page","type-page","status-publish","hentry","description-off"],"acf":[],"yoast_head":"<!-- This site is optimized with the Yoast SEO plugin v21.2 - https:\/\/yoast.com\/wordpress\/plugins\/seo\/ -->\n<title>Intelligenza emotiva, gestione del tempo, autoefficacia<\/title>\n<meta name=\"description\" content=\"Il corso \u00e8 rivolto a rivolto a imprenditori, professionisti, responsabili dei processi, responsabili Facility Mgmt, tecnici della qualit\u00e0\/ambientai interessati ad acquisire competenze utili ad allargare gli orizzonti della propria attivit\u00e0\/azienda afferenti Modelli Business sostenibile, principi di Mindset sostenibile, Corporate Social Responsibility, Eco-Innovazione, Lean Thinking orientato alla Sostenibilit\u00e0, KPI della Sostenibilit\u00e0 aziendale\" \/>\n<meta name=\"robots\" content=\"index, follow, max-snippet:-1, max-image-preview:large, max-video-preview:-1\" \/>\n<link rel=\"canonical\" href=\"https:\/\/www.pianetasicurezza.it\/formazione\/competenze-imprenditoriali-per-loccupabilita-ladattabilita-e-la-creazione-dimpresa-2\/intelligenza-emotiva-gestione-del-tempo-autoefficacia-life-skills-per-il-lavoro-e-il-fare-impresa\/\" \/>\n<meta property=\"og:locale\" content=\"it_IT\" \/>\n<meta property=\"og:type\" content=\"article\" \/>\n<meta property=\"og:title\" content=\"Intelligenza emotiva, gestione del tempo, autoefficacia\" \/>\n<meta property=\"og:description\" content=\"Il corso \u00e8 rivolto a rivolto a imprenditori, professionisti, responsabili dei processi, responsabili Facility Mgmt, tecnici della qualit\u00e0\/ambientai interessati ad acquisire competenze utili ad allargare gli orizzonti della propria attivit\u00e0\/azienda afferenti Modelli Business sostenibile, principi di Mindset sostenibile, Corporate Social Responsibility, Eco-Innovazione, Lean Thinking orientato alla Sostenibilit\u00e0, KPI della Sostenibilit\u00e0 aziendale\" \/>\n<meta property=\"og:url\" content=\"https:\/\/www.pianetasicurezza.it\/formazione\/competenze-imprenditoriali-per-loccupabilita-ladattabilita-e-la-creazione-dimpresa-2\/intelligenza-emotiva-gestione-del-tempo-autoefficacia-life-skills-per-il-lavoro-e-il-fare-impresa\/\" \/>\n<meta property=\"og:site_name\" content=\"Formazione | Pianeta Sicurezza Srl\" \/>\n<meta property=\"article:modified_time\" content=\"2025-02-26T11:24:22+00:00\" \/>\n<meta name=\"twitter:card\" content=\"summary_large_image\" \/>\n<meta name=\"twitter:label1\" content=\"Tempo di lettura stimato\" \/>\n\t<meta name=\"twitter:data1\" content=\"3 minuti\" \/>\n<script type=\"application\/ld+json\" class=\"yoast-schema-graph\">{\"@context\":\"https:\/\/schema.org\",\"@graph\":[{\"@type\":\"WebPage\",\"@id\":\"https:\/\/www.pianetasicurezza.it\/formazione\/competenze-imprenditoriali-per-loccupabilita-ladattabilita-e-la-creazione-dimpresa-2\/intelligenza-emotiva-gestione-del-tempo-autoefficacia-life-skills-per-il-lavoro-e-il-fare-impresa\/\",\"url\":\"https:\/\/www.pianetasicurezza.it\/formazione\/competenze-imprenditoriali-per-loccupabilita-ladattabilita-e-la-creazione-dimpresa-2\/intelligenza-emotiva-gestione-del-tempo-autoefficacia-life-skills-per-il-lavoro-e-il-fare-impresa\/\",\"name\":\"Intelligenza emotiva, gestione del tempo, autoefficacia\",\"isPartOf\":{\"@id\":\"https:\/\/www.pianetasicurezza.it\/formazione\/#website\"},\"datePublished\":\"2024-09-03T09:00:48+00:00\",\"dateModified\":\"2025-02-26T11:24:22+00:00\",\"description\":\"Il corso \u00e8 rivolto a rivolto a imprenditori, professionisti, responsabili dei processi, responsabili Facility Mgmt, tecnici della qualit\u00e0\/ambientai interessati ad acquisire competenze utili ad allargare gli orizzonti della propria attivit\u00e0\/azienda afferenti Modelli Business sostenibile, principi di Mindset sostenibile, Corporate Social Responsibility, Eco-Innovazione, Lean Thinking orientato alla Sostenibilit\u00e0, KPI della Sostenibilit\u00e0 aziendale\",\"breadcrumb\":{\"@id\":\"https:\/\/www.pianetasicurezza.it\/formazione\/competenze-imprenditoriali-per-loccupabilita-ladattabilita-e-la-creazione-dimpresa-2\/intelligenza-emotiva-gestione-del-tempo-autoefficacia-life-skills-per-il-lavoro-e-il-fare-impresa\/#breadcrumb\"},\"inLanguage\":\"it-IT\",\"potentialAction\":[{\"@type\":\"ReadAction\",\"target\":[\"https:\/\/www.pianetasicurezza.it\/formazione\/competenze-imprenditoriali-per-loccupabilita-ladattabilita-e-la-creazione-dimpresa-2\/intelligenza-emotiva-gestione-del-tempo-autoefficacia-life-skills-per-il-lavoro-e-il-fare-impresa\/\"]}]},{\"@type\":\"BreadcrumbList\",\"@id\":\"https:\/\/www.pianetasicurezza.it\/formazione\/competenze-imprenditoriali-per-loccupabilita-ladattabilita-e-la-creazione-dimpresa-2\/intelligenza-emotiva-gestione-del-tempo-autoefficacia-life-skills-per-il-lavoro-e-il-fare-impresa\/#breadcrumb\",\"itemListElement\":[{\"@type\":\"ListItem\",\"position\":1,\"name\":\"Home\",\"item\":\"https:\/\/www.pianetasicurezza.it\/formazione\/\"},{\"@type\":\"ListItem\",\"position\":2,\"name\":\"Competenze imprenditoriali per l\u2019occupabilit\u00e0, l&#8217;adattabilit\u00e0 e la creazione d\u2019impresa\",\"item\":\"https:\/\/www.pianetasicurezza.it\/formazione\/competenze-imprenditoriali-per-loccupabilita-ladattabilita-e-la-creazione-dimpresa-2\/\"},{\"@type\":\"ListItem\",\"position\":3,\"name\":\"Intelligenza emotiva, gestione del tempo, autoefficacia \u2013 life skills per il lavoro e il fare impresa\"}]},{\"@type\":\"WebSite\",\"@id\":\"https:\/\/www.pianetasicurezza.it\/formazione\/#website\",\"url\":\"https:\/\/www.pianetasicurezza.it\/formazione\/\",\"name\":\"Formazione | Pianeta Sicurezza Srl\",\"description\":\"\",\"potentialAction\":[{\"@type\":\"SearchAction\",\"target\":{\"@type\":\"EntryPoint\",\"urlTemplate\":\"https:\/\/www.pianetasicurezza.it\/formazione\/?s={search_term_string}\"},\"query-input\":\"required name=search_term_string\"}],\"inLanguage\":\"it-IT\"}]}<\/script>\n<!-- \/ Yoast SEO plugin. -->","yoast_head_json":{"title":"Intelligenza emotiva, gestione del tempo, autoefficacia","description":"Il corso \u00e8 rivolto a rivolto a imprenditori, professionisti, responsabili dei processi, responsabili Facility Mgmt, tecnici della qualit\u00e0\/ambientai interessati ad acquisire competenze utili ad allargare gli orizzonti della propria attivit\u00e0\/azienda afferenti Modelli Business sostenibile, principi di Mindset sostenibile, Corporate Social Responsibility, Eco-Innovazione, Lean Thinking orientato alla Sostenibilit\u00e0, KPI della Sostenibilit\u00e0 aziendale","robots":{"index":"index","follow":"follow","max-snippet":"max-snippet:-1","max-image-preview":"max-image-preview:large","max-video-preview":"max-video-preview:-1"},"canonical":"https:\/\/www.pianetasicurezza.it\/formazione\/competenze-imprenditoriali-per-loccupabilita-ladattabilita-e-la-creazione-dimpresa-2\/intelligenza-emotiva-gestione-del-tempo-autoefficacia-life-skills-per-il-lavoro-e-il-fare-impresa\/","og_locale":"it_IT","og_type":"article","og_title":"Intelligenza emotiva, gestione del tempo, autoefficacia","og_description":"Il corso \u00e8 rivolto a rivolto a imprenditori, professionisti, responsabili dei processi, responsabili Facility Mgmt, tecnici della qualit\u00e0\/ambientai interessati ad acquisire competenze utili ad allargare gli orizzonti della propria attivit\u00e0\/azienda afferenti Modelli Business sostenibile, principi di Mindset sostenibile, Corporate Social Responsibility, Eco-Innovazione, Lean Thinking orientato alla Sostenibilit\u00e0, KPI della Sostenibilit\u00e0 aziendale","og_url":"https:\/\/www.pianetasicurezza.it\/formazione\/competenze-imprenditoriali-per-loccupabilita-ladattabilita-e-la-creazione-dimpresa-2\/intelligenza-emotiva-gestione-del-tempo-autoefficacia-life-skills-per-il-lavoro-e-il-fare-impresa\/","og_site_name":"Formazione | Pianeta Sicurezza Srl","article_modified_time":"2025-02-26T11:24:22+00:00","twitter_card":"summary_large_image","twitter_misc":{"Tempo di lettura stimato":"3 minuti"},"schema":{"@context":"https:\/\/schema.org","@graph":[{"@type":"WebPage","@id":"https:\/\/www.pianetasicurezza.it\/formazione\/competenze-imprenditoriali-per-loccupabilita-ladattabilita-e-la-creazione-dimpresa-2\/intelligenza-emotiva-gestione-del-tempo-autoefficacia-life-skills-per-il-lavoro-e-il-fare-impresa\/","url":"https:\/\/www.pianetasicurezza.it\/formazione\/competenze-imprenditoriali-per-loccupabilita-ladattabilita-e-la-creazione-dimpresa-2\/intelligenza-emotiva-gestione-del-tempo-autoefficacia-life-skills-per-il-lavoro-e-il-fare-impresa\/","name":"Intelligenza emotiva, gestione del tempo, autoefficacia","isPartOf":{"@id":"https:\/\/www.pianetasicurezza.it\/formazione\/#website"},"datePublished":"2024-09-03T09:00:48+00:00","dateModified":"2025-02-26T11:24:22+00:00","description":"Il corso \u00e8 rivolto a rivolto a imprenditori, professionisti, responsabili dei processi, responsabili Facility Mgmt, tecnici della qualit\u00e0\/ambientai interessati ad acquisire competenze utili ad allargare gli orizzonti della propria attivit\u00e0\/azienda afferenti Modelli Business sostenibile, principi di Mindset sostenibile, Corporate Social Responsibility, Eco-Innovazione, Lean Thinking orientato alla Sostenibilit\u00e0, KPI della Sostenibilit\u00e0 aziendale","breadcrumb":{"@id":"https:\/\/www.pianetasicurezza.it\/formazione\/competenze-imprenditoriali-per-loccupabilita-ladattabilita-e-la-creazione-dimpresa-2\/intelligenza-emotiva-gestione-del-tempo-autoefficacia-life-skills-per-il-lavoro-e-il-fare-impresa\/#breadcrumb"},"inLanguage":"it-IT","potentialAction":[{"@type":"ReadAction","target":["https:\/\/www.pianetasicurezza.it\/formazione\/competenze-imprenditoriali-per-loccupabilita-ladattabilita-e-la-creazione-dimpresa-2\/intelligenza-emotiva-gestione-del-tempo-autoefficacia-life-skills-per-il-lavoro-e-il-fare-impresa\/"]}]},{"@type":"BreadcrumbList","@id":"https:\/\/www.pianetasicurezza.it\/formazione\/competenze-imprenditoriali-per-loccupabilita-ladattabilita-e-la-creazione-dimpresa-2\/intelligenza-emotiva-gestione-del-tempo-autoefficacia-life-skills-per-il-lavoro-e-il-fare-impresa\/#breadcrumb","itemListElement":[{"@type":"ListItem","position":1,"name":"Home","item":"https:\/\/www.pianetasicurezza.it\/formazione\/"},{"@type":"ListItem","position":2,"name":"Competenze imprenditoriali per l\u2019occupabilit\u00e0, l&#8217;adattabilit\u00e0 e la creazione d\u2019impresa","item":"https:\/\/www.pianetasicurezza.it\/formazione\/competenze-imprenditoriali-per-loccupabilita-ladattabilita-e-la-creazione-dimpresa-2\/"},{"@type":"ListItem","position":3,"name":"Intelligenza emotiva, gestione del tempo, autoefficacia \u2013 life skills per il lavoro e il fare impresa"}]},{"@type":"WebSite","@id":"https:\/\/www.pianetasicurezza.it\/formazione\/#website","url":"https:\/\/www.pianetasicurezza.it\/formazione\/","name":"Formazione | Pianeta Sicurezza Srl","description":"","potentialAction":[{"@type":"SearchAction","target":{"@type":"EntryPoint","urlTemplate":"https:\/\/www.pianetasicurezza.it\/formazione\/?s={search_term_string}"},"query-input":"required name=search_term_string"}],"inLanguage":"it-IT"}]}},"_links":{"self":[{"href":"https:\/\/pianeta.extrawebapp.it\/formazione\/wp-json\/wp\/v2\/pages\/8378"}],"collection":[{"href":"https:\/\/pianeta.extrawebapp.it\/formazione\/wp-json\/wp\/v2\/pages"}],"about":[{"href":"https:\/\/pianeta.extrawebapp.it\/formazione\/wp-json\/wp\/v2\/types\/page"}],"author":[{"embeddable":true,"href":"https:\/\/pianeta.extrawebapp.it\/formazione\/wp-json\/wp\/v2\/users\/6"}],"replies":[{"embeddable":true,"href":"https:\/\/pianeta.extrawebapp.it\/formazione\/wp-json\/wp\/v2\/comments?post=8378"}],"version-history":[{"count":19,"href":"https:\/\/pianeta.extrawebapp.it\/formazione\/wp-json\/wp\/v2\/pages\/8378\/revisions"}],"predecessor-version":[{"id":10101,"href":"https:\/\/pianeta.extrawebapp.it\/formazione\/wp-json\/wp\/v2\/pages\/8378\/revisions\/10101"}],"up":[{"embeddable":true,"href":"https:\/\/pianeta.extrawebapp.it\/formazione\/wp-json\/wp\/v2\/pages\/9107"}],"wp:attachment":[{"href":"https:\/\/pianeta.extrawebapp.it\/formazione\/wp-json\/wp\/v2\/media?parent=8378"}],"curies":[{"name":"wp","href":"https:\/\/api.w.org\/{rel}","templated":true}]}}