{"id":7614,"date":"2023-09-15T17:10:49","date_gmt":"2023-09-15T15:10:49","guid":{"rendered":"https:\/\/pianeta.extrawebapp.it\/formazione\/?page_id=7614"},"modified":"2024-01-19T12:00:15","modified_gmt":"2024-01-19T11:00:15","slug":"superare-il-digital-divide-competenze-di-accesso-pc","status":"publish","type":"page","link":"https:\/\/pianeta.extrawebapp.it\/formazione\/superare-il-digital-divide-competenze-di-accesso-pc\/","title":{"rendered":"Superare il Digital Divide \u2013 competenze di accesso (PC)"},"content":{"rendered":"<section class=\"wpb-content-wrapper\"><p>[vc_row][vc_column][vc_single_image image=&#8221;8313&#8243; img_size=&#8221;full&#8221; alignment=&#8221;center&#8221;][vc_row_inner][vc_column_inner][vc_single_image image=&#8221;8709&#8243; img_size=&#8221;full&#8221; alignment=&#8221;center&#8221;][\/vc_column_inner][\/vc_row_inner][\/vc_column][\/vc_row][vc_row type=&#8221;vc_default&#8221; gap=&#8221;35&#8243; equal_height=&#8221;yes&#8221; content_placement=&#8221;middle&#8221;][vc_column]<div id=\"ultimate-heading-598569f52aea4288c\" class=\"uvc-heading ult-adjust-bottom-margin ultimate-heading-598569f52aea4288c uvc-3697  uvc-heading-default-font-sizes\" data-hspacer=\"no_spacer\"  data-halign=\"left\" style=\"text-align:left\"><div class=\"uvc-heading-spacer no_spacer\" style=\"top\"><\/div><div class=\"uvc-main-heading ult-responsive\"  data-ultimate-target='.uvc-heading.ultimate-heading-598569f52aea4288c h2'  data-responsive-json-new='{\"font-size\":\"\",\"line-height\":\"\"}' ><h2 style=\"--font-weight:theme;\">Superare il Digital Divide \u2013 competenze di accesso (PC)<\/h2><\/div><\/div>[vc_separator color=&#8221;custom&#8221; border_width=&#8221;2&#8243; accent_color=&#8221;#333333&#8243;][\/vc_column][\/vc_row][vc_row type=&#8221;vc_default&#8221;][vc_column offset=&#8221;vc_col-lg-12 vc_col-md-12 vc_col-xs-12&#8243; css=&#8221;.vc_custom_1588148380388{margin-bottom: 50px !important;}&#8221;][vc_single_image image=&#8221;8635&#8243; img_size=&#8221;full&#8221; alignment=&#8221;center&#8221;][vc_column_text]<\/p>\n<div class=\"elementor-element elementor-element-47fe470 elementor-widget elementor-widget-heading\" data-id=\"47fe470\" data-element_type=\"widget\" data-widget_type=\"heading.default\">\n<div class=\"elementor-widget-container\">\n<h4><em><span class=\"S1PPyQ\"><span class=\"OYPEnA text-decoration-none text-strikethrough-none\">Rif P.A: 2023-20240\/RER approvata con deliberazione di Giunta Regionale n. DGR 1926\/2023 del 13\/11\/2023 e cofinanziata con risorse del Fondo sociale europeo+<\/span><\/span><\/em><\/h4>\n<h2><\/h2>\n<h3 class=\"elementor-heading-title elementor-size-default\">Descrizione del profilo<\/h3>\n<\/div>\n<\/div>\n<div class=\"elementor-element elementor-element-138cb29 elementor-widget elementor-widget-text-editor\" data-id=\"138cb29\" data-element_type=\"widget\" data-widget_type=\"text-editor.default\">\n<div class=\"elementor-widget-container\">\n<p class=\"_04xlpA direction-ltr align-justify para-style-title\">Il corso si rivolge a donne che necessitano di azioni formative per acquisire conoscenze e competenze digitali utili a rafforzare la propria occupabilit\u00e0 e adattabilit\u00e0, nonch\u00e9 per rendere maggiormente spendibili nel mercato del lavoro le proprie competenze e professionalit\u00e0, anche maturate in precedenti percorsi formativi ed esperienze lavorative. Pi\u00f9 in specifico, il corso \u00e8 pensato per donne che abbiano necessit\u00e0 di acquisire conoscenze e competenze riconducibili all\u2019Area \u201cAlfabetizzazione su informazioni e dati \u2013 livello base\u201d del Framework europeo DigComp 2.2, con particolare riferimento all\u2019utilizzo del pc per gestire file, navigare in rete, inviare e ricevere messaggi di posta elettronica.<\/p>\n<\/div>\n<\/div>\n<div class=\"elementor-element elementor-element-46e1767 elementor-widget elementor-widget-heading\" data-id=\"46e1767\" data-element_type=\"widget\" data-widget_type=\"heading.default\">\n<div class=\"elementor-widget-container\">\n<h3 class=\"elementor-heading-title elementor-size-default\">Macro Obiettivi<\/h3>\n<\/div>\n<\/div>\n<div class=\"elementor-element elementor-element-f38516b elementor-widget elementor-widget-text-editor\" data-id=\"f38516b\" data-element_type=\"widget\" data-widget_type=\"text-editor.default\">\n<div class=\"elementor-widget-container\">\n<div class=\"elementor-element elementor-element-cb73a1b elementor-widget elementor-widget-text-editor\" data-id=\"cb73a1b\" data-element_type=\"widget\" data-widget_type=\"text-editor.default\">\n<div class=\"elementor-widget-container\">\n<ul>\n<li><span id=\"page5R_mcid31\" class=\"markedContent\"><span dir=\"ltr\" role=\"presentation\">Computer e dispositivi: Hardware, Software e licenze;<\/span><\/span><span id=\"page5R_mcid32\" class=\"markedContent\">\u00a0<span dir=\"ltr\" role=\"presentation\">Desktop, icone, impostazioni;<\/span><\/span><span id=\"page5R_mcid33\" class=\"markedContent\"><\/span><span id=\"page5R_mcid34\" class=\"markedContent\">\u00a0<span dir=\"ltr\" role=\"presentation\">stampanti e<\/span><\/span><span id=\"page5R_mcid35\" class=\"markedContent\"><br role=\"presentation\" \/><span dir=\"ltr\" role=\"presentation\">output;<\/span><\/span><\/li>\n<li><span id=\"page5R_mcid35\" class=\"markedContent\"><span dir=\"ltr\" role=\"presentation\">gestione dei file: creazione e organizzazione di file e cartelle;<\/span><\/span><\/li>\n<li><span id=\"page5R_mcid35\" class=\"markedContent\"><span dir=\"ltr\" role=\"presentation\">archiviazione e compressione;<\/span><\/span><span id=\"page5R_mcid36\" class=\"markedContent\"><br role=\"presentation\" \/><\/span><\/li>\n<li><span id=\"page5R_mcid36\" class=\"markedContent\"><span dir=\"ltr\" role=\"presentation\">navigazione in rete: utilizzo del browser;<\/span><\/span><\/li>\n<li><span id=\"page5R_mcid36\" class=\"markedContent\"><span dir=\"ltr\" role=\"presentation\">risultati delle ricerche;<\/span><\/span><span id=\"page5R_mcid37\" class=\"markedContent\"><\/span><span id=\"page5R_mcid38\" class=\"markedContent\"><\/span><\/li>\n<li><span id=\"page5R_mcid38\" class=\"markedContent\"><span dir=\"ltr\" role=\"presentation\">uso della posta elettronica;<\/span><\/span><\/li>\n<li><span id=\"page5R_mcid38\" class=\"markedContent\"><span dir=\"ltr\" role=\"presentation\">sicurezza:\u00a0<\/span><\/span><span id=\"page5R_mcid39\" class=\"markedContent\"><span dir=\"ltr\" role=\"presentation\">protezione di dati e dispositivi;<\/span><\/span><\/li>\n<li><span id=\"page5R_mcid39\" class=\"markedContent\"><span dir=\"ltr\" role=\"presentation\">malware;<\/span><\/span><\/li>\n<li><span id=\"page5R_mcid39\" class=\"markedContent\"><span dir=\"ltr\" role=\"presentation\">sicurezza degli accessi;<\/span><\/span><\/li>\n<li><span id=\"page5R_mcid39\" class=\"markedContent\"><span dir=\"ltr\" role=\"presentation\">fondamenti di ergonomia ed utilizzo in\u00a0<\/span><\/span><span id=\"page5R_mcid40\" class=\"markedContent\"><span dir=\"ltr\" role=\"presentation\">sicurezza<\/span>\u00a0<span dir=\"ltr\" role=\"presentation\">panoramica<\/span>\u00a0<span dir=\"ltr\" role=\"presentation\">sulle<\/span>\u00a0<span dir=\"ltr\" role=\"presentation\">funzioni<\/span>\u00a0<span dir=\"ltr\" role=\"presentation\">elementari<\/span>\u00a0<span dir=\"ltr\" role=\"presentation\">video-scrittura,<\/span>\u00a0<span dir=\"ltr\" role=\"presentation\">calcolo<\/span>\u00a0<span dir=\"ltr\" role=\"presentation\">tramite<\/span>\u00a0<span dir=\"ltr\" role=\"presentation\">fogli<\/span>\u00a0<span dir=\"ltr\" role=\"presentation\">elettronici,<\/span><\/span><span id=\"page5R_mcid41\" class=\"markedContent\"><br role=\"presentation\" \/><span dir=\"ltr\" role=\"presentation\">presentazioni.<\/span><\/span><\/li>\n<\/ul>\n<\/div>\n<\/div>\n<\/div>\n<\/div>\n<div class=\"elementor-element elementor-element-998da78 elementor-widget elementor-widget-heading\" data-id=\"998da78\" data-element_type=\"widget\" data-widget_type=\"heading.default\">\n<div class=\"elementor-widget-container\">\n<h3 class=\"elementor-heading-title elementor-size-default\">Attestato<\/h3>\n<\/div>\n<\/div>\n<div class=\"elementor-element elementor-element-67fef90 elementor-widget elementor-widget-text-editor\" data-id=\"67fef90\" data-element_type=\"widget\" data-widget_type=\"text-editor.default\">\n<div class=\"elementor-widget-container\">\n<p><span class=\"S1PPyQ\">Al termine del percorso formativo verr\u00e0 rilasciato un attestato di frequenza.<\/span><\/p>\n<\/div>\n<\/div>\n<div class=\"elementor-element elementor-element-135c164 elementor-widget elementor-widget-heading\" data-id=\"135c164\" data-element_type=\"widget\" data-widget_type=\"heading.default\">\n<div class=\"elementor-widget-container\">\n<h3 class=\"elementor-heading-title elementor-size-default\">Requisiti e Destinatari<\/h3>\n<\/div>\n<\/div>\n<div class=\"elementor-element elementor-element-2312e7e elementor-widget elementor-widget-text-editor\" data-id=\"2312e7e\" data-element_type=\"widget\" data-widget_type=\"text-editor.default\">\n<div class=\"elementor-widget-container\">\n<p><span class=\"S1PPyQ\">Possono partecipare al percorso formativo donne che risultino residenti o domiciliate in Regione Emilia-Romagna in data antecedente all\u2019iscrizione alle attivit\u00e0.<br \/>\n<\/span><span class=\"S1PPyQ\">Trattandosi di un percorso introduttivo e trasversale, non \u00e8 richiesto il possesso di requisiti sostanziali d\u2019accesso.<\/span><\/p>\n<\/div>\n<\/div>\n<div class=\"elementor-element elementor-element-1496d7e elementor-widget elementor-widget-heading\" data-id=\"1496d7e\" data-element_type=\"widget\" data-widget_type=\"heading.default\">\n<div class=\"elementor-widget-container\">\n<h3 class=\"elementor-heading-title elementor-size-default\">Modalit\u00e0 di Selezione<\/h3>\n<\/div>\n<\/div>\n<div class=\"elementor-element elementor-element-1093364 elementor-widget elementor-widget-text-editor\" data-id=\"1093364\" data-element_type=\"widget\" data-widget_type=\"text-editor.default\">\n<div class=\"elementor-widget-container\">\n<p class=\"_04xlpA direction-ltr align-justify para-style-title\"><span class=\"S1PPyQ\">Nel caso in cui il numero delle richieste superi i posti disponibili, verr\u00e0 data priorit\u00e0 alle donne disoccupate, al fine di facilitarne l\u2019ingresso nel mercato del lavoro.<br \/>\n<\/span><span class=\"S1PPyQ\">In caso di pari condizione, verr\u00e0 data priorit\u00e0 alle donne in possesso di titolo di studio di livello inferiore.<br \/>\n<\/span><span class=\"S1PPyQ\">In caso di ulteriore parit\u00e0 si valuter\u00e0 l\u2019ordine di arrivo delle domande.<br \/>\n<\/span><span class=\"S1PPyQ\">Il corso verr\u00e0 attivato al raggiungimento del numero minimo di 8 partecipanti.<\/span><\/p>\n<\/div>\n<\/div>\n<p>[\/vc_column_text][\/vc_column][\/vc_row][vc_row type=&#8221;vc_default&#8221;][vc_column offset=&#8221;vc_col-lg-12 vc_col-md-12 vc_col-xs-12&#8243; css=&#8221;.vc_custom_1588148380388{margin-bottom: 50px !important;}&#8221;][vc_column_text]<\/p>\n<h2 style=\"text-align: center;\"><a href=\"https:\/\/pianeta.extrawebapp.it\/formazione\/wp-content\/uploads\/sites\/6\/2024\/01\/Prog2Donne-1.pdf\"><span style=\"color: #0000ff;\">SCARICA LA LOCANDINA DEL CORSO<\/span><\/a><\/h2>\n<p>[\/vc_column_text][\/vc_column][\/vc_row][vc_row type=&#8221;vc_default&#8221;][vc_column offset=&#8221;vc_col-lg-12 vc_col-md-12 vc_col-xs-12&#8243; css=&#8221;.vc_custom_1588148380388{margin-bottom: 50px !important;}&#8221;][vc_column_text]<\/p>\n<hr \/>\n<p>Per ulteriori informazioni rivolgersi a:<\/p>\n<p>Dott.ssa Rosa Anna Casalino &#8211; Pamela Cafagna<br \/>\nTel. 0547-1825179<br \/>\nE-mail: <span style=\"color: #0000ff;\"><a style=\"color: #0000ff;\" href=\"mailto:rosaanna.casalino@pianetasicurezza.it\">rosaanna.casalino@pianetasicurezza.it &#8211; pamela.cafagna@pianetasicurezza.it<\/a><\/span>[\/vc_column_text][\/vc_column][\/vc_row][vc_row][vc_column][vc_row_inner][vc_column_inner width=&#8221;1\/6&#8243;][\/vc_column_inner][vc_column_inner width=&#8221;2\/3&#8243;]<div id=\"ultimate-heading-383269f52aea428ec\" class=\"uvc-heading ult-adjust-bottom-margin ultimate-heading-383269f52aea428ec uvc-8090  uvc-heading-default-font-sizes\" data-hspacer=\"no_spacer\"  data-halign=\"center\" style=\"text-align:center\"><div class=\"uvc-heading-spacer no_spacer\" style=\"top\"><\/div><div class=\"uvc-main-heading ult-responsive\"  data-ultimate-target='.uvc-heading.ultimate-heading-383269f52aea428ec h2'  data-responsive-json-new='{\"font-size\":\"\",\"line-height\":\"\"}' ><h2 style=\"--font-weight:theme;\">RICHIEDI INFORMAZIONI<\/h2><\/div><\/div>[\/vc_column_inner][vc_column_inner width=&#8221;1\/6&#8243;][\/vc_column_inner][\/vc_row_inner][vc_empty_space]\n<div class=\"wpcf7 no-js\" id=\"wpcf7-f7597-o1\" lang=\"it-IT\" dir=\"ltr\">\n<div class=\"screen-reader-response\"><p role=\"status\" aria-live=\"polite\" aria-atomic=\"true\"><\/p> <ul><\/ul><\/div>\n<form action=\"\/formazione\/wp-json\/wp\/v2\/pages\/7614#wpcf7-f7597-o1\" method=\"post\" class=\"wpcf7-form init\" aria-label=\"Modulo di contatto\" novalidate=\"novalidate\" data-status=\"init\">\n<div style=\"display: none;\">\n<input type=\"hidden\" name=\"_wpcf7\" value=\"7597\" \/>\n<input type=\"hidden\" name=\"_wpcf7_version\" value=\"5.9.8\" \/>\n<input type=\"hidden\" name=\"_wpcf7_locale\" value=\"it_IT\" \/>\n<input type=\"hidden\" name=\"_wpcf7_unit_tag\" value=\"wpcf7-f7597-o1\" \/>\n<input type=\"hidden\" name=\"_wpcf7_container_post\" value=\"0\" \/>\n<input type=\"hidden\" name=\"_wpcf7_posted_data_hash\" value=\"\" \/>\n<input type=\"hidden\" name=\"_wpcf7cf_hidden_group_fields\" value=\"[]\" \/>\n<input type=\"hidden\" name=\"_wpcf7cf_hidden_groups\" value=\"[]\" \/>\n<input type=\"hidden\" name=\"_wpcf7cf_visible_groups\" value=\"[]\" \/>\n<input type=\"hidden\" name=\"_wpcf7cf_repeaters\" value=\"[]\" \/>\n<input type=\"hidden\" name=\"_wpcf7cf_steps\" value=\"{}\" \/>\n<input type=\"hidden\" name=\"_wpcf7cf_options\" value=\"{&quot;form_id&quot;:7597,&quot;conditions&quot;:[],&quot;settings&quot;:{&quot;animation&quot;:&quot;yes&quot;,&quot;animation_intime&quot;:200,&quot;animation_outtime&quot;:200,&quot;conditions_ui&quot;:&quot;normal&quot;,&quot;notice_dismissed&quot;:false,&quot;notice_dismissed_update-cf7-5.3.2&quot;:true,&quot;notice_dismissed_update-cf7-5.8&quot;:true,&quot;notice_dismissed_rollback-cf7-5.8&quot;:true}}\" \/>\n<input type=\"hidden\" name=\"_wpcf7_recaptcha_response\" value=\"\" \/>\n<\/div>\n<div class=\"vc_row\">\n\t<div class=\"vc_col-xs-6\">\n\t\t<p><span class=\"wpcf7-form-control-wrap\" data-name=\"nome-cognome\"><input size=\"40\" maxlength=\"400\" class=\"wpcf7-form-control wpcf7-text wpcf7-validates-as-required\" aria-required=\"true\" aria-invalid=\"false\" value=\"Nome e Cognome*\" type=\"text\" name=\"nome-cognome\" \/><\/span>\n\t\t<\/p>\n\t<\/div>\n\t<div class=\"vc_col-xs-6\">\n\t\t<p><span class=\"wpcf7-form-control-wrap\" data-name=\"corso-nome\"><input size=\"40\" maxlength=\"400\" class=\"wpcf7-form-control wpcf7-text wpcf7-validates-as-required\" aria-required=\"true\" aria-invalid=\"false\" value=\"Nome Corso*\" type=\"text\" name=\"corso-nome\" \/><\/span>\n\t\t<\/p>\n\t<\/div>\n\t<div class=\"vc_col-xs-6\">\n\t\t<p><span class=\"wpcf7-form-control-wrap\" data-name=\"email\"><input size=\"40\" maxlength=\"400\" class=\"wpcf7-form-control wpcf7-email wpcf7-validates-as-required wpcf7-text wpcf7-validates-as-email\" aria-required=\"true\" aria-invalid=\"false\" value=\"Email*\" type=\"email\" name=\"email\" \/><\/span>\n\t\t<\/p>\n\t<\/div>\n\t<div class=\"vc_col-xs-6\">\n\t\t<p><span class=\"wpcf7-form-control-wrap\" data-name=\"Telefono\"><input size=\"40\" maxlength=\"400\" class=\"wpcf7-form-control wpcf7-text wpcf7-validates-as-required\" aria-required=\"true\" aria-invalid=\"false\" value=\"Telefono*\" type=\"text\" name=\"Telefono\" \/><\/span>\n\t\t<\/p>\n\t<\/div>\n\t<div class=\"vc_col-xs-12\">\n\t\t<p><span class=\"wpcf7-form-control-wrap\" data-name=\"your-message\"><textarea cols=\"40\" rows=\"5\" maxlength=\"2000\" class=\"wpcf7-form-control wpcf7-textarea\" aria-invalid=\"false\" name=\"your-message\">Messaggio<\/textarea><\/span>\n\t\t<\/p>\n\t<\/div>\n\t<div class=\"vc_col-xs-12\" style=\"margin-bottom: 10px;\">\n\t\t<p><span class=\"wpcf7-form-control-wrap\" data-name=\"acceptance-gdpr\"><span class=\"wpcf7-form-control wpcf7-acceptance\"><span class=\"wpcf7-list-item\"><label><input type=\"checkbox\" name=\"acceptance-gdpr\" value=\"1\" aria-invalid=\"false\" \/><span class=\"wpcf7-list-item-label\">Inviando i miei dati, confermo di aver letto e accettato l'informativa privacy ai sensi dell\u2019art. 13 del Regolamento (UE) 2016\/679 (di seguito GDPR 2016\/679). <a href=\"\/informativa-privacy\" title=\"Privacy\">Consulta l'informativa privacy<\/a><\/span><\/label><\/span><\/span><\/span>\n\t\t<\/p>\n\t<\/div>\n\t<div class=\"vc_col-xs-12\" style=\"text-align:center;\">\n\t\t<p><input class=\"wpcf7-form-control wpcf7-submit has-spinner\" type=\"submit\" value=\"Invia richiesta\" \/>\n\t\t<\/p>\n\t<\/div>\n<\/div><div class=\"wpcf7-response-output\" aria-hidden=\"true\"><\/div>\n<\/form>\n<\/div>\n[\/vc_column][\/vc_row][vc_row][vc_column][vc_single_image image=&#8221;7457&#8243; img_size=&#8221;full&#8221;][\/vc_column][\/vc_row]<\/p>\n<\/section>","protected":false},"excerpt":{"rendered":"<p>[vc_row][vc_column][vc_single_image image=&#8221;8313&#8243; img_size=&#8221;full&#8221; alignment=&#8221;center&#8221;][vc_row_inner][vc_column_inner][vc_single_image image=&#8221;8709&#8243; img_size=&#8221;full&#8221; alignment=&#8221;center&#8221;][\/vc_column_inner][\/vc_row_inner][\/vc_column][\/vc_row][vc_row type=&#8221;vc_default&#8221; gap=&#8221;35&#8243; equal_height=&#8221;yes&#8221; content_placement=&#8221;middle&#8221;][vc_column][vc_separator color=&#8221;custom&#8221; border_width=&#8221;2&#8243; accent_color=&#8221;#333333&#8243;][\/vc_column][\/vc_row][vc_row type=&#8221;vc_default&#8221;][vc_column offset=&#8221;vc_col-lg-12 vc_col-md-12 vc_col-xs-12&#8243; css=&#8221;.vc_custom_1588148380388{margin-bottom: 50px&hellip;<\/p>\n","protected":false},"author":6,"featured_media":0,"parent":0,"menu_order":49,"comment_status":"closed","ping_status":"closed","template":"","meta":{"_acf_changed":false,"inline_featured_image":false,"_lmt_disableupdate":"no","_lmt_disable":"","footnotes":""},"class_list":["post-7614","page","type-page","status-publish","hentry","description-off"],"acf":[],"yoast_head":"<!-- This site is optimized with the Yoast SEO plugin v21.2 - https:\/\/yoast.com\/wordpress\/plugins\/seo\/ -->\n<title>Formazione finanziata - Donne - Competenze Digitali<\/title>\n<meta name=\"description\" content=\"Formazione gratutia - Donne - Competenze Digitali - Informatica\" \/>\n<meta name=\"robots\" content=\"index, follow, max-snippet:-1, max-image-preview:large, max-video-preview:-1\" \/>\n<link rel=\"canonical\" href=\"https:\/\/www.pianetasicurezza.it\/formazione\/superare-il-digital-divide-competenze-di-accesso-pc\/\" \/>\n<meta property=\"og:locale\" content=\"it_IT\" \/>\n<meta property=\"og:type\" content=\"article\" \/>\n<meta property=\"og:title\" content=\"Formazione finanziata - Donne - Competenze Digitali\" \/>\n<meta property=\"og:description\" content=\"Formazione gratutia - Donne - Competenze Digitali - Informatica\" \/>\n<meta property=\"og:url\" content=\"https:\/\/www.pianetasicurezza.it\/formazione\/superare-il-digital-divide-competenze-di-accesso-pc\/\" \/>\n<meta property=\"og:site_name\" content=\"Formazione | Pianeta Sicurezza Srl\" \/>\n<meta property=\"article:modified_time\" content=\"2024-01-19T11:00:15+00:00\" \/>\n<meta name=\"twitter:card\" content=\"summary_large_image\" \/>\n<meta name=\"twitter:label1\" content=\"Tempo di lettura stimato\" \/>\n\t<meta name=\"twitter:data1\" content=\"3 minuti\" \/>\n<script type=\"application\/ld+json\" class=\"yoast-schema-graph\">{\"@context\":\"https:\/\/schema.org\",\"@graph\":[{\"@type\":\"WebPage\",\"@id\":\"https:\/\/www.pianetasicurezza.it\/formazione\/superare-il-digital-divide-competenze-di-accesso-pc\/\",\"url\":\"https:\/\/www.pianetasicurezza.it\/formazione\/superare-il-digital-divide-competenze-di-accesso-pc\/\",\"name\":\"Formazione finanziata - Donne - Competenze Digitali\",\"isPartOf\":{\"@id\":\"https:\/\/www.pianetasicurezza.it\/formazione\/#website\"},\"datePublished\":\"2023-09-15T15:10:49+00:00\",\"dateModified\":\"2024-01-19T11:00:15+00:00\",\"description\":\"Formazione gratutia - Donne - Competenze Digitali - Informatica\",\"breadcrumb\":{\"@id\":\"https:\/\/www.pianetasicurezza.it\/formazione\/superare-il-digital-divide-competenze-di-accesso-pc\/#breadcrumb\"},\"inLanguage\":\"it-IT\",\"potentialAction\":[{\"@type\":\"ReadAction\",\"target\":[\"https:\/\/www.pianetasicurezza.it\/formazione\/superare-il-digital-divide-competenze-di-accesso-pc\/\"]}]},{\"@type\":\"BreadcrumbList\",\"@id\":\"https:\/\/www.pianetasicurezza.it\/formazione\/superare-il-digital-divide-competenze-di-accesso-pc\/#breadcrumb\",\"itemListElement\":[{\"@type\":\"ListItem\",\"position\":1,\"name\":\"Home\",\"item\":\"https:\/\/www.pianetasicurezza.it\/formazione\/\"},{\"@type\":\"ListItem\",\"position\":2,\"name\":\"Superare il Digital Divide \u2013 competenze di accesso (PC)\"}]},{\"@type\":\"WebSite\",\"@id\":\"https:\/\/www.pianetasicurezza.it\/formazione\/#website\",\"url\":\"https:\/\/www.pianetasicurezza.it\/formazione\/\",\"name\":\"Formazione | Pianeta Sicurezza Srl\",\"description\":\"\",\"potentialAction\":[{\"@type\":\"SearchAction\",\"target\":{\"@type\":\"EntryPoint\",\"urlTemplate\":\"https:\/\/www.pianetasicurezza.it\/formazione\/?s={search_term_string}\"},\"query-input\":\"required name=search_term_string\"}],\"inLanguage\":\"it-IT\"}]}<\/script>\n<!-- \/ Yoast SEO plugin. -->","yoast_head_json":{"title":"Formazione finanziata - Donne - Competenze Digitali","description":"Formazione gratutia - Donne - Competenze Digitali - Informatica","robots":{"index":"index","follow":"follow","max-snippet":"max-snippet:-1","max-image-preview":"max-image-preview:large","max-video-preview":"max-video-preview:-1"},"canonical":"https:\/\/www.pianetasicurezza.it\/formazione\/superare-il-digital-divide-competenze-di-accesso-pc\/","og_locale":"it_IT","og_type":"article","og_title":"Formazione finanziata - Donne - Competenze Digitali","og_description":"Formazione gratutia - Donne - Competenze Digitali - Informatica","og_url":"https:\/\/www.pianetasicurezza.it\/formazione\/superare-il-digital-divide-competenze-di-accesso-pc\/","og_site_name":"Formazione | Pianeta Sicurezza Srl","article_modified_time":"2024-01-19T11:00:15+00:00","twitter_card":"summary_large_image","twitter_misc":{"Tempo di lettura stimato":"3 minuti"},"schema":{"@context":"https:\/\/schema.org","@graph":[{"@type":"WebPage","@id":"https:\/\/www.pianetasicurezza.it\/formazione\/superare-il-digital-divide-competenze-di-accesso-pc\/","url":"https:\/\/www.pianetasicurezza.it\/formazione\/superare-il-digital-divide-competenze-di-accesso-pc\/","name":"Formazione finanziata - Donne - Competenze Digitali","isPartOf":{"@id":"https:\/\/www.pianetasicurezza.it\/formazione\/#website"},"datePublished":"2023-09-15T15:10:49+00:00","dateModified":"2024-01-19T11:00:15+00:00","description":"Formazione gratutia - Donne - Competenze Digitali - Informatica","breadcrumb":{"@id":"https:\/\/www.pianetasicurezza.it\/formazione\/superare-il-digital-divide-competenze-di-accesso-pc\/#breadcrumb"},"inLanguage":"it-IT","potentialAction":[{"@type":"ReadAction","target":["https:\/\/www.pianetasicurezza.it\/formazione\/superare-il-digital-divide-competenze-di-accesso-pc\/"]}]},{"@type":"BreadcrumbList","@id":"https:\/\/www.pianetasicurezza.it\/formazione\/superare-il-digital-divide-competenze-di-accesso-pc\/#breadcrumb","itemListElement":[{"@type":"ListItem","position":1,"name":"Home","item":"https:\/\/www.pianetasicurezza.it\/formazione\/"},{"@type":"ListItem","position":2,"name":"Superare il Digital Divide \u2013 competenze di accesso (PC)"}]},{"@type":"WebSite","@id":"https:\/\/www.pianetasicurezza.it\/formazione\/#website","url":"https:\/\/www.pianetasicurezza.it\/formazione\/","name":"Formazione | Pianeta Sicurezza Srl","description":"","potentialAction":[{"@type":"SearchAction","target":{"@type":"EntryPoint","urlTemplate":"https:\/\/www.pianetasicurezza.it\/formazione\/?s={search_term_string}"},"query-input":"required name=search_term_string"}],"inLanguage":"it-IT"}]}},"_links":{"self":[{"href":"https:\/\/pianeta.extrawebapp.it\/formazione\/wp-json\/wp\/v2\/pages\/7614"}],"collection":[{"href":"https:\/\/pianeta.extrawebapp.it\/formazione\/wp-json\/wp\/v2\/pages"}],"about":[{"href":"https:\/\/pianeta.extrawebapp.it\/formazione\/wp-json\/wp\/v2\/types\/page"}],"author":[{"embeddable":true,"href":"https:\/\/pianeta.extrawebapp.it\/formazione\/wp-json\/wp\/v2\/users\/6"}],"replies":[{"embeddable":true,"href":"https:\/\/pianeta.extrawebapp.it\/formazione\/wp-json\/wp\/v2\/comments?post=7614"}],"version-history":[{"count":6,"href":"https:\/\/pianeta.extrawebapp.it\/formazione\/wp-json\/wp\/v2\/pages\/7614\/revisions"}],"predecessor-version":[{"id":8786,"href":"https:\/\/pianeta.extrawebapp.it\/formazione\/wp-json\/wp\/v2\/pages\/7614\/revisions\/8786"}],"wp:attachment":[{"href":"https:\/\/pianeta.extrawebapp.it\/formazione\/wp-json\/wp\/v2\/media?parent=7614"}],"curies":[{"name":"wp","href":"https:\/\/api.w.org\/{rel}","templated":true}]}}