{"id":7455,"date":"2023-09-15T17:10:49","date_gmt":"2023-09-15T15:10:49","guid":{"rendered":"https:\/\/pianeta.extrawebapp.it\/formazione\/?page_id=7455"},"modified":"2024-05-23T11:51:02","modified_gmt":"2024-05-23T09:51:02","slug":"donne_e_competenze_digitali","status":"publish","type":"page","link":"https:\/\/pianeta.extrawebapp.it\/formazione\/donne_e_competenze_digitali\/","title":{"rendered":"Donne e competenze digitali"},"content":{"rendered":"<section class=\"wpb-content-wrapper\"><p>[vc_row][vc_column][vc_single_image image=&#8221;8313&#8243; img_size=&#8221;full&#8221; alignment=&#8221;center&#8221;][\/vc_column][\/vc_row][vc_row type=&#8221;vc_default&#8221; gap=&#8221;35&#8243; equal_height=&#8221;yes&#8221; content_placement=&#8221;middle&#8221;][vc_column]<div id=\"ultimate-heading-403669f9e6daacd4e\" class=\"uvc-heading ult-adjust-bottom-margin ultimate-heading-403669f9e6daacd4e uvc-1494  uvc-heading-default-font-sizes\" data-hspacer=\"no_spacer\"  data-halign=\"left\" style=\"text-align:left\"><div class=\"uvc-heading-spacer no_spacer\" style=\"top\"><\/div><div class=\"uvc-main-heading ult-responsive\"  data-ultimate-target='.uvc-heading.ultimate-heading-403669f9e6daacd4e h2'  data-responsive-json-new='{\"font-size\":\"\",\"line-height\":\"\"}' ><h2 style=\"--font-weight:theme;\">Donne e competenze digitali \u2013 Percorsi formativi per l\u2019innovazione, lo sviluppo e la buona occupazione<\/h2><\/div><\/div>[vc_separator color=&#8221;custom&#8221; border_width=&#8221;2&#8243; accent_color=&#8221;#333333&#8243;][vc_column_text]<\/p>\n<div class=\"vc_row wpb_row section vc_row-fluid vc_inner \">\n<div class=\" full_section_inner clearfix\">\n<div class=\"wpb_column vc_column_container vc_col-sm-12\">\n<div class=\"vc_column-inner\">\n<div class=\"wpb_wrapper\">\n<div class=\"wpb_text_column wpb_content_element \">\n<div class=\"wpb_wrapper\">\n<p><em>Rif P.A:\u00a0<\/em>2023-20240\/RER<em>\u00a0approvata con deliberazione di Giunta Regionale n.\u00a0<\/em>DGR 1926\/2023 del 13\/11\/2023<em>\u00a0e<\/em>\u00a0cofinanziata con risorse del Fondo sociale europeo+<\/p>\n<\/div>\n<\/div>\n<\/div>\n<\/div>\n<\/div>\n<\/div>\n<\/div>\n<p>[\/vc_column_text][\/vc_column][\/vc_row][vc_row type=&#8221;vc_default&#8221;][vc_column offset=&#8221;vc_col-lg-12 vc_col-md-12 vc_col-xs-12&#8243; css=&#8221;.vc_custom_1588148380388{margin-bottom: 50px !important;}&#8221;][vc_single_image image=&#8221;8635&#8243; img_size=&#8221;full&#8221; alignment=&#8221;center&#8221;][vc_column_text]<span dir=\"ltr\" role=\"presentation\">La presente Operazione intende rendere disponibile sul territorio regionale un\u2019offerta formativa ampia e diversificata,\u00a0<\/span><span dir=\"ltr\" role=\"presentation\">modulare e personalizzabile, progettata con l\u2019obiettivo di consentire alle destinatarie \u2013 donne residenti\/domiciliate in Emilia\u00a0<\/span><span dir=\"ltr\" role=\"presentation\">Romagna, che necessitano di azioni formative per acquisire conoscenze e competenze digitali utili a rafforzare la propria\u00a0<\/span><span dir=\"ltr\" role=\"presentation\">occupabilit\u00e0 e adattabilit\u00e0, nonch\u00e9 per rendere maggiormente spendibili nel mercato del lavoro le proprie competenze e\u00a0<\/span><span dir=\"ltr\" role=\"presentation\">professionalit\u00e0, anche maturate in precedenti percorsi formativi ed esperienze lavorative \u2013 di adeguare e aggiornare le\u00a0<\/span><span dir=\"ltr\" role=\"presentation\">proprie competenze digitali quale fattore per incrementare la propria occupabilit\u00e0.<\/span><\/p>\n<p>Potranno accedere al corso persone che, indipendentemente dalla condizione nel mercato del lavoro:<\/p>\n<ul>\n<li>Donne che abbiano assolto l\u2019obbligo d\u2019istruzione e il diritto \u00addovere all\u2019istruzione e formazione;<\/li>\n<li>Donne che risultino residenti \/domiciliate in Regione Emilia-Romagna in data antecedente all\u2019iscrizione al percorso formativo.<\/li>\n<\/ul>\n<p>Saranno richieste in ingresso conoscenze e competenze riportate nelle singole schede dei corsi.<\/p>\n<p>&nbsp;<\/p>\n<div class=\"elementor-element elementor-element-716fa3d elementor-widget elementor-widget-heading\" data-id=\"716fa3d\" data-element_type=\"widget\" data-widget_type=\"heading.default\">\n<div class=\"elementor-widget-container\">\n<h3 class=\"elementor-heading-title elementor-size-default\" style=\"text-align: center;\">I corsi sono disponibili in modalit\u00e0 aula e\/o videoconferenza<\/h3>\n<\/div>\n<\/div>\n<div><\/div>\n<div class=\"elementor-element elementor-element-8bacacc elementor-widget elementor-widget-text-editor\" data-id=\"8bacacc\" data-element_type=\"widget\" data-widget_type=\"text-editor.default\">\n<h4 class=\"elementor-widget-container\" style=\"text-align: center;\">Vuoi conoscere la nostra offerta di corsi? Esplora gli ambiti tematici del nostro catalogo corsi!<\/h4>\n<\/div>\n<p>[\/vc_column_text][\/vc_column][\/vc_row][vc_row type=&#8221;vc_default&#8221;][vc_column offset=&#8221;vc_col-lg-12 vc_col-md-12 vc_col-xs-12&#8243; css=&#8221;.vc_custom_1588148380388{margin-bottom: 50px !important;}&#8221;][vc_column_text]<\/p>\n<hr \/>\n<p><strong>ALFABETIZZAZIONE SU INFORMAZIONI E DATI<\/strong><\/p>\n<div class=\"elementor-element elementor-element-6cd50b5 elementor-widget elementor-widget-text-editor\" data-id=\"6cd50b5\" data-element_type=\"widget\" data-widget_type=\"text-editor.default\">\n<div class=\"elementor-widget-container\"><em>Rif P.A:\u00a0<\/em>2023-20240\/RER<em>\u00a0approvata con deliberazione di Giunta Regionale n.\u00a0<\/em>DGR 1926\/2023 del 13\/11\/2023<em>\u00a0e<\/em>\u00a0cofinanziata con risorse del Fondo sociale europeo+<\/div>\n<\/div>\n<ol>\n<li><span style=\"color: #0000ff;\"><a style=\"color: #0000ff;\" href=\"https:\/\/pianeta.extrawebapp.it\/formazione\/superare-il-digital-divide-competenze-di-accesso-smartphone-e-tablet\/\">Superare il Digital Divide \u2013 competenze di accesso (Smartphone e Tablet)<\/a><\/span><\/li>\n<li><span style=\"color: #0000ff;\"><a style=\"color: #0000ff;\" href=\"https:\/\/pianeta.extrawebapp.it\/formazione\/superare-il-digital-divide-competenze-di-accesso-pc\/\"><span dir=\"ltr\" role=\"presentation\">Superare il Digital Divide \u2013 competenze di accesso (PC)<\/span><span dir=\"ltr\" role=\"presentation\">\u00a0<\/span><\/a><\/span><\/li>\n<li><span style=\"color: #0000ff;\"><a style=\"color: #0000ff;\" href=\"https:\/\/pianeta.extrawebapp.it\/formazione\/utilizzo-dei-fogli-elettronici-per-la-gestione-dei-dati\/\"><span dir=\"ltr\" role=\"presentation\">Utilizzo dei fogli elettronici per la gestione dei dati (Microsoft Excel base)<\/span><\/a> <span style=\"color: #0c9651;\"><strong>&#8211; <span style=\"color: #ff0000;\"><a style=\"color: #ff0000;\" href=\"https:\/\/pianeta.extrawebapp.it\/formazione\/competenze-per-la-transizione-ecologica-e-digitale\/rif-pa-2023-19502-creazione-siti-web-e-blog-con-wordpress\/\">\u00a0<\/a><a style=\"color: #ff0000;\" href=\"https:\/\/pianeta.extrawebapp.it\/formazione\/competenze-per-la-transizione-ecologica-e-digitale\/rif-pa-2023-19502-creazione-siti-web-e-blog-con-wordpress\/\">PRIMA E SECONDA EDIZIONE CHIUSE<\/a><\/span><\/strong><\/span><\/span><\/li>\n<li><span style=\"color: #0000ff;\"><span dir=\"ltr\" role=\"presentation\"><a style=\"color: #0000ff;\" href=\"https:\/\/pianeta.extrawebapp.it\/formazione\/utilizzo-del-pacchetto-office\/\">Utilizzo del Pacchetto Office\u00a0 ( Microsoft Word, Excel, Power Point, Posta Elettronica)<\/a> <span style=\"color: #0c9651;\"><strong>&#8211; <span style=\"color: #ff0000;\">PRIMA EDIZIONE CHIUSA<\/span>\u00a0<\/strong><\/span><\/span><\/span><\/li>\n<li><span style=\"color: #0000ff;\"><a style=\"color: #0000ff;\" href=\"https:\/\/pianeta.extrawebapp.it\/formazione\/utilizzo-dei-fogli-elettronici-per-la-gestione-dei-dati-microsoft-excel-avanzato\/\"><span dir=\"ltr\" role=\"presentation\">Utilizzo dei fogli elettronici per la gestione dei dati (Microsoft Excel avanzato) <span style=\"color: #0c9651;\"><strong><span style=\"color: #ff0000;\">PRIMA EDIZIONE CHIUSA<\/span>\u00a0<\/strong><\/span><\/span><\/a><\/span><\/li>\n<li><span style=\"color: #0000ff;\"><span dir=\"ltr\" role=\"presentation\"><a style=\"color: #0000ff;\" href=\"https:\/\/pianeta.extrawebapp.it\/formazione\/utilizzo-del-pacchetto-office-funzioni-avanzate-di-microsoft-word-excel-power-point-e-posta-elettronica\/\">Utilizzo del Pacchetto Office (funzioni avanzate di Microsoft Word, Excel, power Point e Posta Elettronica)<\/a>\u00a0<\/span><\/span><\/li>\n<\/ol>\n<p>&nbsp;<\/p>\n<hr \/>\n<p><strong>COMUNICAZIONE E COLLABORAZIONE<\/strong><\/p>\n<div class=\"elementor-element elementor-element-6cd50b5 elementor-widget elementor-widget-text-editor\" data-id=\"6cd50b5\" data-element_type=\"widget\" data-widget_type=\"text-editor.default\">\n<div class=\"elementor-widget-container\">\n<div class=\"elementor-element elementor-element-6cd50b5 elementor-widget elementor-widget-text-editor\" data-id=\"6cd50b5\" data-element_type=\"widget\" data-widget_type=\"text-editor.default\">\n<div class=\"elementor-widget-container\"><em>Rif P.A:\u00a0<\/em>2023-20240\/RER<em>\u00a0approvata con deliberazione di Giunta Regionale n.\u00a0<\/em>DGR 1926\/2023 del 13\/11\/2023<em>\u00a0e<\/em>\u00a0cofinanziata con risorse del Fondo sociale europeo+<\/div>\n<\/div>\n<ol>\n<li><a href=\"https:\/\/pianeta.extrawebapp.it\/formazione\/competenze-per-la-cittadinanza-digitale-e-la-ricerca-del-lavoro-attraverso-il-web\/\"><span style=\"color: #0000ff;\"><span dir=\"ltr\" role=\"presentation\">Competenze per la cittadinanza digitale e la ricerca del lavoro attraverso il web<\/span><\/span><\/a><\/li>\n<li><a href=\"https:\/\/pianeta.extrawebapp.it\/formazione\/comunicare-e-collaborare-online\/\"><span style=\"color: #0000ff;\"><span dir=\"ltr\" role=\"presentation\">Comunicare e Collaborare online<\/span><\/span><\/a><\/li>\n<li><a href=\"https:\/\/pianeta.extrawebapp.it\/formazione\/la-gestione-delle-relazioni-professionali-e-dei-gruppi-di-lavoro-virtuali\/\"><span style=\"color: #0000ff;\"><span dir=\"ltr\" role=\"presentation\">La gestione delle relazioni professionali e dei gruppi di lavoro virtual<\/span>i<\/span><\/a><\/li>\n<li><a href=\"https:\/\/pianeta.extrawebapp.it\/formazione\/digital-content-management-strategie-per-la-comunicazione-sul-web\/\"><span style=\"color: #0000ff;\"><span dir=\"ltr\" role=\"presentation\">Digital Content management \u2013 strategie per la comunicazione sul web<\/span><\/span><\/a><\/li>\n<\/ol>\n<\/div>\n<p>&nbsp;<\/p>\n<\/div>\n<hr \/>\n<p><strong>CREAZIONE DI CONTENUTI DIGITALI<\/strong><\/p>\n<div class=\"elementor-element elementor-element-6cd50b5 elementor-widget elementor-widget-text-editor\" data-id=\"6cd50b5\" data-element_type=\"widget\" data-widget_type=\"text-editor.default\">\n<div class=\"elementor-widget-container\">\n<div class=\"elementor-element elementor-element-6cd50b5 elementor-widget elementor-widget-text-editor\" data-id=\"6cd50b5\" data-element_type=\"widget\" data-widget_type=\"text-editor.default\">\n<div class=\"elementor-widget-container\"><em>Rif P.A:\u00a0<\/em>2023-20240\/RER<em>\u00a0approvata con deliberazione di Giunta Regionale n.\u00a0<\/em>DGR 1926\/2023 del 13\/11\/2023<em>\u00a0e<\/em>\u00a0cofinanziata con risorse del Fondo sociale europeo+<\/div>\n<\/div>\n<ol>\n<li><a href=\"https:\/\/pianeta.extrawebapp.it\/formazione\/progettazione-di-contenuti-per-il-web\/\"><span style=\"color: #0000ff;\"><span dir=\"ltr\" role=\"presentation\">Progettazione di contenuti per il web<\/span><\/span><\/a><\/li>\n<li><span dir=\"ltr\" role=\"presentation\"><a href=\"https:\/\/pianeta.extrawebapp.it\/formazione\/strumenti-digitali-per-la-gestione-aziendale-software-contabilita-buste-paga-ecc-introduzione\/\"><span style=\"color: #0000ff;\">Strumenti digitali per la gestione aziendale (software contabilit\u00e0, buste paga ecc) &#8211; introduzione<\/span><\/a> <span style=\"color: #0c9651;\"><strong>&#8211; <span style=\"color: #ff0000;\">PRIMA E SECONDA EDIZIONE CHIUSE<\/span><\/strong><\/span><\/span><\/li>\n<li><a href=\"https:\/\/pianeta.extrawebapp.it\/formazione\/strumenti-digitali-per-la-progettazione-e-la-programmazione\/\"><span style=\"color: #0000ff;\"><span dir=\"ltr\" role=\"presentation\">Strumenti digitali per la progettazione e la programmazione<\/span><\/span><\/a><\/li>\n<li><a href=\"https:\/\/pianeta.extrawebapp.it\/formazione\/strumenti-digitali-per-la-gestione-aziendale-software-contabilita-buste-paga-ecc-approfondimenti\/\"><span dir=\"ltr\" role=\"presentation\"><span style=\"color: #0000ff;\">Strumenti digitali per la gestione aziendale (software contabilit\u00e0, buste paga ecc) &#8211; approfondimenti<\/span>\u00a0 <span style=\"color: #0c9651;\"><strong>&#8211; <span style=\"color: #ff0000;\">PRIMA E SECONDA EDIZIONE CHIUSE<\/span><\/strong><\/span><\/span><\/a><\/li>\n<li><a href=\"https:\/\/pianeta.extrawebapp.it\/formazione\/strumenti-digitali-per-la-progettazione-e-la-programmazione-approfondimenti\/\"><span dir=\"ltr\" style=\"color: #0000ff;\" role=\"presentation\">Strumenti digitali per la progettazione e la programmazione \u2013 approfondimenti<\/span><\/a><\/li>\n<\/ol>\n<p>&nbsp;<\/p>\n<\/div>\n<\/div>\n<hr \/>\n<p><strong>SICUREZZA<\/strong><\/p>\n<div class=\"elementor-element elementor-element-6cd50b5 elementor-widget elementor-widget-text-editor\" data-id=\"6cd50b5\" data-element_type=\"widget\" data-widget_type=\"text-editor.default\">\n<div class=\"elementor-widget-container\">\n<div class=\"elementor-element elementor-element-6cd50b5 elementor-widget elementor-widget-text-editor\" data-id=\"6cd50b5\" data-element_type=\"widget\" data-widget_type=\"text-editor.default\">\n<div class=\"elementor-widget-container\"><em>Rif P.A:\u00a0<\/em>2023-20240\/RER<em>\u00a0approvata con deliberazione di Giunta Regionale n.\u00a0<\/em>DGR 1926\/2023 del 13\/11\/2023<em>\u00a0e<\/em>\u00a0cofinanziata con risorse del Fondo sociale europeo+<\/div>\n<\/div>\n<ol>\n<li><a href=\"https:\/\/pianeta.extrawebapp.it\/formazione\/tutelare-la-sicurezza-dei-propri-dati-e-dispositivi\/\"><span dir=\"ltr\" role=\"presentation\"><span style=\"color: #0000ff;\">Tutelare la sicurezza dei propri dati e dispositivi\u00a0<\/span><\/span><\/a><\/li>\n<li><a href=\"https:\/\/pianeta.extrawebapp.it\/formazione\/benessere-digitale-e-prevenzione-dei-comportamenti-rischiosi-online\/\"><span style=\"color: #0000ff;\"><span dir=\"ltr\" role=\"presentation\">Benessere digitale e prevenzione dei comportamenti rischiosi online<\/span><\/span><\/a><\/li>\n<li><a href=\"https:\/\/pianeta.extrawebapp.it\/formazione\/tutelare-la-cyber-security-in-azienda-cybersecurity-specialist\/\"><span style=\"color: #0000ff;\"><span dir=\"ltr\" role=\"presentation\"><span style=\"color: #0000ff;\">Tutelare la cyber-security in azienda (Cybersecurity Specialist)<\/span><\/span><\/span><\/a><\/li>\n<\/ol>\n<p>&nbsp;<\/p>\n<\/div>\n<\/div>\n<hr \/>\n<p><strong>RISOLVERE PROBLEMI<\/strong><\/p>\n<div class=\"elementor-element elementor-element-6cd50b5 elementor-widget elementor-widget-text-editor\" data-id=\"6cd50b5\" data-element_type=\"widget\" data-widget_type=\"text-editor.default\">\n<div class=\"elementor-widget-container\">\n<div class=\"elementor-element elementor-element-6cd50b5 elementor-widget elementor-widget-text-editor\" data-id=\"6cd50b5\" data-element_type=\"widget\" data-widget_type=\"text-editor.default\">\n<div class=\"elementor-widget-container\"><em>Rif P.A:\u00a0<\/em>2023-20240\/RER<em>\u00a0approvata con deliberazione di Giunta Regionale n.\u00a0<\/em>DGR 1926\/2023 del 13\/11\/2023<em>\u00a0e<\/em>\u00a0cofinanziata con risorse del Fondo sociale europeo+<\/div>\n<\/div>\n<ol>\n<li><a href=\"https:\/\/pianeta.extrawebapp.it\/formazione\/primo-soccorso-digitale\/\"><span style=\"color: #0000ff;\"><span dir=\"ltr\" role=\"presentation\">Pronto Intervento Digitale<\/span><\/span><\/a><\/li>\n<li><a href=\"https:\/\/pianeta.extrawebapp.it\/formazione\/digital-transformation-riconoscere-i-trend-individuare-le-tecnologie-abilitanti-e-le-nuove-professioni\/\"><span dir=\"ltr\" style=\"color: #0000ff;\" role=\"presentation\">Digital Transformation \u2013 riconoscere i trend, individuare le tecnologie abilitanti e le nuove professioni<\/span><\/a><\/li>\n<\/ol>\n<p>&nbsp;<\/p>\n<\/div>\n<\/div>\n<p>&nbsp;<\/p>\n<hr \/>\n<p>Per ulteriori informazioni rivolgersi a:<\/p>\n<p>Dott.ssa Rosa Anna Casalino &#8211; Pamela Cafagna<br \/>\nTel. 0547-1825179<br \/>\nE-mail:<span style=\"color: #0000ff;\"> <a style=\"color: #0000ff;\" href=\"mailto:rosaanna.casalino@pianetasicurezza.it\">rosaanna.casalino@pianetasicurezza.it &#8211; pamela.cafagna@pianetasicurezza.it<\/a><\/span>[\/vc_column_text][\/vc_column][\/vc_row][vc_row][vc_column][vc_single_image image=&#8221;8634&#8243; img_size=&#8221;full&#8221;][\/vc_column][\/vc_row]<\/p>\n<\/section>","protected":false},"excerpt":{"rendered":"<p>[vc_row][vc_column][vc_single_image image=&#8221;8313&#8243; img_size=&#8221;full&#8221; alignment=&#8221;center&#8221;][\/vc_column][\/vc_row][vc_row type=&#8221;vc_default&#8221; gap=&#8221;35&#8243; equal_height=&#8221;yes&#8221; content_placement=&#8221;middle&#8221;][vc_column][vc_separator color=&#8221;custom&#8221; border_width=&#8221;2&#8243; accent_color=&#8221;#333333&#8243;][vc_column_text] Rif P.A:\u00a02023-20240\/RER\u00a0approvata con deliberazione di Giunta Regionale n.\u00a0DGR 1926\/2023&hellip;<\/p>\n","protected":false},"author":6,"featured_media":0,"parent":0,"menu_order":49,"comment_status":"closed","ping_status":"closed","template":"","meta":{"_acf_changed":false,"inline_featured_image":false,"_lmt_disableupdate":"no","_lmt_disable":"","footnotes":""},"class_list":["post-7455","page","type-page","status-publish","hentry","description-off"],"acf":[],"yoast_head":"<!-- This site is optimized with the Yoast SEO plugin v21.2 - https:\/\/yoast.com\/wordpress\/plugins\/seo\/ -->\n<title>Formazione finanziata - Donne - Competenze Digitali<\/title>\n<meta name=\"description\" content=\"Formazione gratutia - Donne - Competenze Digitali - Informatica\" \/>\n<meta name=\"robots\" content=\"index, follow, max-snippet:-1, max-image-preview:large, max-video-preview:-1\" \/>\n<link rel=\"canonical\" href=\"https:\/\/www.pianetasicurezza.it\/formazione\/donne_e_competenze_digitali\/\" \/>\n<meta property=\"og:locale\" content=\"it_IT\" \/>\n<meta property=\"og:type\" content=\"article\" \/>\n<meta property=\"og:title\" content=\"Formazione finanziata - Donne - Competenze Digitali\" \/>\n<meta property=\"og:description\" content=\"Formazione gratutia - Donne - Competenze Digitali - Informatica\" \/>\n<meta property=\"og:url\" content=\"https:\/\/www.pianetasicurezza.it\/formazione\/donne_e_competenze_digitali\/\" \/>\n<meta property=\"og:site_name\" content=\"Formazione | Pianeta Sicurezza Srl\" \/>\n<meta property=\"article:modified_time\" content=\"2024-05-23T09:51:02+00:00\" \/>\n<meta name=\"twitter:card\" content=\"summary_large_image\" \/>\n<meta name=\"twitter:label1\" content=\"Tempo di lettura stimato\" \/>\n\t<meta name=\"twitter:data1\" content=\"4 minuti\" \/>\n<script type=\"application\/ld+json\" class=\"yoast-schema-graph\">{\"@context\":\"https:\/\/schema.org\",\"@graph\":[{\"@type\":\"WebPage\",\"@id\":\"https:\/\/www.pianetasicurezza.it\/formazione\/donne_e_competenze_digitali\/\",\"url\":\"https:\/\/www.pianetasicurezza.it\/formazione\/donne_e_competenze_digitali\/\",\"name\":\"Formazione finanziata - Donne - Competenze Digitali\",\"isPartOf\":{\"@id\":\"https:\/\/www.pianetasicurezza.it\/formazione\/#website\"},\"datePublished\":\"2023-09-15T15:10:49+00:00\",\"dateModified\":\"2024-05-23T09:51:02+00:00\",\"description\":\"Formazione gratutia - Donne - Competenze Digitali - Informatica\",\"breadcrumb\":{\"@id\":\"https:\/\/www.pianetasicurezza.it\/formazione\/donne_e_competenze_digitali\/#breadcrumb\"},\"inLanguage\":\"it-IT\",\"potentialAction\":[{\"@type\":\"ReadAction\",\"target\":[\"https:\/\/www.pianetasicurezza.it\/formazione\/donne_e_competenze_digitali\/\"]}]},{\"@type\":\"BreadcrumbList\",\"@id\":\"https:\/\/www.pianetasicurezza.it\/formazione\/donne_e_competenze_digitali\/#breadcrumb\",\"itemListElement\":[{\"@type\":\"ListItem\",\"position\":1,\"name\":\"Home\",\"item\":\"https:\/\/www.pianetasicurezza.it\/formazione\/\"},{\"@type\":\"ListItem\",\"position\":2,\"name\":\"Donne e competenze digitali\"}]},{\"@type\":\"WebSite\",\"@id\":\"https:\/\/www.pianetasicurezza.it\/formazione\/#website\",\"url\":\"https:\/\/www.pianetasicurezza.it\/formazione\/\",\"name\":\"Formazione | Pianeta Sicurezza Srl\",\"description\":\"\",\"potentialAction\":[{\"@type\":\"SearchAction\",\"target\":{\"@type\":\"EntryPoint\",\"urlTemplate\":\"https:\/\/www.pianetasicurezza.it\/formazione\/?s={search_term_string}\"},\"query-input\":\"required name=search_term_string\"}],\"inLanguage\":\"it-IT\"}]}<\/script>\n<!-- \/ Yoast SEO plugin. -->","yoast_head_json":{"title":"Formazione finanziata - Donne - Competenze Digitali","description":"Formazione gratutia - Donne - Competenze Digitali - Informatica","robots":{"index":"index","follow":"follow","max-snippet":"max-snippet:-1","max-image-preview":"max-image-preview:large","max-video-preview":"max-video-preview:-1"},"canonical":"https:\/\/www.pianetasicurezza.it\/formazione\/donne_e_competenze_digitali\/","og_locale":"it_IT","og_type":"article","og_title":"Formazione finanziata - Donne - Competenze Digitali","og_description":"Formazione gratutia - Donne - Competenze Digitali - Informatica","og_url":"https:\/\/www.pianetasicurezza.it\/formazione\/donne_e_competenze_digitali\/","og_site_name":"Formazione | Pianeta Sicurezza Srl","article_modified_time":"2024-05-23T09:51:02+00:00","twitter_card":"summary_large_image","twitter_misc":{"Tempo di lettura stimato":"4 minuti"},"schema":{"@context":"https:\/\/schema.org","@graph":[{"@type":"WebPage","@id":"https:\/\/www.pianetasicurezza.it\/formazione\/donne_e_competenze_digitali\/","url":"https:\/\/www.pianetasicurezza.it\/formazione\/donne_e_competenze_digitali\/","name":"Formazione finanziata - Donne - Competenze Digitali","isPartOf":{"@id":"https:\/\/www.pianetasicurezza.it\/formazione\/#website"},"datePublished":"2023-09-15T15:10:49+00:00","dateModified":"2024-05-23T09:51:02+00:00","description":"Formazione gratutia - Donne - Competenze Digitali - Informatica","breadcrumb":{"@id":"https:\/\/www.pianetasicurezza.it\/formazione\/donne_e_competenze_digitali\/#breadcrumb"},"inLanguage":"it-IT","potentialAction":[{"@type":"ReadAction","target":["https:\/\/www.pianetasicurezza.it\/formazione\/donne_e_competenze_digitali\/"]}]},{"@type":"BreadcrumbList","@id":"https:\/\/www.pianetasicurezza.it\/formazione\/donne_e_competenze_digitali\/#breadcrumb","itemListElement":[{"@type":"ListItem","position":1,"name":"Home","item":"https:\/\/www.pianetasicurezza.it\/formazione\/"},{"@type":"ListItem","position":2,"name":"Donne e competenze digitali"}]},{"@type":"WebSite","@id":"https:\/\/www.pianetasicurezza.it\/formazione\/#website","url":"https:\/\/www.pianetasicurezza.it\/formazione\/","name":"Formazione | Pianeta Sicurezza Srl","description":"","potentialAction":[{"@type":"SearchAction","target":{"@type":"EntryPoint","urlTemplate":"https:\/\/www.pianetasicurezza.it\/formazione\/?s={search_term_string}"},"query-input":"required name=search_term_string"}],"inLanguage":"it-IT"}]}},"_links":{"self":[{"href":"https:\/\/pianeta.extrawebapp.it\/formazione\/wp-json\/wp\/v2\/pages\/7455"}],"collection":[{"href":"https:\/\/pianeta.extrawebapp.it\/formazione\/wp-json\/wp\/v2\/pages"}],"about":[{"href":"https:\/\/pianeta.extrawebapp.it\/formazione\/wp-json\/wp\/v2\/types\/page"}],"author":[{"embeddable":true,"href":"https:\/\/pianeta.extrawebapp.it\/formazione\/wp-json\/wp\/v2\/users\/6"}],"replies":[{"embeddable":true,"href":"https:\/\/pianeta.extrawebapp.it\/formazione\/wp-json\/wp\/v2\/comments?post=7455"}],"version-history":[{"count":64,"href":"https:\/\/pianeta.extrawebapp.it\/formazione\/wp-json\/wp\/v2\/pages\/7455\/revisions"}],"predecessor-version":[{"id":8960,"href":"https:\/\/pianeta.extrawebapp.it\/formazione\/wp-json\/wp\/v2\/pages\/7455\/revisions\/8960"}],"wp:attachment":[{"href":"https:\/\/pianeta.extrawebapp.it\/formazione\/wp-json\/wp\/v2\/media?parent=7455"}],"curies":[{"name":"wp","href":"https:\/\/api.w.org\/{rel}","templated":true}]}}