{"id":10457,"date":"2025-07-25T08:53:46","date_gmt":"2025-07-25T06:53:46","guid":{"rendered":"https:\/\/pianeta.extrawebapp.it\/formazione\/?page_id=10457"},"modified":"2026-03-19T09:16:28","modified_gmt":"2026-03-19T08:16:28","slug":"s-m-a-r-t-ict-sostenibilita-modelli-avanzati-resilienza-e-transizione-competenze-per-lavoratori-imprenditori-e-professionisti-della-filiera-ict","status":"publish","type":"page","link":"https:\/\/pianeta.extrawebapp.it\/formazione\/s-m-a-r-t-ict-sostenibilita-modelli-avanzati-resilienza-e-transizione-competenze-per-lavoratori-imprenditori-e-professionisti-della-filiera-ict\/","title":{"rendered":"S.M.A.R.T. ICT (Sostenibilit\u00e0, Modelli Avanzati, Resilienza e Transizione): COMPETENZE PER LAVORATORI, IMPRENDITORI E PROFESSIONISTI DELLA FILIERA ICT"},"content":{"rendered":"<section class=\"wpb-content-wrapper\"><p>[vc_row][vc_column][\/vc_column][\/vc_row][vc_row type=&#8221;vc_default&#8221; gap=&#8221;35&#8243; equal_height=&#8221;yes&#8221; content_placement=&#8221;middle&#8221;][vc_column]<div id=\"ultimate-heading-715769f9d3aac2705\" class=\"uvc-heading ult-adjust-bottom-margin ultimate-heading-715769f9d3aac2705 uvc-7979  uvc-heading-default-font-sizes\" data-hspacer=\"no_spacer\"  data-halign=\"left\" style=\"text-align:left\"><div class=\"uvc-heading-spacer no_spacer\" style=\"top\"><\/div><div class=\"uvc-main-heading ult-responsive\"  data-ultimate-target='.uvc-heading.ultimate-heading-715769f9d3aac2705 h2'  data-responsive-json-new='{\"font-size\":\"\",\"line-height\":\"\"}' ><h2 style=\"--font-weight:theme;\">S.M.A.R.T. ICT (Sostenibilit\u00e0, Modelli Avanzati, Resilienza e Transizione): COMPETENZE PER LAVORATORI, IMPRENDITORI E PROFESSIONISTI DELLA FILIERA ICT<\/h2><\/div><\/div>[vc_separator color=&#8221;custom&#8221; border_width=&#8221;2&#8243; accent_color=&#8221;#333333&#8243;][vc_column_text]Operazione Rif. PA 2024-23624\/RER approvata con DGR 575\/2025 del 22\/04\/2025 e realizzata grazie ai Fondi europei della Regione Emilia-Romagna.[\/vc_column_text][\/vc_column][\/vc_row][vc_row type=&#8221;vc_default&#8221;][vc_column offset=&#8221;vc_col-lg-12 vc_col-md-12 vc_col-xs-12&#8243; css=&#8221;.vc_custom_1588148380388{margin-bottom: 50px !important;}&#8221;][vc_single_image image=&#8221;8317&#8243; img_size=&#8221;full&#8221; alignment=&#8221;center&#8221;][vc_column_text]L\u2019Operazione si intende incrementare il profilo competitivo di imprese e professionisti valorizzando logiche e opportunit\u00e0 connesse ai processi condivisi nell\u2019ambito della filiera dei servizi ICT per introdurre modelli\/ processi organizzativi e gestionali a sostegno della qualit\u00e0 del lavoro e sostenere il dispiegarsi di processi di innovazione, trasformazione digitale e sviluppo sostenibile.<\/p>\n<p>L\u2019Operazione promuove perci\u00f2 in esito competenze necessarie a generare un\u2019economia pi\u00f9 verde, inclusiva e digitale in grado di abilitare occupabilit\u00e0, adattabilit\u00e0 e innovazione.<\/p>\n<p>Per le imprese che aderiranno ai percorsi formativi, l\u2019Operazione prevede anche supporto pratico attraverso progetti di accompagnamento personalizzati.<\/p>\n<p>Possono accedere ai percorsi imprenditori, figure chiave di imprese, liberi professionisti ordinistici e non che:<\/p>\n<ul>\n<li>Abbiano sede legale\/ unit\u00e0 locale in Emilia-Romagna<\/li>\n<li>Appartengano alla filiera dei servizi ICT: <a href=\"https:\/\/pianeta.extrawebapp.it\/formazione\/wp-content\/uploads\/sites\/6\/2025\/10\/All_1_Elenco_codici_Ateco_2025_SMART.pdf\">per conoscere i CODICI ATECO ammissibili clicca qui<\/a><\/li>\n<li>Rientrino nel regime di aiuto De Minimis (ai sensi del Regolamento (UE) 2023\/2831 e delle relative disposizioni applicative approvate con la DGR n.412\/2024).<\/li>\n<\/ul>\n<p>&nbsp;<\/p>\n<p><span style=\"color: #339966;\"><strong>Tutti i corsi sono gratuiti in quanto realizzati grazie ai Fondi Europei della Regione Emilia-Romagna. Il finanziamento \u00e8 in regime di aiuti de minimis.<\/strong><\/span><\/p>\n<p>&nbsp;<\/p>\n<p><strong>I CORSI,\u00a0IN PARTENZA DA SETTEMBRE 2025, SONO DISPONIBILI IN MODALIT\u00c0 AULA E\/O VIDEOCONFERENZA<\/strong><\/p>\n<p>&nbsp;<\/p>\n<div class=\"elementor-element elementor-element-8bacacc elementor-widget elementor-widget-text-editor\" data-id=\"8bacacc\" data-element_type=\"widget\" data-widget_type=\"text-editor.default\">\n<h3 class=\"elementor-widget-container\" style=\"text-align: center;\"><span style=\"color: #339966;\">Vuoi conoscere la nostra offerta di corsi? Esplora il nostro catalogo corsi!<\/span><\/h3>\n<\/div>\n<p>[\/vc_column_text][\/vc_column][\/vc_row][vc_row type=&#8221;vc_default&#8221;][vc_column offset=&#8221;vc_col-lg-12 vc_col-md-12 vc_col-xs-12&#8243; css=&#8221;.vc_custom_1588148380388{margin-bottom: 50px !important;}&#8221;][vc_column_text]<\/p>\n<ol>\n<li><span style=\"color: #3366ff;\"><strong><a style=\"color: #3366ff;\" href=\"https:\/\/pianeta.extrawebapp.it\/formazione\/s-m-a-r-t-ict-sostenibilita-modelli-avanzati-resilienza-e-transizione-competenze-per-lavoratori-imprenditori-e-professionisti-della-filiera-ict\/web-marketing-e-ia-generativa-per-la-progettazione-e-creazione-di-contenuti-nellera-della-doppia-transizione\/\">WEB MARKETING E IA GENERATIVA PER LA PROGETTAZIONE E CREAZIONE DI CONTENUTI NELL\u2019ERA DELLA DOPPIA TRANSIZIONE\u00a0<\/a><\/strong><\/span><\/li>\n<li><span style=\"color: #3366ff;\"><strong><a style=\"color: #3366ff;\" href=\"https:\/\/pianeta.extrawebapp.it\/formazione\/s-m-a-r-t-ict-sostenibilita-modelli-avanzati-resilienza-e-transizione-competenze-per-lavoratori-imprenditori-e-professionisti-della-filiera-ict\/il-content-marketing-digitale-con-lintelligenza-artificiale-generativa-la-nuova-frontiera-delle-commerce\/\">IL CONTENT MARKETING DIGITALE CON L\u2019INTELLIGENZA ARTIFICIALE GENERATIVA: LA NUOVA FRONTIERA DELL\u2019E-COMMERCE &#8211; <\/a><a href=\"https:\/\/pianeta.extrawebapp.it\/formazione\/s-m-a-r-t-ict-sostenibilita-modelli-avanzati-resilienza-e-transizione-competenze-per-lavoratori-imprenditori-e-professionisti-della-filiera-ict\/identita-digitale-e-sicurezza-informatica-avanzata-adottare-misure-conformi-al-sistema-di-gestione-della-sicurezza-iso-27001\/\"><span style=\"color: #339966;\">ISCRIZIONI APERTE<\/span><\/a><\/strong><\/span><\/li>\n<li><span style=\"color: #3366ff;\"><strong><a style=\"color: #3366ff;\" href=\"https:\/\/pianeta.extrawebapp.it\/formazione\/s-m-a-r-t-ict-sostenibilita-modelli-avanzati-resilienza-e-transizione-competenze-per-lavoratori-imprenditori-e-professionisti-della-filiera-ict\/data-driven-e-crm-analytics-strumenti-e-tecniche-per-prevedere-e-guidare-la-crescita-del-business\/\">DATA DRIVEN E CRM ANALYTICS: STRUMENTI E TECNICHE PER PREVEDERE E GUIDARE LA CRESCITA DEL BUSINESS<\/a><\/strong><\/span><\/li>\n<li><a href=\"https:\/\/pianeta.extrawebapp.it\/formazione\/s-m-a-r-t-ict-sostenibilita-modelli-avanzati-resilienza-e-transizione-competenze-per-lavoratori-imprenditori-e-professionisti-della-filiera-ict\/identita-digitale-e-sicurezza-informatica-avanzata-adottare-misure-conformi-al-sistema-di-gestione-della-sicurezza-iso-27001\/\"><span style=\"color: #3366ff;\"><strong>IDENTIT\u00c0 DIGITALE E SICUREZZA INFORMATICA AVANZATA: ADOTTARE MISURE CONFORMI AL SISTEMA DI GESTIONE DELLA SICUREZZA ISO 27001 &#8211; <span style=\"color: #339966;\">ISCRIZIONI APERTE<\/span><\/strong><\/span><\/a><\/li>\n<li><span style=\"color: #3366ff;\"><strong><a style=\"color: #3366ff;\" href=\"https:\/\/pianeta.extrawebapp.it\/formazione\/s-m-a-r-t-ict-sostenibilita-modelli-avanzati-resilienza-e-transizione-competenze-per-lavoratori-imprenditori-e-professionisti-della-filiera-ict\/sostenibilita-digitale-e-azienda-green-riprogettare-i-processi-con-lausilio-dellia-per-la-riduzione-dellimpatto-ambientale\/\">SOSTENIBILIT\u00c0 DIGITALE E AZIENDA GREEN: RIPROGETTARE I PROCESSI CON L\u2019AUSILIO DELL\u2019IA PER LA RIDUZIONE DELL\u2019IMPATTO AMBIENTALE &#8211; <\/a><a href=\"https:\/\/pianeta.extrawebapp.it\/formazione\/s-m-a-r-t-ict-sostenibilita-modelli-avanzati-resilienza-e-transizione-competenze-per-lavoratori-imprenditori-e-professionisti-della-filiera-ict\/identita-digitale-e-sicurezza-informatica-avanzata-adottare-misure-conformi-al-sistema-di-gestione-della-sicurezza-iso-27001\/\"><span style=\"color: #339966;\">ISCRIZIONI APERTE<\/span><\/a><\/strong><\/span><\/li>\n<li><span style=\"color: #3366ff;\"><strong><a style=\"color: #3366ff;\" href=\"https:\/\/pianeta.extrawebapp.it\/formazione\/s-m-a-r-t-ict-sostenibilita-modelli-avanzati-resilienza-e-transizione-competenze-per-lavoratori-imprenditori-e-professionisti-della-filiera-ict\/la-transizione-green-integrare-gli-indicatori-esg-nelle-strategie-aziendali-per-la-competitivita-sostenibile\/\">LA TRANSIZIONE GREEN: INTEGRARE GLI INDICATORI ESG NELLE STRATEGIE AZIENDALI PER LA COMPETITIVIT\u00c0 SOSTENIBILE<\/a><\/strong><\/span><\/li>\n<li><span style=\"color: #3366ff;\"><strong><a style=\"color: #3366ff;\" href=\"https:\/\/pianeta.extrawebapp.it\/formazione\/s-m-a-r-t-ict-sostenibilita-modelli-avanzati-resilienza-e-transizione-competenze-per-lavoratori-imprenditori-e-professionisti-della-filiera-ict\/pensare-la-propria-azienda-attraverso-un-toolkit-per-linnovazione-crediti-di-imposta-finanza-agevolata-e-fondi-europei\/\">PENSARE LA PROPRIA AZIENDA ATTRAVERSO UN TOOLKIT PER L\u2019INNOVAZIONE: CREDITI DI IMPOSTA, FINANZA AGEVOLATA E FONDI EUROPEI<\/a><\/strong><\/span><\/li>\n<li><span style=\"color: #3366ff;\"><strong><a style=\"color: #3366ff;\" href=\"https:\/\/pianeta.extrawebapp.it\/formazione\/s-m-a-r-t-ict-sostenibilita-modelli-avanzati-resilienza-e-transizione-competenze-per-lavoratori-imprenditori-e-professionisti-della-filiera-ict\/digital-hr-strategie-e-strumenti-efficaci-per-ricercare-selezionare-attrarre-e-fidelizzare-i-talenti-nellera-della-doppia-transizione\/\">DIGITAL HR: STRATEGIE E STRUMENTI EFFICACI PER RICERCARE, SELEZIONARE, ATTRARRE E FIDELIZZARE I TALENTI NELL\u2019ERA DELLA DOPPIA TRANSIZIONE <\/a><a style=\"color: #3366ff;\" href=\"https:\/\/pianeta.extrawebapp.it\/formazione\/s-m-a-r-t-ict-sostenibilita-modelli-avanzati-resilienza-e-transizione-competenze-per-lavoratori-imprenditori-e-professionisti-della-filiera-ict\/web-marketing-e-ia-generativa-per-la-progettazione-e-creazione-di-contenuti-nellera-della-doppia-transizione\/\">&#8211; <\/a><a href=\"https:\/\/pianeta.extrawebapp.it\/formazione\/s-m-a-r-t-ict-sostenibilita-modelli-avanzati-resilienza-e-transizione-competenze-per-lavoratori-imprenditori-e-professionisti-della-filiera-ict\/identita-digitale-e-sicurezza-informatica-avanzata-adottare-misure-conformi-al-sistema-di-gestione-della-sicurezza-iso-27001\/\"><span style=\"color: #339966;\">ISCRIZIONI APERTE<\/span><\/a><\/strong><\/span><\/li>\n<li><a href=\"https:\/\/pianeta.extrawebapp.it\/formazione\/s-m-a-r-t-ict-sostenibilita-modelli-avanzati-resilienza-e-transizione-competenze-per-lavoratori-imprenditori-e-professionisti-della-filiera-ict\/business-intelligence-avanzata-trasformare-i-dati-in-decisioni-strategiche-rapide-ed-efficaci\/\"><strong><span style=\"color: #3366ff;\">BUSINESS INTELLIGENCE AVANZATA: TRASFORMARE I DATI IN DECISIONI STRATEGICHE, RAPIDE ED EFFICACI<\/span><\/strong><\/a><\/li>\n<li><span style=\"color: #3366ff;\"><strong><a style=\"color: #3366ff;\" href=\"https:\/\/pianeta.extrawebapp.it\/formazione\/s-m-a-r-t-ict-sostenibilita-modelli-avanzati-resilienza-e-transizione-competenze-per-lavoratori-imprenditori-e-professionisti-della-filiera-ict\/strumenti-di-agile-visual-project-management-con-il-supporto-delle-tecnologie-digitali\/\">STRUMENTI DI AGILE VISUAL PROJECT MANAGEMENT CON IL SUPPORTO DELLE TECNOLOGIE DIGITALI<\/a><\/strong><\/span><\/li>\n<li><span style=\"color: #3366ff;\"><strong><a style=\"color: #3366ff;\" href=\"https:\/\/pianeta.extrawebapp.it\/formazione\/s-m-a-r-t-ict-sostenibilita-modelli-avanzati-resilienza-e-transizione-competenze-per-lavoratori-imprenditori-e-professionisti-della-filiera-ict\/dalla-formazione-allazione-dallaula-allimpresa\/\">DALLA FORMAZIONE ALL\u2019AZIONE, DALL\u2019AULA ALL\u2019IMPRESA: PERCORSO DI ACCOMPAGNAMENTO ALL\u2019INNOVAZIONE, TRANSIZIONE E COMPETITIVIT\u00c0 NELLA FILIERA SERVIZI ICT<\/a><\/strong><\/span><\/li>\n<\/ol>\n<p>&nbsp;<\/p>\n<p>Per ulteriori informazioni rivolgersi a:<\/p>\n<p>Dott.ssa Pamela Cafagna &#8211; Dott.ssa Rosa Anna Casalino<br \/>\nTel. 0547-1825179<br \/>\nE-mail:<span style=\"color: #0000ff;\">&#8211;<strong><span style=\"color: #3366ff;\"> <a style=\"color: #3366ff;\" href=\"mailto:pamela.cafagna@pianetasicurezza.it\">pamela.cafagna@pianetasicurezza.it<\/a> <\/span>&#8211; <span style=\"color: #3366ff;\"><a style=\"color: #3366ff;\" href=\"mailto:rosaanna.casalino@pianetasicurezza.it\">rosaanna.casalino@pianetasicurezza.it<\/a> <\/span><\/strong><\/span><\/p>\n<p>&nbsp;<\/p>\n<p>&nbsp;<\/p>\n<p>L\u2019Operazione \u00e8 gestita in <strong>PARTENARIATO ATTUATIVO<\/strong> secondo le disposizioni regionali, e garantisce la capillare erogazione dei corsi sul territorio regionale in 6 ambiti provinciali (FC\/RE\/BO\/MO\/PR\/RN).<\/p>\n<p><strong>Soggetti attuatori<\/strong>: LEN SOC. COOP., PIANETA SICUREZZA SRL, AIR TRAINING &amp; CONSULTING SRL, PROGETTO ULISSE SRL, NUOVA CERFORM SRL, C.F.P. ALBERTO SIMONINI.[\/vc_column_text][\/vc_column][\/vc_row][vc_row][vc_column][vc_single_image image=&#8221;10470&#8243; img_size=&#8221;full&#8221;][\/vc_column][\/vc_row]<\/p>\n<\/section>","protected":false},"excerpt":{"rendered":"<p>[vc_row][vc_column][\/vc_column][\/vc_row][vc_row type=&#8221;vc_default&#8221; gap=&#8221;35&#8243; equal_height=&#8221;yes&#8221; content_placement=&#8221;middle&#8221;][vc_column][vc_separator color=&#8221;custom&#8221; border_width=&#8221;2&#8243; accent_color=&#8221;#333333&#8243;][vc_column_text]Operazione Rif. PA 2024-23624\/RER approvata con DGR 575\/2025 del 22\/04\/2025 e realizzata grazie&hellip;<\/p>\n","protected":false},"author":6,"featured_media":0,"parent":0,"menu_order":49,"comment_status":"closed","ping_status":"closed","template":"","meta":{"_acf_changed":false,"inline_featured_image":false,"_lmt_disableupdate":"no","_lmt_disable":"","footnotes":""},"class_list":["post-10457","page","type-page","status-publish","hentry","description-off"],"acf":[],"yoast_head":"<!-- This site is optimized with the Yoast SEO plugin v21.2 - https:\/\/yoast.com\/wordpress\/plugins\/seo\/ -->\n<title>S.M.A.R.T. ICT (Sostenibilit\u00e0, Modelli Avanzati, Resilienza e Transizione): COMPETENZE PER LAVORATORI, IMPRENDITORI E PROFESSIONISTI DELLA FILIERA ICT<\/title>\n<meta name=\"robots\" content=\"index, follow, max-snippet:-1, max-image-preview:large, max-video-preview:-1\" \/>\n<link rel=\"canonical\" href=\"https:\/\/www.pianetasicurezza.it\/formazione\/s-m-a-r-t-ict-sostenibilita-modelli-avanzati-resilienza-e-transizione-competenze-per-lavoratori-imprenditori-e-professionisti-della-filiera-ict\/\" \/>\n<meta property=\"og:locale\" content=\"it_IT\" \/>\n<meta property=\"og:type\" content=\"article\" \/>\n<meta property=\"og:title\" content=\"S.M.A.R.T. ICT (Sostenibilit\u00e0, Modelli Avanzati, Resilienza e Transizione): COMPETENZE PER LAVORATORI, IMPRENDITORI E PROFESSIONISTI DELLA FILIERA ICT\" \/>\n<meta property=\"og:description\" content=\"[vc_row][vc_column][\/vc_column][\/vc_row][vc_row type=&#8221;vc_default&#8221; gap=&#8221;35&#8243; equal_height=&#8221;yes&#8221; content_placement=&#8221;middle&#8221;][vc_column][vc_separator color=&#8221;custom&#8221; border_width=&#8221;2&#8243; accent_color=&#8221;#333333&#8243;][vc_column_text]Operazione Rif. PA 2024-23624\/RER approvata con DGR 575\/2025 del 22\/04\/2025 e realizzata grazie&hellip;\" \/>\n<meta property=\"og:url\" content=\"https:\/\/www.pianetasicurezza.it\/formazione\/s-m-a-r-t-ict-sostenibilita-modelli-avanzati-resilienza-e-transizione-competenze-per-lavoratori-imprenditori-e-professionisti-della-filiera-ict\/\" \/>\n<meta property=\"og:site_name\" content=\"Formazione | Pianeta Sicurezza Srl\" \/>\n<meta property=\"article:modified_time\" content=\"2026-03-19T08:16:28+00:00\" \/>\n<meta name=\"twitter:card\" content=\"summary_large_image\" \/>\n<meta name=\"twitter:label1\" content=\"Tempo di lettura stimato\" \/>\n\t<meta name=\"twitter:data1\" content=\"3 minuti\" \/>\n<script type=\"application\/ld+json\" class=\"yoast-schema-graph\">{\"@context\":\"https:\/\/schema.org\",\"@graph\":[{\"@type\":\"WebPage\",\"@id\":\"https:\/\/www.pianetasicurezza.it\/formazione\/s-m-a-r-t-ict-sostenibilita-modelli-avanzati-resilienza-e-transizione-competenze-per-lavoratori-imprenditori-e-professionisti-della-filiera-ict\/\",\"url\":\"https:\/\/www.pianetasicurezza.it\/formazione\/s-m-a-r-t-ict-sostenibilita-modelli-avanzati-resilienza-e-transizione-competenze-per-lavoratori-imprenditori-e-professionisti-della-filiera-ict\/\",\"name\":\"S.M.A.R.T. ICT (Sostenibilit\u00e0, Modelli Avanzati, Resilienza e Transizione): COMPETENZE PER LAVORATORI, IMPRENDITORI E PROFESSIONISTI DELLA FILIERA ICT\",\"isPartOf\":{\"@id\":\"https:\/\/www.pianetasicurezza.it\/formazione\/#website\"},\"datePublished\":\"2025-07-25T06:53:46+00:00\",\"dateModified\":\"2026-03-19T08:16:28+00:00\",\"breadcrumb\":{\"@id\":\"https:\/\/www.pianetasicurezza.it\/formazione\/s-m-a-r-t-ict-sostenibilita-modelli-avanzati-resilienza-e-transizione-competenze-per-lavoratori-imprenditori-e-professionisti-della-filiera-ict\/#breadcrumb\"},\"inLanguage\":\"it-IT\",\"potentialAction\":[{\"@type\":\"ReadAction\",\"target\":[\"https:\/\/www.pianetasicurezza.it\/formazione\/s-m-a-r-t-ict-sostenibilita-modelli-avanzati-resilienza-e-transizione-competenze-per-lavoratori-imprenditori-e-professionisti-della-filiera-ict\/\"]}]},{\"@type\":\"BreadcrumbList\",\"@id\":\"https:\/\/www.pianetasicurezza.it\/formazione\/s-m-a-r-t-ict-sostenibilita-modelli-avanzati-resilienza-e-transizione-competenze-per-lavoratori-imprenditori-e-professionisti-della-filiera-ict\/#breadcrumb\",\"itemListElement\":[{\"@type\":\"ListItem\",\"position\":1,\"name\":\"Home\",\"item\":\"https:\/\/www.pianetasicurezza.it\/formazione\/\"},{\"@type\":\"ListItem\",\"position\":2,\"name\":\"S.M.A.R.T. ICT (Sostenibilit\u00e0, Modelli Avanzati, Resilienza e Transizione): COMPETENZE PER LAVORATORI, IMPRENDITORI E PROFESSIONISTI DELLA FILIERA ICT\"}]},{\"@type\":\"WebSite\",\"@id\":\"https:\/\/www.pianetasicurezza.it\/formazione\/#website\",\"url\":\"https:\/\/www.pianetasicurezza.it\/formazione\/\",\"name\":\"Formazione | Pianeta Sicurezza Srl\",\"description\":\"\",\"potentialAction\":[{\"@type\":\"SearchAction\",\"target\":{\"@type\":\"EntryPoint\",\"urlTemplate\":\"https:\/\/www.pianetasicurezza.it\/formazione\/?s={search_term_string}\"},\"query-input\":\"required name=search_term_string\"}],\"inLanguage\":\"it-IT\"}]}<\/script>\n<!-- \/ Yoast SEO plugin. -->","yoast_head_json":{"title":"S.M.A.R.T. ICT (Sostenibilit\u00e0, Modelli Avanzati, Resilienza e Transizione): COMPETENZE PER LAVORATORI, IMPRENDITORI E PROFESSIONISTI DELLA FILIERA ICT","robots":{"index":"index","follow":"follow","max-snippet":"max-snippet:-1","max-image-preview":"max-image-preview:large","max-video-preview":"max-video-preview:-1"},"canonical":"https:\/\/www.pianetasicurezza.it\/formazione\/s-m-a-r-t-ict-sostenibilita-modelli-avanzati-resilienza-e-transizione-competenze-per-lavoratori-imprenditori-e-professionisti-della-filiera-ict\/","og_locale":"it_IT","og_type":"article","og_title":"S.M.A.R.T. ICT (Sostenibilit\u00e0, Modelli Avanzati, Resilienza e Transizione): COMPETENZE PER LAVORATORI, IMPRENDITORI E PROFESSIONISTI DELLA FILIERA ICT","og_description":"[vc_row][vc_column][\/vc_column][\/vc_row][vc_row type=&#8221;vc_default&#8221; gap=&#8221;35&#8243; equal_height=&#8221;yes&#8221; content_placement=&#8221;middle&#8221;][vc_column][vc_separator color=&#8221;custom&#8221; border_width=&#8221;2&#8243; accent_color=&#8221;#333333&#8243;][vc_column_text]Operazione Rif. PA 2024-23624\/RER approvata con DGR 575\/2025 del 22\/04\/2025 e realizzata grazie&hellip;","og_url":"https:\/\/www.pianetasicurezza.it\/formazione\/s-m-a-r-t-ict-sostenibilita-modelli-avanzati-resilienza-e-transizione-competenze-per-lavoratori-imprenditori-e-professionisti-della-filiera-ict\/","og_site_name":"Formazione | Pianeta Sicurezza Srl","article_modified_time":"2026-03-19T08:16:28+00:00","twitter_card":"summary_large_image","twitter_misc":{"Tempo di lettura stimato":"3 minuti"},"schema":{"@context":"https:\/\/schema.org","@graph":[{"@type":"WebPage","@id":"https:\/\/www.pianetasicurezza.it\/formazione\/s-m-a-r-t-ict-sostenibilita-modelli-avanzati-resilienza-e-transizione-competenze-per-lavoratori-imprenditori-e-professionisti-della-filiera-ict\/","url":"https:\/\/www.pianetasicurezza.it\/formazione\/s-m-a-r-t-ict-sostenibilita-modelli-avanzati-resilienza-e-transizione-competenze-per-lavoratori-imprenditori-e-professionisti-della-filiera-ict\/","name":"S.M.A.R.T. ICT (Sostenibilit\u00e0, Modelli Avanzati, Resilienza e Transizione): COMPETENZE PER LAVORATORI, IMPRENDITORI E PROFESSIONISTI DELLA FILIERA ICT","isPartOf":{"@id":"https:\/\/www.pianetasicurezza.it\/formazione\/#website"},"datePublished":"2025-07-25T06:53:46+00:00","dateModified":"2026-03-19T08:16:28+00:00","breadcrumb":{"@id":"https:\/\/www.pianetasicurezza.it\/formazione\/s-m-a-r-t-ict-sostenibilita-modelli-avanzati-resilienza-e-transizione-competenze-per-lavoratori-imprenditori-e-professionisti-della-filiera-ict\/#breadcrumb"},"inLanguage":"it-IT","potentialAction":[{"@type":"ReadAction","target":["https:\/\/www.pianetasicurezza.it\/formazione\/s-m-a-r-t-ict-sostenibilita-modelli-avanzati-resilienza-e-transizione-competenze-per-lavoratori-imprenditori-e-professionisti-della-filiera-ict\/"]}]},{"@type":"BreadcrumbList","@id":"https:\/\/www.pianetasicurezza.it\/formazione\/s-m-a-r-t-ict-sostenibilita-modelli-avanzati-resilienza-e-transizione-competenze-per-lavoratori-imprenditori-e-professionisti-della-filiera-ict\/#breadcrumb","itemListElement":[{"@type":"ListItem","position":1,"name":"Home","item":"https:\/\/www.pianetasicurezza.it\/formazione\/"},{"@type":"ListItem","position":2,"name":"S.M.A.R.T. ICT (Sostenibilit\u00e0, Modelli Avanzati, Resilienza e Transizione): COMPETENZE PER LAVORATORI, IMPRENDITORI E PROFESSIONISTI DELLA FILIERA ICT"}]},{"@type":"WebSite","@id":"https:\/\/www.pianetasicurezza.it\/formazione\/#website","url":"https:\/\/www.pianetasicurezza.it\/formazione\/","name":"Formazione | Pianeta Sicurezza Srl","description":"","potentialAction":[{"@type":"SearchAction","target":{"@type":"EntryPoint","urlTemplate":"https:\/\/www.pianetasicurezza.it\/formazione\/?s={search_term_string}"},"query-input":"required name=search_term_string"}],"inLanguage":"it-IT"}]}},"_links":{"self":[{"href":"https:\/\/pianeta.extrawebapp.it\/formazione\/wp-json\/wp\/v2\/pages\/10457"}],"collection":[{"href":"https:\/\/pianeta.extrawebapp.it\/formazione\/wp-json\/wp\/v2\/pages"}],"about":[{"href":"https:\/\/pianeta.extrawebapp.it\/formazione\/wp-json\/wp\/v2\/types\/page"}],"author":[{"embeddable":true,"href":"https:\/\/pianeta.extrawebapp.it\/formazione\/wp-json\/wp\/v2\/users\/6"}],"replies":[{"embeddable":true,"href":"https:\/\/pianeta.extrawebapp.it\/formazione\/wp-json\/wp\/v2\/comments?post=10457"}],"version-history":[{"count":25,"href":"https:\/\/pianeta.extrawebapp.it\/formazione\/wp-json\/wp\/v2\/pages\/10457\/revisions"}],"predecessor-version":[{"id":10827,"href":"https:\/\/pianeta.extrawebapp.it\/formazione\/wp-json\/wp\/v2\/pages\/10457\/revisions\/10827"}],"wp:attachment":[{"href":"https:\/\/pianeta.extrawebapp.it\/formazione\/wp-json\/wp\/v2\/media?parent=10457"}],"curies":[{"name":"wp","href":"https:\/\/api.w.org\/{rel}","templated":true}]}}